{"id":5734,"date":"2020-12-04T16:58:04","date_gmt":"2020-12-04T16:58:04","guid":{"rendered":"https:\/\/soleilsky.com.tr\/shop\/?post_type=product&#038;p=5734"},"modified":"2020-12-04T17:02:44","modified_gmt":"2020-12-04T17:02:44","slug":"lexar-jumpdrive-v40-64-gb-usb-2-0-flash-bellek-2","status":"publish","type":"product","link":"https:\/\/soleilsky.com.tr\/shop\/urun\/lexar-jumpdrive-v40-64-gb-usb-2-0-flash-bellek-2\/","title":{"rendered":"Lexar Jumpdrive V40 64 GB USB 2.0 Flash Bellek"},"content":{"rendered":"<h2 class=\"sub-title\">Lexar Jumpdrive V40 LJDV40-64GABEU 64 GB Usb 2.0 Flash Bellek<\/h2>\n<div class=\"item left\">\n<figure><img decoding=\"async\" src=\"https:\/\/n11scdn3.akamaized.net\/a1\/org\/12\/60\/39\/33\/14299087.jpg\" \/><\/figure>\n<h3 class=\"sub-title\">\nStilinizi Yans\u0131tan \u015e\u0131k Tasar\u0131m<\/h3>\n<p>Flash bellek \u015f\u0131k bir tasar\u0131ma sahiptir. Kendine has \u00e7izgileri ile \u00f6zg\u00fcn bir stile sahip olan cihaz\u0131n ideal boyutlar\u0131, kullan\u0131m ve saklama kolayl\u0131\u011f\u0131 sa\u011flar.<\/p>\n<h3 class=\"sub-title\">\nBelgelerinizi G\u00fcvende Tutan Dayan\u0131kl\u0131 Yap\u0131<\/h3>\n<p>\u00d6zel belgelerinizi muhafaza edebilen flash bellek, dayan\u0131kl\u0131d\u0131r. 64 GB depolama kapasitesine sahip olan cihaz, yedekledi\u011finiz belgeleriniz g\u00fcvenle bellekte tutar.<\/p>\n<h3 class=\"sub-title\">\nVeri Transferi ve Depolama G\u00fcvenli\u011fi<\/h3>\n<p>Flash bellek foto\u011fraf, belge ve video i\u00e7erikleri depolama konusunda g\u00fcvenilir platform sunar. Dosya transferini g\u00fcvenli hale getiren cihaz, en \u00f6zel belgelerin saklanmas\u0131 i\u00e7in aranan g\u00fcvenli performans\u0131 sunmay\u0131 ba\u015far\u0131r.<\/p>\n<div class=\"item right\">\n<figure>\n<img decoding=\"async\" src=\"https:\/\/n11scdn3.akamaized.net\/a1\/org\/11\/48\/42\/58\/53863775.jpg\" \/><\/figure>\n<h3 class=\"sub-title\">\nPC \u0130\u015fletim Sistemlerine Tam Uyumluluk<\/h3>\n<p>Dijital cihazlarda kullan\u0131lan i\u015fletim sistemleri ile uyumluluk ad\u0131na \u00f6zel olarak geli\u015ftirilen flash bellek, en \u00e7ok kullan\u0131lan cihazlar ile uyumludur. PC ve MAC sistemleri ile uyumlu olan flash belle\u011fi herhangi bir sorun ya\u015famadan depolama ve transfer ayg\u0131t\u0131 olarak kullanabilirsiniz.<\/p>\n<h3 class=\"sub-title\">\nSaniyede 480 Mbit Veri \u0130letim H\u0131z\u0131 Sa\u011flayan USB 2.0 Teknolojisi<\/h3>\n<p>Cihaz USB 2.0 uyumludur. USB 1.1 standart portlarda da kullan\u0131ma uygun olan flash bellek, saniyede 480 Mbit veri \u00fcreterek USB 1.1\u2019e g\u00f6re yakla\u015f\u0131k 40 kat y\u00fcksek veri iletim h\u0131z\u0131na sahiptir.<\/p>\n<h3 class=\"sub-title\">\nLexar Tesislerinden Ge\u00e7irilen Kapsaml\u0131 Kalite Testleri<\/h3>\n<p>\u00dcretici firma taraf\u0131ndan \u00e7ok say\u0131da teste tabi tutulan flash bellek, 1100\u2019den fazla dijital cihazda kapsaml\u0131 testlere tabi tutulur.<\/p>\n<\/div>\n<\/div>\n","protected":false},"excerpt":{"rendered":"<h1 class=\"proName\">Lexar Jumpdrive V40 LJDV40-64GABEU 64 GB Usb 2.0 Flash Bellek<\/h1>\n","protected":false},"featured_media":5736,"comment_status":"open","ping_status":"closed","template":"","meta":[],"product_cat":[281],"product_tag":[282,283,285,273,284],"_links":{"self":[{"href":"https:\/\/soleilsky.com.tr\/shop\/wp-json\/wp\/v2\/product\/5734"}],"collection":[{"href":"https:\/\/soleilsky.com.tr\/shop\/wp-json\/wp\/v2\/product"}],"about":[{"href":"https:\/\/soleilsky.com.tr\/shop\/wp-json\/wp\/v2\/types\/product"}],"replies":[{"embeddable":true,"href":"https:\/\/soleilsky.com.tr\/shop\/wp-json\/wp\/v2\/comments?post=5734"}],"wp:featuredmedia":[{"embeddable":true,"href":"https:\/\/soleilsky.com.tr\/shop\/wp-json\/wp\/v2\/media\/5736"}],"wp:attachment":[{"href":"https:\/\/soleilsky.com.tr\/shop\/wp-json\/wp\/v2\/media?parent=5734"}],"wp:term":[{"taxonomy":"product_cat","embeddable":true,"href":"https:\/\/soleilsky.com.tr\/shop\/wp-json\/wp\/v2\/product_cat?post=5734"},{"taxonomy":"product_tag","embeddable":true,"href":"https:\/\/soleilsky.com.tr\/shop\/wp-json\/wp\/v2\/product_tag?post=5734"}],"curies":[{"name":"wp","href":"https:\/\/api.w.org\/{rel}","templated":true}]}}