{"id":5739,"date":"2020-12-05T06:50:17","date_gmt":"2020-12-05T06:50:17","guid":{"rendered":"https:\/\/soleilsky.com.tr\/shop\/?post_type=product&#038;p=5739"},"modified":"2021-01-30T14:46:00","modified_gmt":"2021-01-30T14:46:00","slug":"lexar-jumpdrive-usb-3-1-m35-32gb","status":"publish","type":"product","link":"https:\/\/soleilsky.com.tr\/shop\/urun\/lexar-jumpdrive-usb-3-1-m35-32gb\/","title":{"rendered":"Lexar JumpDrive USB 3.1 M35 32GB"},"content":{"rendered":"<p><strong>Lexar 32GB JumpDrive M35 Usb 3.0 100MB\/s Usb Bellek<\/strong><\/p>\n<p>&nbsp;<\/p>\n<p>Lexar 32GB JumpDrive M35 Usb 3.0 100MB\/s Usb Bellek, verilerinizi her zaman g\u00fcvenli \u015fekilde depolaman\u0131z\u0131 ve saklaman\u0131z\u0131 sa\u011flar.<\/p>\n<p>Flash s\u00fcr\u00fcc\u00fcn\u00fcn metal kasas\u0131 daha fazla dayan\u0131kl\u0131l\u0131k sa\u011flarken ayn\u0131 zamanda \u015f\u0131k ve zarif bir g\u00f6r\u00fcn\u00fcm sunar.<\/p>\n<p>Lexar 32GB JumpDrive M35, 150 MB \/ sn&#8217;ye varan okuma h\u0131z\u0131na sahiptir. Bu h\u0131z, dosyalar\u0131n\u0131z\u0131, foto\u011fraflar\u0131n\u0131z\u0131 ve videolar\u0131n\u0131z\u0131 \u00e7ok k\u0131sa s\u00fcrede h\u0131zl\u0131 bir \u015fekilde aktarabilmenizi sa\u011flar.<\/p>\n<p>Lexar 32GB JumpDrive M35, USB 3.0 bir cihazd\u0131r ancak USB 2.0 cihazlar\u0131yla da uyumludur.<\/p>\n<p>Lexar JumpDrive Flash S\u00fcr\u00fcc\u00fc\u2019n\u00fcn \u00fczerinde yer alan kancas\u0131n\u0131 kullanarak, flash belle\u011finizi anahtarl\u0131\u011f\u0131n\u0131za takabilir ve bu \u015fekilde her gitti\u011finiz yerde yan\u0131n\u0131zda kolayca ta\u015f\u0131yabilirsiniz.<\/p>\n<p>JumpDrive M35, 256-bit AES \u015fifrelemeli geli\u015fmi\u015f bir g\u00fcvenlik sistemine sahiptir. Bu \u015fifreleme sistemi ile dosyalar\u0131n\u0131z\u0131 gizli tutabilirsiniz. Ayr\u0131ca bu sistem, dosyalar\u0131n\u0131z\u0131 kazara silinmelere ya da bozulmalara kar\u015f\u0131 koruman\u0131za da yard\u0131mc\u0131 olur.<\/p>\n<p>Lexar \u00fcr\u00fcnlerinin tamam\u0131, performans, kalite, uyumluluk ve g\u00fcvenilirli\u011fi sa\u011flamak i\u00e7in Lexar Kalite Laboratuvarlar\u0131\u2019nda, 1.100&#8217;den fazla dijital cihaz i\u00e7eren tesislerde kapsaml\u0131 testlere tabi tutulur.<\/p>\n","protected":false},"excerpt":{"rendered":"<h1 class=\"product-title\">Lexar 32GB JumpDrive M35 Usb 3.1 100MB\/s Usb Bellek<\/h1>\n","protected":false},"featured_media":5742,"comment_status":"open","ping_status":"closed","template":"","meta":[],"product_cat":[281],"product_tag":[282,283,285,273,284],"_links":{"self":[{"href":"https:\/\/soleilsky.com.tr\/shop\/wp-json\/wp\/v2\/product\/5739"}],"collection":[{"href":"https:\/\/soleilsky.com.tr\/shop\/wp-json\/wp\/v2\/product"}],"about":[{"href":"https:\/\/soleilsky.com.tr\/shop\/wp-json\/wp\/v2\/types\/product"}],"replies":[{"embeddable":true,"href":"https:\/\/soleilsky.com.tr\/shop\/wp-json\/wp\/v2\/comments?post=5739"}],"wp:featuredmedia":[{"embeddable":true,"href":"https:\/\/soleilsky.com.tr\/shop\/wp-json\/wp\/v2\/media\/5742"}],"wp:attachment":[{"href":"https:\/\/soleilsky.com.tr\/shop\/wp-json\/wp\/v2\/media?parent=5739"}],"wp:term":[{"taxonomy":"product_cat","embeddable":true,"href":"https:\/\/soleilsky.com.tr\/shop\/wp-json\/wp\/v2\/product_cat?post=5739"},{"taxonomy":"product_tag","embeddable":true,"href":"https:\/\/soleilsky.com.tr\/shop\/wp-json\/wp\/v2\/product_tag?post=5739"}],"curies":[{"name":"wp","href":"https:\/\/api.w.org\/{rel}","templated":true}]}}