{"id":5747,"date":"2020-12-12T11:19:26","date_gmt":"2020-12-12T11:19:26","guid":{"rendered":"https:\/\/soleilsky.com.tr\/shop\/?post_type=product&#038;p=5747"},"modified":"2021-07-06T08:56:24","modified_gmt":"2021-07-06T08:56:24","slug":"gopro-max","status":"publish","type":"product","link":"https:\/\/soleilsky.com.tr\/shop\/urun\/gopro-max\/","title":{"rendered":"GoPro MAX"},"content":{"rendered":"<p>Gopro Max<\/p>\n<div class=\"container contain-lg-5 contain-md-4 contain-sm-5\">\n<div class=\"row\">\n<div class=\"col lg-5 md-5 sm-5\"><img decoding=\"async\" src=\"https:\/\/images.hepsiburada.net\/assets\/Outdoor\/ProductDesc\/HBV00000P7POI.jpg\" \/><\/div>\n<\/div>\n<div class=\"desc-video\" data-video=\"https:\/\/images.hepsiburada.net\/assets\/videos\/ProductVideos\/HBV00000P7POI.mp4\">\n<div class=\"trigger-video\"><\/div>\n<\/div>\n<p><b>3 kamera bir arada.<\/b>\u00a0Kusursuz stabilizasyon ile geleneksel HERO stili videolar, s\u00fcr\u00fckleyici 360 g\u00f6r\u00fcnt\u00fcler ve bir Profesyonel gibi vloglar kaydedin. \u015eimdiye kadarki en yarat\u0131c\u0131 GoPro olan MAX&#8217;a yol a\u00e7\u0131n. Kayd\u0131rmak zorunda kalmadan panoramik \u00e7ekimler yap\u0131n.Bir dijital lens se\u00e7in en iyi 360 g\u00f6r\u00fcnt\u00fclerini ve \u015fimdiye kadar sahip oldu\u011fumuz en iyi stereo ses kay\u0131tlar\u0131n\u0131 kaydedin.<\/p>\n<p>MAX ile geleneksel HERO stili video ve foto\u011fraflar \u00e7ekebilir veya s\u00fcr\u00fckleyici 360 g\u00f6r\u00fcnt\u00fcler kaydedebilirsiniz. G\u00fc\u00e7l\u00fc mikrofon performans\u0131 ve \u00f6ne bakan ekran\u0131yla Vlog \u00e7ekimlerinizde \u00fcst limitleri zorlay\u0131n.<\/p>\n<p><b>Max HyperSmooth<\/b><br \/>\nYeni stabilizasyon amiraline merhaba deyin. Max HyperSmooth bir GoPro&#8217;dan alabilece\u011finiz \u015fimdiye kadarki en sars\u0131nt\u0131s\u0131z \u00e7ekimi sunar. Ve ne zaman isterniz oyun de\u011fi\u015ftiren ufuk seviyesi koruma \u00f6zelli\u011finiz var.<\/p>\n<p><b>Dijital Lensler<\/b><br \/>\nHer ne \u00e7ekmek istiyorsan\u0131z, en iyi bak\u0131\u015f a\u00e7\u0131s\u0131n\u0131 yakalamak i\u00e7in sadece d\u00f6rt lens aras\u0131nda se\u00e7im yap\u0131n: Narrow, Linear, Wide ve Max SuperView- \u015fimdiye kadar sundu\u011fumuz en geni\u015f bak\u0131\u015f a\u00e7\u0131s\u0131.<\/p>\n<p><b>Yeniden Kadrajla<\/b><br \/>\nGoPro app ile, 360 g\u00f6r\u00fcnt\u00fclerinizi kolayca geleneksel video ve foto\u011fraflara d\u00f6n\u00fc\u015ft\u00fcr\u00fcn. Oynat\u0131n, d\u00fczenleyin ve payla\u015f\u0131n &#8211; hepsi telefonunuzdan.<\/p>\n<p><b>PowerPano<\/b><br \/>\nUfuk taramas\u0131 yapmadan 270\u00b0 bozulmayan panoramik foto\u011fraflar \u00e7ekin. PowerPano \u00f6z\u00e7ekimleri, hareketli \u00e7ekimleri ve dikey foto\u011fraflar\u0131 \u00e7ekin &#8211; hepsi do\u011frusal bir ufukta.<\/p>\n<p><b>G\u00fc\u00e7l\u00fc mikrofon performans\u0131<\/b><br \/>\nAlt\u0131! Evet alt\u0131 dahili mikrofon kombinasyonu 360 ses, do\u011frudan ses ve \u015fimdiye kadarki en iyi stereo sesi yakalamak i\u00e7in bir araya geliyor.<\/p>\n<p><b>Max TimeWarp<\/b><br \/>\nB\u00fcy\u00fcleyici, \u015fa\u015f\u0131rt\u0131c\u0131 derecede p\u00fcr\u00fczs\u00fcz hareketlerle zaman atlamal\u0131 videolar olu\u015fturun. Ayr\u0131ca kay\u0131t s\u0131ras\u0131nda ve ger\u00e7ek zamanl\u0131 olarak devre d\u0131\u015f\u0131 b\u0131rak\u0131p geri alabilirsiniz.<\/p>\n<p><b>Dayan\u0131kl\u0131 ve su ge\u00e7irmez<\/b><br \/>\nO dayan\u0131kl\u0131 \u00fcretilmi\u015f bir GoPro. Ger\u00e7ekten \u00e7ok sert mi olacaks\u0131n? Dahil koruyucu lenslerini tak ve g\u00f6ster kendini. Ayn\u0131 zamanda 16ft (5m) &#8216;ye kadar su ge\u00e7irmez.<\/p>\n<p><b>GoPro Uygulamas\u0131<\/b><br \/>\nKaydet. D\u00fczenle. Payla\u015f. Tekrar Et. GoPro uygulamas\u0131 otomatik olarak harika d\u00fczenlemeler olu\u015fturur ve bunlar\u0131 payla\u015fmay\u0131 kolayla\u015ft\u0131r\u0131r.<\/p>\n<p><b>Sesle Kontrol<\/b><br \/>\nElleriniz me\u015fgul m\u00fc? Sadece &#8220;GoPro, start recording&#8221; ya da &#8220;GoPro take a photo&#8221; gibi di\u011fer 13 sesli komuttan birini s\u00f6yleyin.<\/p>\n<p>D\u00fcnya genelinde aksiyon ve macera tutkunlar\u0131 i\u00e7in ta\u015f\u0131nabilir mini kamera modelleri geli\u015ftiren GoPro markas\u0131n\u0131n sundu\u011fu Gopro Max dikkatleri \u00fczerine topluyor. Y\u00fcksek kamera \u00e7\u00f6z\u00fcn\u00fcrl\u00fc\u011f\u00fc ile m\u00fckemmel foto\u011fraf ve videolara kap\u0131 aralayan GoPro Max modeli, i\u015flevsel \u00f6zellikleri ve donan\u0131msal g\u00fcc\u00fc ile ba\u015far\u0131y\u0131 elden b\u0131rakm\u0131yor. Dayan\u0131kl\u0131 g\u00f6vdesi, su ge\u00e7irmez \u00f6zelli\u011fi ve ideal boyutlar\u0131yla tercih sebebi olan ta\u015f\u0131nabilir kamera modeli, modern \u00e7izgilerle donat\u0131lm\u0131\u015f \u015f\u0131k tasar\u0131m\u0131 ile b\u00fcy\u00fck be\u011feni kazan\u0131yor. Teknolojik \u00fcr\u00fcnleriyle g\u00fcndelik hayat\u0131n hemen her alan\u0131na \u00e7e\u015fitli \u00e7\u00f6z\u00fcmler sunan Hepsiburada.com arac\u0131l\u0131\u011f\u0131yla GoPro Max model mini kameralar\u0131 inceleyebilir ve size en uygun olan\u0131n\u0131 kolayca temin edebilirsiniz.<\/p>\n<p><strong>Ola\u011fan\u00fcst\u00fc Kalite Foto\u011fraf ve Videolar\u0131n Kayna\u011f\u0131 GoPro Max 4K Aksiyon Kameras\u0131<\/strong><\/p>\n<ul>\n<li>K\u00fcboid tasar\u0131mla sunulan GoPro Max aksiyon kameras\u0131n\u0131n her iki taraf\u0131nda da kamera bulunur. 360 derece \u00e7ekim yapabilme \u00f6zelli\u011fine sahip kamera, VR (k\u00fcresel \u00e7ekim) yapabilme i\u015flevi ile de dikkatleri \u00fczerinde toplar. Max HyperSmooth teknolojisi ile birlikte gelen kamera, g\u00f6r\u00fcnt\u00fcy\u00fc bozan t\u00fcm sars\u0131nt\u0131lar\u0131 elimine eder.<\/li>\n<li>Tek bir haf\u0131za kart\u0131yla da \u00e7al\u0131\u015fabilen \u00e7ift kart yuval\u0131 aksiyon kameras\u0131, micro SDXC, micro SDHC veya micro SD kart t\u00fcrlerini destekler. 128 GB kapasiteye kadar kullan\u0131labilen GoPro Max, geni\u015f depolama avantaj\u0131yla g\u00fcn boyu kullan\u0131m vadeder. Max TimeWrap \u00f6zelli\u011fi ise kullan\u0131c\u0131lar\u0131n zaman atlamal\u0131 videolar \u00e7ekmelerini m\u00fcmk\u00fcn k\u0131lar.<\/li>\n<li>Li-Ion (Lityum-\u0130yon) t\u00fcr\u00fcnde batarya ile \u00e7al\u0131\u015fan ta\u015f\u0131nabilir mini kamera modeli, 1600 mAh pil kapasitesiyle kullan\u0131c\u0131lar\u0131 memnun eder. USB Type-C (3.2 Gen 1) teknolojisini destekleyen GoPro Max kamera, USB kablo ile kolayca \u015farj edilebilirken ayn\u0131 zamanda veri aktar\u0131m\u0131 da yap\u0131labilir.<\/li>\n<li>G\u00f6z k\u0131rpma, g\u00fcl\u00fcmseme ve y\u00fcz alg\u0131lama gibi odaklama \u00f6zelliklerine sahip mini kamera, dijital g\u00f6r\u00fcnt\u00fc sabitleme teknolojisiyle daha net foto\u011fraf ve video \u00e7ekimi yapar. Gece manzara, 270 derece panorama ve spor gibi farkl\u0131 modlar\u0131 bulunan GoPro Max \u00e7ok y\u00f6nl\u00fc kullan\u0131labilir.<\/li>\n<li>64 mm geni\u015flik, 69 mm y\u00fckseklik ve 40 mm derinlik \u00f6l\u00e7\u00fclerine sahip GoPro Max, 163 gr a\u011f\u0131rl\u0131\u011f\u0131yla kolayca ta\u015f\u0131n\u0131r. Toza kar\u015f\u0131 dayan\u0131kl\u0131 olan kamera modeli, 5 metreye kadar da su ge\u00e7irmez. \u00c7arpma ve d\u00fc\u015fmelere kar\u015f\u0131 sa\u011flamla\u015ft\u0131r\u0131lm\u0131\u015f kamera uzun soluklu kullan\u0131m sa\u011flar.<\/li>\n<li>GoPro Max\u2019\u0131n \u00f6n taraf\u0131nda bulunan LCD ekran, dokunmatik kontrol avantaj\u0131yla kullan\u0131c\u0131lara macera dolu sporlar yaparken kullan\u0131m kolayl\u0131\u011f\u0131 sa\u011flar. Ayr\u0131ca b\u00fcnyesinde \u00e7evresel d\u00e2hili mikrofon bar\u0131nd\u0131ran kamera modeli, 13 adet sesli komutla kontrol \u00f6zelli\u011fini destekler.<\/li>\n<\/ul>\n<p><strong>GoPro Max 360 4K Aksiyon Kameras\u0131<\/strong>\u00a0<strong>Teknik \u00d6zellikleri<\/strong><\/p>\n<ul>\n<li><strong>Sens\u00f6r:\u00a0<\/strong>2 Adet 1\/2,3 in\u00e7 CMOS ve 16 MP Etkin Piksel<\/li>\n<li><strong>ISO De\u011ferleri:\u00a0<\/strong>En D\u00fc\u015f\u00fck 100 ve En Y\u00fcksek 6400<\/li>\n<li><strong>Video \u00c7\u00f6z\u00fcn\u00fcrl\u00fc\u011f\u00fc:\u00a0<\/strong>Maksimum 4992 x 2496 Piksel (5K \/ 30 fps)<\/li>\n<li><strong>Enstantane:<\/strong>\u00a01\/50000 sn (D\u00fc\u015f\u00fck) ve 1\/2 sn (Y\u00fcksek)<\/li>\n<li><strong>G\u00f6r\u00fc\u015f A\u00e7\u0131s\u0131<\/strong>: 360 Derece<\/li>\n<\/ul>\n<p><strong>GoPro Max 360 Waterproof\u00a04K\u00a0Kutu \u0130\u00e7eri\u011fi<\/strong><\/p>\n<ul>\n<li>GoPro MAX Kamera<\/li>\n<li>\u015earj Edilebilir Pil<\/li>\n<li>Kavisli Yap\u0131\u015ft\u0131r\u0131c\u0131<\/li>\n<li>2 adet Koruyucu Lensler<\/li>\n<li>2 adet Lens Kapa\u011f\u0131<\/li>\n<li>Mikrofiber \u00c7anta<\/li>\n<li>Montaj Tokas\u0131<\/li>\n<li>USB-C Kablosu<\/li>\n<li>Ba\u015fparmak Vida<\/li>\n<li>Art\u0131 64 GB Kapasiteli SD Kart<\/li>\n<\/ul>\n<p><strong>Aksiyon Kamera Sekt\u00f6r\u00fcn\u00fcn \u00d6nc\u00fcs\u00fc GoPro<\/strong><\/p>\n<p>Nick Woodman taraf\u0131nda Amerika Birle\u015fik Devletleri\u2019nde kurulan GoPro firmas\u0131, yapt\u0131\u011f\u0131 ara\u015ft\u0131rma ve geli\u015ftirme \u00e7al\u0131\u015fmalar\u0131 sonucunda kullan\u0131c\u0131lara sundu\u011fu ta\u015f\u0131nabilir mini kameralar\u0131yla b\u00fcy\u00fck be\u011feni kazanm\u0131\u015ft\u0131r. 2002 y\u0131l\u0131ndan bu yana faaliyetlerine devam eden teknoloji firmas\u0131, geli\u015ftirdi\u011fi mobil uygulama ve video d\u00fczenleme yaz\u0131l\u0131mlar\u0131yla da t\u00fcm ihtiya\u00e7lar\u0131 kar\u015f\u0131lamay\u0131 hedeflemektedir.<\/p>\n<p><strong>Macerasever Sporcular\u0131n G\u00f6zdesi GoPro Max<\/strong><\/p>\n<p>Suya, toza ve darbelere kar\u015f\u0131 koruma sa\u011flayan GoPro Max aksiyon kameras\u0131, \u00f6zellikle trekking, dal\u0131\u015f, kayak gibi do\u011fa sporlar\u0131 yapanlara \u00f6nerilir. Video blog \u00e7ekenlerin de s\u0131k s\u0131k tercih etti\u011fi kamera modelini, ayn\u0131 zamanda trafikte motosiklet ile ilerleyenler g\u00fcvenlik ama\u00e7l\u0131 da kullanabilir.<\/p>\n<\/div>\n","protected":false},"excerpt":{"rendered":"<h1><strong>GoPro\u00a0Max 360 Kamera Siyah<\/strong><\/h1>\n","protected":false},"featured_media":5752,"comment_status":"open","ping_status":"closed","template":"redux-templates_canvas","meta":[],"product_cat":[319],"product_tag":[325,322,324,323,320,321],"_links":{"self":[{"href":"https:\/\/soleilsky.com.tr\/shop\/wp-json\/wp\/v2\/product\/5747"}],"collection":[{"href":"https:\/\/soleilsky.com.tr\/shop\/wp-json\/wp\/v2\/product"}],"about":[{"href":"https:\/\/soleilsky.com.tr\/shop\/wp-json\/wp\/v2\/types\/product"}],"replies":[{"embeddable":true,"href":"https:\/\/soleilsky.com.tr\/shop\/wp-json\/wp\/v2\/comments?post=5747"}],"wp:featuredmedia":[{"embeddable":true,"href":"https:\/\/soleilsky.com.tr\/shop\/wp-json\/wp\/v2\/media\/5752"}],"wp:attachment":[{"href":"https:\/\/soleilsky.com.tr\/shop\/wp-json\/wp\/v2\/media?parent=5747"}],"wp:term":[{"taxonomy":"product_cat","embeddable":true,"href":"https:\/\/soleilsky.com.tr\/shop\/wp-json\/wp\/v2\/product_cat?post=5747"},{"taxonomy":"product_tag","embeddable":true,"href":"https:\/\/soleilsky.com.tr\/shop\/wp-json\/wp\/v2\/product_tag?post=5747"}],"curies":[{"name":"wp","href":"https:\/\/api.w.org\/{rel}","templated":true}]}}