{"id":5757,"date":"2020-12-12T11:25:28","date_gmt":"2020-12-12T11:25:28","guid":{"rendered":"https:\/\/soleilsky.com.tr\/shop\/?post_type=product&#038;p=5757"},"modified":"2021-07-06T08:55:43","modified_gmt":"2021-07-06T08:55:43","slug":"gopro-hero9","status":"publish","type":"product","link":"https:\/\/soleilsky.com.tr\/shop\/urun\/gopro-hero9\/","title":{"rendered":"GoPro HERO9"},"content":{"rendered":"<div class=\"clearfix row tCol2\">\n<div class=\"right padding\">\n<h5><strong>GOPRO HERO 9 BLACK 5K<\/strong><\/h5>\n<h5><strong>AKS\u0130YON KAMERA<\/strong><\/h5>\n<h5><\/h5>\n<div><span class=\"c1\">HERO9 Black, 5 K videolar ve 20 MP foto\u011fraflar i\u00e7in\u00a0m\u00fcthi\u015f bir 23,6 MP sens\u00f6re sahiptir. Yeni \u00f6n ekran,\u00a0dokunmatik zumlamaya sahip arka dokunmatik ekran,\u00a0%30 daha fazla batarya \u00f6mr\u00fc\u00a0ve HyperSmooth 3.0 ile\u00a0sevdi\u011finiz \u015feyleri \u00e7ekmenin tad\u0131na var\u0131n.<\/span><\/div>\n<\/div>\n<\/div>\n<div class=\"clearfix\">\n<div class=\"clearfix row tText\">\n<div class=\"dText full text\">\n<h5><span class=\"c1\"><strong>\u00d6ZELL\u0130KLER + FAYDALAR<\/strong><\/span><\/h5>\n<h5><strong>5K Video<\/strong><\/h5>\n<h5>Zumlarken bile \u00f6nemli detaylar\u0131 koruyarak m\u00fckemmel 5 K\u00a0\u00e7\u00f6z\u00fcn\u00fcrl\u00fckl\u00fc \u00e7arp\u0131c\u0131 videolar \u00e7ekin. \u00d6nemli bir g\u00fc\u00e7 merkezi olan\u00a0yeni 23,6 MP sens\u00f6r\u00fcne sahip HERO9 Black, ger\u00e7e\u011fe yak\u0131n g\u00f6r\u00fcnt\u00fc\u00a0netli\u011fi, ak\u0131c\u0131 hareket ve her zaman etkileyici olan kamera i\u00e7i ufuk\u00a0d\u00fczle\u015ftirme \u00f6zelli\u011fi sunar.<\/h5>\n<h5><\/h5>\n<h5><strong>Ufuk D\u00fczle\u015ftirme<\/strong><\/h5>\n<h5>Yeni Do\u011frusal + Ufuk D\u00fczle\u015ftirme dijital lens ile kamera i\u00e7i ufuk\u00a0d\u00fczle\u015ftirme (%45&#8217;e kadar e\u011fim) art\u0131k m\u00fcmk\u00fcn, \u00e7ekimlerinizin sabit ve\u00a0d\u00fcz kalmas\u0131na yard\u0131mc\u0131 oluyor.<\/h5>\n<h5><\/h5>\n<h5><strong>SuperPhoto ile 20MP Foto\u011fraf<\/strong><\/h5>\n<h5>20 MP netlikte canl\u0131, profesyonel kalitede foto\u011fraflar \u00e7ekin. Ve\u00a0SuperPhoto ile HERO9 Black sizin i\u00e7in en iyi g\u00f6r\u00fcnt\u00fc i\u015flemeyi<br \/>\notomatik olarak se\u00e7ebilir, bu nedenle \u00e7ekimi yapmak \u00e7ok kolayd\u0131r.<\/h5>\n<h5><\/h5>\n<h5><strong>TimeWarp 3.0<\/strong><\/h5>\n<h5>Yolda, y\u00fcr\u00fcyerek veya ba\u015fka herhangi bir yerde ilerlerken b\u00fcy\u00fcleyici\u00a0h\u0131zland\u0131r\u0131lm\u0131\u015f sahneleri kaydedin. TimeWarp 3.0 zaman\u0131<br \/>\nyo\u011funla\u015ft\u0131rarak ba\u015fka hi\u00e7bir \u015feye benzemeyen anlar\u0131 yakalar. H\u0131z\u00a0Art\u0131rma, kay\u0131t s\u0131ras\u0131nda Ger\u00e7ek H\u0131z\u0131 (art\u0131k sesli) veya Yar\u0131m H\u0131z\u0131<br \/>\nse\u00e7menize izin veren yeni bir \u00f6zelliktir.<\/h5>\n<h5><\/h5>\n<h5><strong>Geni\u015fletilebilir Mod Sistemi<\/strong><\/h5>\n<h5>HERO9 Black modlar\u0131\u00a0ile se\u00e7enekleriniz haz\u0131r. Ufuk kilitli \u00e7ekim\u00a0g\u00f6r\u00fcnt\u00fcs\u00fc ve kusursuz sabitleme sa\u011flayan bir lens mi istiyorsunuz?<br \/>\nMaks Lens Moduna Al\u0131n. Nesnenizi ayd\u0131nlatmak m\u0131 istiyorsunuz? I\u015f\u0131k\u00a0Modu bunun i\u00e7in uygundur. Mikrofon ve daha fazla ba\u011flant\u0131 m\u0131\u00a0istiyorsunuz? Medya Modunu ekleyin ve donan\u0131m\u0131n\u0131z\u0131 \u00f6zelle\u015ftirin.<\/h5>\n<h5><\/h5>\n<h5><strong>Sezgisel Dokunmatik Ekran<\/strong><\/h5>\n<h5>S\u0131k\u0131nt\u0131s\u0131z \u00e7al\u0131\u015fan bir operat\u00f6r olun. Dokunmatik ekranla kameran\u0131z\u0131\u00a0kontrol etmek kolayd\u0131r. Veya HERO modunda \u00e7ekiminizi kadrajlay\u0131n,\u00a0g\u00f6r\u00fcnt\u00fcleri oynat\u0131n ve bir selfie \u00e7ekin.<\/h5>\n<h5><\/h5>\n<h5><strong>Yerle\u015fik Montaj<\/strong><\/h5>\n<h5>Art\u0131k ayr\u0131 bir \u00e7er\u00e7eve ta\u015f\u0131maya gerek yok. Folding fingers&#8217;\u0131\u00a0\u00e7evirin, kameran\u0131z\u0131 herhangi bir yuvaya tak\u0131n ve devam edin.<\/h5>\n<h5><\/h5>\n<h5><strong>1080p&#8217;de Canl\u0131 Ak\u0131\u015f<\/strong><\/h5>\n<h5>Sosyal medyada 1080p&#8217;de canl\u0131 yay\u0131n yap\u0131n, GoPro uygulamas\u0131\u00a0arac\u0131l\u0131\u011f\u0131yla yay\u0131n yaparken HyperSmooth stabilizasyonu elde edin ve\u00a0daha sonra kontrol etmek i\u00e7in g\u00f6r\u00fcnt\u00fcleri SD kart\u0131n\u0131za kaydedin.<\/h5>\n<h5><\/h5>\n<h5><strong>\u00d6n Ekran + Arka Dokunmatik Ekran<\/strong><\/h5>\n<h5>HERO9 Black&#8217;de dokunmatik zumlamal\u0131 yeni, daha b\u00fcy\u00fck bir arka\u00a0dokunmatik ekran size tan\u0131d\u0131k gelecek. G\u00f6z kama\u015ft\u0131r\u0131c\u0131 yeni \u00f6n<br \/>\nekran, kolay kadrajlama ve sezgisel kamera kontrol\u00fc sa\u011flar.<\/h5>\n<h5><\/h5>\n<h5><strong>Webcam Modu<\/strong><\/h5>\n<h5>1080p full HD yay\u0131n yapmak i\u00e7in HERO9 Black cihaz\u0131n\u0131z\u0131\u00a0bilgisayar\u0131n\u0131za ba\u011flay\u0131n. \u0130deal web kameras\u0131 kurulumunuzu\u00a0olu\u015fturmak i\u00e7in GoPro ba\u011flant\u0131lar\u0131n\u0131 kullan\u0131n.<\/h5>\n<h5><\/h5>\n<h5><strong>G\u00fc\u00e7l\u00fc Batarya<\/strong><\/h5>\n<h5>Daha b\u00fcy\u00fck 1720mAh batarya sayesinde %30 daha uzun batarya\u00a0\u00f6mr\u00fc burada.\u00a0Bu, bataryalar\u0131 de\u011fi\u015ftirmek zorunda kalmadan<br \/>\ndaha fazla \u00e7ekim yapman\u0131z\u0131 sa\u011flar ve kameran\u0131za so\u011fukta g\u00fc\u00e7\u00a0sa\u011flamak i\u00e7in yeterli miktarda enerji depolar.<\/h5>\n<h5><\/h5>\n<h5><strong>Dayan\u0131kl\u0131 + Su Ge\u00e7irmez<\/strong><\/h5>\n<h5>Hayal edebilece\u011finiz en zorlu ko\u015fullarda \u00e7ekim yap\u0131n. HERO9 Black\u00a0bunu yapabilir. \u00c7ivi kadar dayan\u0131kl\u0131d\u0131r ve kutusundan \u00e7\u0131kar \u00e7\u0131kmaz\u00a033 ft&#8217;e kadar su ge\u00e7irmezdir.<\/h5>\n<h5><\/h5>\n<h5><strong>HyperSmooth 3.0<\/strong><\/h5>\n<h5>\u015eimdiye kadarki en geli\u015fmi\u015f video sabitlememizle en \u00fcst d\u00fczey\u00a0p\u00fcr\u00fczs\u00fczl\u00fc\u011f\u00fc ya\u015fay\u0131n. HyperSmooth 3.0, t\u00fcm ayarlarda kamera i\u00e7i<br \/>\nufuk seviyelendirme ve g\u00fc\u00e7lendirme sa\u011flar.<\/h5>\n<h5><\/h5>\n<h5><strong>G\u00fc\u00e7l\u00fc Ara\u00e7lar<\/strong><\/h5>\n<h5>HERO9 Black, \u00e7ekim se\u00e7eneklerini sadece deklan\u015f\u00f6r d\u00fc\u011fmesine\u00a0basman\u0131n \u00f6tesinde geni\u015fleten eksiksiz bir ak\u0131ll\u0131 yakalama ayarlar\u0131<br \/>\npaketi olan G\u00fc\u00e7l\u00fc Ara\u00e7lar ile birlikte gelir. Elektrikli Ara\u00e7lar\u00a0aras\u0131nda HindSight, LiveBurst, Zaman Ayarl\u0131 \u00c7ekim ve Mesafeli\u00a0\u00c7ekim yer al\u0131r.<\/h5>\n<h5><\/h5>\n<h5><strong>HindSight<\/strong><\/h5>\n<h5>HindSight, bir daha asla hi\u00e7bir an\u0131 ka\u00e7\u0131rmayaca\u011f\u0131n\u0131z \u015fekilde tasarlanm\u0131\u015ft\u0131r. Bu g\u00fc\u00e7l\u00fc yeni \u00f6zellik, kay\u0131t d\u00fc\u011fmesine basmadan 30 saniye \u00f6ncesinden video \u00e7eker. K\u00fc\u00e7\u00fck \u00e7ocu\u011funuzun ilk \u00e7ekimini yapt\u0131\u011f\u0131n\u0131 hayal edin. \u0130lk kez ko\u015farken, kay\u0131t tu\u015funa bas\u0131yorsunuz. HindSight, siz kayd\u0131 durdurana kadar deklan\u015f\u00f6r d\u00fc\u011fmesine basmadan \u00f6nceki 30 saniyelik videoyu ve sonras\u0131ndaki<br \/>\nher \u015feyi \u00e7ekecektir.<\/h5>\n<h5><\/h5>\n<h5><strong>RAW Foto\u011fraf<\/strong><\/h5>\n<h5>RAW modu en fazla esnekli\u011fi sunar, h\u0131zland\u0131r\u0131lm\u0131\u015f ve seri \u00e7ekim foto\u011fraflar i\u00e7in kullan\u0131labilir, ayr\u0131ca tekli veya \u00e7oklu \u00e7ekim sekanslar\u0131nda \u00e7al\u0131\u015f\u0131r.<\/h5>\n<h5><\/h5>\n<h5><strong>LiveBurst<\/strong><\/h5>\n<h5>\u00c7ekiminizden 1,5 saniye \u00f6nce ve sonra olanlar\u0131 kaydedin, ard\u0131ndan en iyi resim veya payla\u015f\u0131labilir bir video i\u00e7in en sevdi\u011finiz tek kareyi se\u00e7in.<\/h5>\n<h5><\/h5>\n<h5><strong>8x A\u011f\u0131r \u00c7ekim<\/strong><\/h5>\n<h5>A\u011f\u0131r \u00e7ekimde her \u015fey destans\u0131 g\u00f6r\u00fcn\u00fcr. Ultra y\u00fcksek kare h\u0131zl\u0131 1080p240 video (HyperSmooth 3.0 sabitleme ile) bu pop\u00fcler efekt i\u00e7in 8 kata kadar a\u011f\u0131r \u00e7ekim sa\u011flar.<\/h5>\n<h5><\/h5>\n<h5><strong>Zaman Ayarl\u0131 \u00c7ekim<\/strong><\/h5>\n<h5>Bu \u00f6zellik, \u00e7ekiminizin ba\u015flang\u0131\u00e7 zaman\u0131n\u0131 \u00f6nceden planlaman\u0131za olanak tan\u0131r.<\/h5>\n<h5><\/h5>\n<h5><strong>Android&#x2122; Cihazlara USB-C Aktar\u0131m\u0131<\/strong><\/h5>\n<h5>Resimleri ve videolar\u0131 USB-C kablosuyla h\u0131zl\u0131 aktar\u0131n. Bu eski y\u00f6ntemle ba\u011flanmak i\u00e7in m\u00fckemmel. Android cihazlarla uyumludur.<\/h5>\n<h5><\/h5>\n<h5><strong>S\u00fcreli \u00c7ekim<\/strong><\/h5>\n<h5>Bu \u00f6zellik, HERO9 Black cihaz\u0131n otomatik olarak durmadan \u00f6nce ne kadar s\u00fcre kay\u0131t yapaca\u011f\u0131n\u0131 se\u00e7menizi sa\u011flar.<\/h5>\n<h5><\/h5>\n<h5><strong>100Mbps Bit H\u0131z\u0131<\/strong><\/h5>\n<h5>100 Mbps&#8217;ye kadar bit h\u0131z\u0131 se\u00e7enekleriyle st\u00fcdyo kalitesinde \u00e7ekimler yap\u0131n.<\/h5>\n<h5><\/h5>\n<h5><strong>H\u0131zland\u0131r\u0131lm\u0131\u015f Gece \u00c7ekimi<\/strong><\/h5>\n<h5>Geceleri 4K, 2,7 4:3, 1440p veya 1080p kalitesinde, t\u00fcm\u00fc kamera i\u00e7inde i\u015flenen ideal h\u0131zland\u0131r\u0131lm\u0131\u015f video \u00e7ekimi yap\u0131n.<\/h5>\n<h5><\/h5>\n<h5><strong>HEVC Video Format\u0131<\/strong><\/h5>\n<h5>SD kart\u0131n tamam\u0131n\u0131 kullanmay\u0131n. Resim kalitesini kaybetmeden dosya boyutlar\u0131n\u0131 k\u00fc\u00e7\u00fcltmek i\u00e7in Y\u00fcksek Verimli Video Kodlama (HEVC) kullan\u0131n.<\/h5>\n<h5><\/h5>\n<h5><strong>\u00d6n Ayarlar + \u00d6zel \u00d6n Ayarlar<\/strong><\/h5>\n<h5>HERO9 Black; Standart, Aktivite, Sinematik ve A\u011f\u0131r \u00c7ekim i\u00e7in \u00f6nerilen video \u00f6n ayarlar\u0131yla \u00f6nceden y\u00fcklenmi\u015f olarak gelir. Favori ayarlar\u0131n\u0131za h\u0131zl\u0131 eri\u015fim i\u00e7in \u00f6zel \u00f6n ayarlar bile olu\u015fturabilirsiniz.<\/h5>\n<h5><\/h5>\n<h5><strong>Veri Bilgileri + GPS<\/strong><\/h5>\n<h5>GoPro uygulamas\u0131ndaki videolar\u0131n\u0131za Veri Bilgileri ekleyerek konumunuzu, y\u00fcksekli\u011finizi ve h\u0131z\u0131n\u0131z\u0131 ekranda g\u00f6sterin. Se\u00e7enekler aras\u0131nda H\u0131z \u00d6l\u00e7er, GoPro logosu, GPS Yolu, Rak\u0131m, Harita, H\u0131z grafi\u011fi ve G-Force bulunur.<\/h5>\n<h5><\/h5>\n<h5><strong>Dijital Lensler<\/strong><\/h5>\n<h5>Efsanevi \u00e7ekimler, dijital bir lense dokunmak kadar kolay. Art\u0131k Dar, Do\u011frusal, Geni\u015f, S\u00fcper G\u00f6r\u00fcn\u00fcm ve Do\u011frusal + Ufuk D\u00fczle\u015ftirme aras\u0131nda ge\u00e7i\u015f yapabilirsiniz.<\/h5>\n<h5><\/h5>\n<h5><strong>Y\u00fcz, G\u00fcl\u00fcmseme, G\u00f6z K\u0131rpma + Sahne Alg\u0131lama<\/strong><\/h5>\n<h5>HERO9 Black g\u00fcl\u00fcmsemeleri, g\u00f6z k\u0131rpmalar\u0131 ve daha fazlas\u0131n\u0131 tan\u0131r. GoPro uygulamas\u0131, harika video hikayeleri olu\u015fturmak i\u00e7in en iyi foto\u011fraflar\u0131n\u0131z\u0131 ve videolar\u0131n\u0131z\u0131 ak\u0131ll\u0131ca se\u00e7mek i\u00e7in bu ayr\u0131nt\u0131lar\u0131 kullan\u0131r.<\/h5>\n<h5><\/h5>\n<h5><strong>Sesli Kontrol<\/strong><\/h5>\n<h5>&#8220;GoPro, foto\u011fraf \u00e7ek&#8221; gibi 14 sesli komutla eller serbest \u00e7ekim yap\u0131n Kamera kapal\u0131 olsa bile, &#8220;GoPro, a\u00e7&#8221; diyebilirsiniz HERO9 Black, \u0130ngilizce (ABD, \u0130ngiltere, Avustralya ve Hindistan), \u00c7ince (Mandarin), Frans\u0131zca, Almanca, \u0130talyanca, Japonca, Korece, Portekizce (BR), Rus\u00e7a, \u0130spanyolca (Avrupa ve Kuzey Amerika) ve \u0130sve\u00e7\u00e7eyi anl\u0131yor.<\/h5>\n<h5><\/h5>\n<h5><strong>GoPro App<\/strong><\/h5>\n<h5>Uygulama, kameran\u0131z\u0131 uzaktan kontrol etmenizi, kayd\u0131 ba\u015flat\u0131p durdurman\u0131z\u0131 ve medyay\u0131 bo\u015faltman\u0131z\u0131 sa\u011flar. Ayr\u0131ca, tekli ve \u00e7oklu klip d\u00fczenlemeleri yapabilir ve bunlar\u0131n t\u00fcm\u00fcn\u00fc telefonunuzdan payla\u015fabilirsiniz.<\/h5>\n<h5><\/h5>\n<h5><strong>Dikey Y\u00f6nlendirme<\/strong><\/h5>\n<h5>Portre y\u00f6n\u00fcnde foto\u011fraf ve video \u00e7ekin; Snapchat ve Instagram Hikayeleriniz i\u00e7in m\u00fckemmeldir.<\/h5>\n<h5><\/h5>\n<h5><strong>GoPro aboneli\u011fi<\/strong><\/h5>\n<h5>\u00c7ekti\u011finiz her \u015feyi otomatik olarak bulutta yedekleyin. GoPro aboneli\u011fi, hasarl\u0131 kamera de\u011fi\u015fimi konusunda size en \u00fcst d\u00fczeyde rahatl\u0131k sa\u011flar.<\/h5>\n<h5><\/h5>\n<h5><strong>Zamanlay\u0131c\u0131<\/strong><\/h5>\n<h5>Kendinizi grup \u00e7ekimine veya grup videosuna d\u00e2hil edin. Zamanlay\u0131c\u0131, GoPro selfie \u00e7ekmeyi veya t\u00fcm ekibinizi \u00e7er\u00e7eveye almay\u0131 kolayla\u015ft\u0131r\u0131r.<\/h5>\n<h5><\/h5>\n<h5><strong>H\u0131zl\u0131 \u015earj Haz\u0131r<\/strong><\/h5>\n<h5>\u00c7ekime daha h\u0131zl\u0131 geri d\u00f6n\u00fcn. \u0130ste\u011fe ba\u011fl\u0131 H\u0131zl\u0131 \u015earj Cihaz\u0131 g\u00fc\u00e7 adapt\u00f6r\u00fc, bataryan\u0131z\u0131 %35&#8217;e kadar daha h\u0131zl\u0131 \u015farj eder.<\/h5>\n<h5><\/h5>\n<h5><strong>GoPro Ba\u011flant\u0131 Par\u00e7alar\u0131 ve Aksesuarlar\u0131n\u0131 Destekler<\/strong><\/h5>\n<h5>HERO9 Black ta\u015f\u0131nabilir g\u00fc\u00e7 merkezinizi olu\u015fturmak i\u00e7in modlar da dahil olmak \u00fczere, 45 uyumlu montaj par\u00e7as\u0131 ve aksesuarla4 d\u00fcnyan\u0131z\u0131 yakalay\u0131n.<\/h5>\n<div><img decoding=\"async\" src=\"https:\/\/www.klasfoto.com.tr\/class\/INNOVAEditor\/assets\/GoPro%20HERO9%20Black-11.jpg\" alt=\"GoPro HERO9 Black fiyat\u0131\" border=\"0\" \/><\/div>\n<div><img decoding=\"async\" src=\"https:\/\/www.klasfoto.com.tr\/class\/INNOVAEditor\/assets\/GoPro%20HERO9%20Black-12.jpg\" alt=\"GoPro HERO9 Black \u00f6zellikleri\" border=\"0\" \/><\/div>\n<div><img decoding=\"async\" src=\"https:\/\/www.klasfoto.com.tr\/class\/INNOVAEditor\/assets\/GoPro%20HERO9%20Black-13.jpg\" alt=\"GoPro HERO9 Black sat\u0131n al\" border=\"0\" \/><\/div>\n<div><img decoding=\"async\" src=\"https:\/\/www.klasfoto.com.tr\/class\/INNOVAEditor\/assets\/GoPro%20HERO9%20Black-14.jpg\" alt=\"GoPro HERO 9 fiyat\" border=\"0\" \/><\/div>\n<div><img decoding=\"async\" src=\"https:\/\/www.klasfoto.com.tr\/class\/INNOVAEditor\/assets\/GoPro%20HERO9%20Black-15.jpg\" alt=\"GoPro T\u00fcrkiye D\u0130strib\u00fct\u00f6r\u00fc Yetkili Ana Bayisi\" border=\"0\" \/><\/div>\n<div><img decoding=\"async\" src=\"https:\/\/www.klasfoto.com.tr\/class\/INNOVAEditor\/assets\/GoPro%20HERO9%20Black-16.jpg\" alt=\"gopro hero 9 fiyat\u0131\" border=\"0\" \/><\/div>\n<div><img decoding=\"async\" src=\"https:\/\/www.klasfoto.com.tr\/class\/INNOVAEditor\/assets\/GoPro%20HERO9%20Black-17.jpg\" alt=\"gopro T\u00fcrkiye\" border=\"0\" \/><\/div>\n<div><img decoding=\"async\" src=\"https:\/\/www.klasfoto.com.tr\/class\/INNOVAEditor\/assets\/GoPro%20HERO9%20Black-18.jpg\" alt=\"gopro hero 9 video frame\" border=\"0\" \/><\/div>\n<\/div>\n<\/div>\n<\/div>\n","protected":false},"excerpt":{"rendered":"<h2 class=\"product-list__product-name\">GOPRO HERO 9 BLACK 5K AKS\u0130YON KAMERA<\/h2>\n<ul class=\"list_22p_DbxsLr4MV-m3EOA_5T\">\n<li class=\"listItem_1k-sWDbEV5fQJj1k-1SEFn\" data-selenium=\"sellingPointsListItem\">23.6MP Sens\u00f6r, 5K 30p Video &amp; 20MP Foto\u011fraf<\/li>\n<li class=\"listItem_1k-sWDbEV5fQJj1k-1SEFn\" data-selenium=\"sellingPointsListItem\">\u00d6nde Canl\u0131 \u0130zleme Ekran\u0131, Arkada Dokunmatik Ekran<\/li>\n<li class=\"listItem_1k-sWDbEV5fQJj1k-1SEFn\" data-selenium=\"sellingPointsListItem\">Webcam Modu &amp; 1080p Canl\u0131 Yay\u0131n<\/li>\n<li class=\"listItem_1k-sWDbEV5fQJj1k-1SEFn\" data-selenium=\"sellingPointsListItem\">HyperSmooth 3.0 G\u00f6r\u00fcnt\u00fc Sabitleme<\/li>\n<li class=\"listItem_1k-sWDbEV5fQJj1k-1SEFn\" data-selenium=\"sellingPointsListItem\">33&#8242; \/ 10m Su Ge\u00e7irmezlik(Harici K\u0131l\u0131fa \u0130htiya\u00e7 Duymadan)<\/li>\n<li class=\"listItem_1k-sWDbEV5fQJj1k-1SEFn\" data-selenium=\"sellingPointsListItem\">PowerTools &amp; Protune \u00d6zellik Setleri<\/li>\n<li class=\"listItem_1k-sWDbEV5fQJj1k-1SEFn\" data-selenium=\"sellingPointsListItem\">Time-Lapse &amp; Night-Lapse \u00c7ekim Modlar\u0131<\/li>\n<li class=\"listItem_1k-sWDbEV5fQJj1k-1SEFn\" data-selenium=\"sellingPointsListItem\">8x Slow-Motion A\u011f\u0131r \u00c7ekim<\/li>\n<li class=\"listItem_1k-sWDbEV5fQJj1k-1SEFn\" data-selenium=\"sellingPointsListItem\">Dahili Montaj Yuvas\u0131<\/li>\n<li class=\"listItem_1k-sWDbEV5fQJj1k-1SEFn\" data-selenium=\"sellingPointsListItem\">30% Daha Uzun S\u00fcre \u00c7al\u0131\u015fma \u0130mkan\u0131 Sunan 1720mAh Batarya<\/li>\n<\/ul>\n","protected":false},"featured_media":5761,"comment_status":"open","ping_status":"closed","template":"redux-templates_canvas","meta":[],"product_cat":[319],"product_tag":[322,324,323,326,327,321],"_links":{"self":[{"href":"https:\/\/soleilsky.com.tr\/shop\/wp-json\/wp\/v2\/product\/5757"}],"collection":[{"href":"https:\/\/soleilsky.com.tr\/shop\/wp-json\/wp\/v2\/product"}],"about":[{"href":"https:\/\/soleilsky.com.tr\/shop\/wp-json\/wp\/v2\/types\/product"}],"replies":[{"embeddable":true,"href":"https:\/\/soleilsky.com.tr\/shop\/wp-json\/wp\/v2\/comments?post=5757"}],"wp:featuredmedia":[{"embeddable":true,"href":"https:\/\/soleilsky.com.tr\/shop\/wp-json\/wp\/v2\/media\/5761"}],"wp:attachment":[{"href":"https:\/\/soleilsky.com.tr\/shop\/wp-json\/wp\/v2\/media?parent=5757"}],"wp:term":[{"taxonomy":"product_cat","embeddable":true,"href":"https:\/\/soleilsky.com.tr\/shop\/wp-json\/wp\/v2\/product_cat?post=5757"},{"taxonomy":"product_tag","embeddable":true,"href":"https:\/\/soleilsky.com.tr\/shop\/wp-json\/wp\/v2\/product_tag?post=5757"}],"curies":[{"name":"wp","href":"https:\/\/api.w.org\/{rel}","templated":true}]}}