{"id":5910,"date":"2021-02-19T08:50:23","date_gmt":"2021-02-19T08:50:23","guid":{"rendered":"https:\/\/soleilsky.com.tr\/shop\/?post_type=product&#038;p=5910"},"modified":"2022-04-05T19:49:32","modified_gmt":"2022-04-05T19:49:32","slug":"lexar-256gb-micro-sdxc-uhs-i-667x-c10-u3-4k-v30-a2-100mb-sn-lsdmi256b667a-hafiza-karti","status":"publish","type":"product","link":"https:\/\/soleilsky.com.tr\/shop\/urun\/lexar-256gb-micro-sdxc-uhs-i-667x-c10-u3-4k-v30-a2-100mb-sn-lsdmi256b667a-hafiza-karti\/","title":{"rendered":"Lexar 256GB Micro SDXC UHS-I 667X C10 U3 4K V30 A2 100Mb\/sn LSDMI256B667A Haf\u0131za Kart\u0131"},"content":{"rendered":"<p>Lexar Professional 256GB 667X 100Mb\/Sn. SDXC Kart Telefonlara ve Aksiyon Kameralara Dijital Fotograf Makinelerine Uyumludur.<\/p>\n<p>Y\u00fcksek h\u0131zl\u0131 performans &#8211; 677x (100MB \/ s) &#8216;ye kadar okuma aktarma h\u0131z\u0131 i\u00e7in UHS-I teknolojisini (U3) kullan\u0131r *<\/p>\n<p>HD video kamera veya 3D kamera ile y\u00fcksek performans g\u00f6r\u00fcnt\u00fcler ve \u00e7arp\u0131c\u0131 1080p full-HD, 3D ve 4K videolar\u0131n uzun \u00f6m\u00fcrl\u00fc g\u00f6r\u00fcnt\u00fclerini yakalar 256GB b\u00fcy\u00fck kapasite se\u00e7ene\u011fi, kartlar\u0131 de\u011fi\u015ftirmeden daha uzun \u00e7ekim yapman\u0131z\u0131 sa\u011flar \u0130\u015f ak\u0131\u015f\u0131n\u0131 \u00f6nemli \u00f6l\u00e7\u00fcde h\u0131zland\u0131rmak i\u00e7in karttan bilgisayara y\u00fcksek h\u0131zl\u0131 dosya aktar\u0131m\u0131<\/p>\n<p>** UHS-I cihazlar\u0131 ile geriye d\u00f6n\u00fck uyumlu G\u00fcvenebilece\u011finiz y\u00fcksek h\u0131zl\u0131 performans. Profesyonel bir foto\u011fraf\u00e7\u0131, g\u00f6r\u00fcnt\u00fc y\u00f6netmeni veya merakl\u0131s\u0131 olsan\u0131z, Lexar\u00ae Professional 677x microSDHC &#x2122; \/ SDXC &#x2122; UHS-I kartlar\u0131 g\u00fcvenebilece\u011finiz bir performans sunar. Bu y\u00fcksek h\u0131zl\u0131 kartlar UHS-I teknolojisini (UHS H\u0131z S\u0131n\u0131f\u0131 3 (U3)) kullan\u0131r ve bir SD UHS-I okuyucu ile kullan\u0131ld\u0131\u011f\u0131nda 677x (s) h\u0131z\u0131na kadar bir okuma aktarma h\u0131z\u0131 sa\u011flar.<\/p>\n<p>\u00c7ok y\u00f6nl\u00fcl\u00fck i\u00e7in, kartlar UHS-I h\u0131zlar\u0131nda da UHS-I cihazlar\u0131 ile \u00e7al\u0131\u015f\u0131r ve UHS olmayan cihazlarla kullan\u0131ld\u0131\u011f\u0131nda eski kameralar ve okuyucularla geriye do\u011fru uyumludurlar. y\u00fcksek performans g\u00f6r\u00fcnt\u00fcler ve 1080p tam HD, 3D ve 4K video \u00e7ekin. Bir DSLR, HD video kamera veya 3B kamera kullanarak, y\u00fcksek performans g\u00f6r\u00fcnt\u00fcler ve 1080p full-HD, 3D ve 4K video \u00e7ekimleri i\u00e7in mevcut en yeni foto\u011fraf ve video \u00f6zelliklerinden yararlanabileceksiniz. .<\/p>\n<p>HD, 3D ve 4K video \u00f6zelliklerinin artmas\u0131yla, g\u00fcvenebilece\u011finiz y\u00fcksek performansl\u0131 kartlara ve kart de\u011fi\u015ftirmeden daha uzun s\u00fcre \u00e7ekim yapman\u0131z\u0131 sa\u011flayan y\u00fcksek kapasiteli se\u00e7eneklere ihtiyac\u0131n\u0131z vard\u0131r. Lexar Professional 677x microSDXC UHS-I kart\u0131, UHS Speed \u200b\u200bClass 3 performans\u0131ndan yararlanarak bunu kolayla\u015ft\u0131r\u0131r ve size 256GB&#8217;a kadar geni\u015f kapasite se\u00e7enekleri sunar. \u00d6nemli \u00f6l\u00e7\u00fcde h\u0131zland\u0131r\u0131lm\u0131\u015f i\u015f ak\u0131\u015f\u0131 ile zaman kazan\u0131n.<\/p>\n<p>Lexar Professional 677x microSDHC \/ SDXC UHS-I kartlar\u0131n y\u00fcksek h\u0131zl\u0131 performans\u0131, i\u015f ak\u0131\u015f\u0131n\u0131z\u0131 ba\u015ftan sona h\u0131zland\u0131r\u0131r, b\u00f6ylece zamandan tasarruf edebilir ve foto\u011fraf\u00e7\u0131l\u0131k i\u015fine geri d\u00f6nebilirsiniz.<\/p>\n<p>** Titizlikle test edilmi\u015ftir. T\u00fcm Lexar \u00fcr\u00fcn tasar\u0131mlar\u0131, performans, , uyumluluk ve g\u00fcvenilirlik sa\u011flamak i\u00e7in Lexar Laboratuarlar\u0131nda, 1100&#8217;den fazla dijital cihazla kapsaml\u0131 testlerden ge\u00e7mektedir.<\/p>\n<p>LSDMI256B667A Lexar 256GB Profissonal 677X microSDXC Haf\u0131za Kart\u0131 Class 10 U3 v30 256GB-Class 10, UHS-I (U3), 677x (up to 100MB\/s okuma, 90MB\/s yazma)<\/p>\n","protected":false},"excerpt":{"rendered":"<header class=\"title-wrapper\">\n<p id=\"product-name\" class=\"product-name best-price-trick\" data-bind=\"markupText: 'productName', event: {mouseup: handleMouseUpForProductName}\"><strong>Lexar 256GB Micro SDXC UHS-I 667X C10 U3 4K V30 A2 100Mb\/sn LSDMI256B667A Haf\u0131za Kart\u0131<\/strong><\/p>\n<\/header>\n","protected":false},"featured_media":9690,"comment_status":"open","ping_status":"closed","template":"","meta":[],"product_cat":[232],"product_tag":[271,273,272,274],"_links":{"self":[{"href":"https:\/\/soleilsky.com.tr\/shop\/wp-json\/wp\/v2\/product\/5910"}],"collection":[{"href":"https:\/\/soleilsky.com.tr\/shop\/wp-json\/wp\/v2\/product"}],"about":[{"href":"https:\/\/soleilsky.com.tr\/shop\/wp-json\/wp\/v2\/types\/product"}],"replies":[{"embeddable":true,"href":"https:\/\/soleilsky.com.tr\/shop\/wp-json\/wp\/v2\/comments?post=5910"}],"wp:featuredmedia":[{"embeddable":true,"href":"https:\/\/soleilsky.com.tr\/shop\/wp-json\/wp\/v2\/media\/9690"}],"wp:attachment":[{"href":"https:\/\/soleilsky.com.tr\/shop\/wp-json\/wp\/v2\/media?parent=5910"}],"wp:term":[{"taxonomy":"product_cat","embeddable":true,"href":"https:\/\/soleilsky.com.tr\/shop\/wp-json\/wp\/v2\/product_cat?post=5910"},{"taxonomy":"product_tag","embeddable":true,"href":"https:\/\/soleilsky.com.tr\/shop\/wp-json\/wp\/v2\/product_tag?post=5910"}],"curies":[{"name":"wp","href":"https:\/\/api.w.org\/{rel}","templated":true}]}}