{"id":5958,"date":"2021-02-23T08:49:57","date_gmt":"2021-02-23T08:49:57","guid":{"rendered":"https:\/\/soleilsky.com.tr\/shop\/?post_type=product&#038;p=5958"},"modified":"2021-02-23T09:10:23","modified_gmt":"2021-02-23T09:10:23","slug":"t-motor-u7-v2-0-kv280","status":"publish","type":"product","link":"https:\/\/soleilsky.com.tr\/shop\/urun\/t-motor-u7-v2-0-kv280\/","title":{"rendered":"T-MOTOR U7-V2.0 KV280"},"content":{"rendered":"<p><img loading=\"lazy\" decoding=\"async\" class=\"aligncenter wp-image-5959\" src=\"https:\/\/soleilsky.com.tr\/shop\/wp-content\/uploads\/2021\/02\/A-2-300x160.jpg\" alt=\"\" width=\"809\" height=\"432\" srcset=\"https:\/\/soleilsky.com.tr\/shop\/wp-content\/uploads\/2021\/02\/A-2-300x160.jpg 300w, https:\/\/soleilsky.com.tr\/shop\/wp-content\/uploads\/2021\/02\/A-2-768x410.jpg 768w, https:\/\/soleilsky.com.tr\/shop\/wp-content\/uploads\/2021\/02\/A-2-600x320.jpg 600w, https:\/\/soleilsky.com.tr\/shop\/wp-content\/uploads\/2021\/02\/A-2.jpg 940w\" sizes=\"(max-width: 809px) 100vw, 809px\" \/> <img loading=\"lazy\" decoding=\"async\" class=\"aligncenter wp-image-5960\" src=\"https:\/\/soleilsky.com.tr\/shop\/wp-content\/uploads\/2021\/02\/B-1-300x162.jpg\" alt=\"\" width=\"809\" height=\"437\" srcset=\"https:\/\/soleilsky.com.tr\/shop\/wp-content\/uploads\/2021\/02\/B-1-300x162.jpg 300w, https:\/\/soleilsky.com.tr\/shop\/wp-content\/uploads\/2021\/02\/B-1-600x324.jpg 600w, https:\/\/soleilsky.com.tr\/shop\/wp-content\/uploads\/2021\/02\/B-1.jpg 940w\" sizes=\"(max-width: 809px) 100vw, 809px\" \/> <img loading=\"lazy\" decoding=\"async\" class=\"aligncenter wp-image-5961\" src=\"https:\/\/soleilsky.com.tr\/shop\/wp-content\/uploads\/2021\/02\/C-1-300x159.jpg\" alt=\"\" width=\"809\" height=\"428\" srcset=\"https:\/\/soleilsky.com.tr\/shop\/wp-content\/uploads\/2021\/02\/C-1-300x159.jpg 300w, https:\/\/soleilsky.com.tr\/shop\/wp-content\/uploads\/2021\/02\/C-1-600x317.jpg 600w, https:\/\/soleilsky.com.tr\/shop\/wp-content\/uploads\/2021\/02\/C-1.jpg 940w\" sizes=\"(max-width: 809px) 100vw, 809px\" \/> <img loading=\"lazy\" decoding=\"async\" class=\"aligncenter wp-image-5962\" src=\"https:\/\/soleilsky.com.tr\/shop\/wp-content\/uploads\/2021\/02\/D-300x159.jpg\" alt=\"\" width=\"809\" height=\"429\" srcset=\"https:\/\/soleilsky.com.tr\/shop\/wp-content\/uploads\/2021\/02\/D-300x159.jpg 300w, https:\/\/soleilsky.com.tr\/shop\/wp-content\/uploads\/2021\/02\/D-600x318.jpg 600w, https:\/\/soleilsky.com.tr\/shop\/wp-content\/uploads\/2021\/02\/D.jpg 940w\" sizes=\"(max-width: 809px) 100vw, 809px\" \/> <img loading=\"lazy\" decoding=\"async\" class=\"aligncenter wp-image-5963\" src=\"https:\/\/soleilsky.com.tr\/shop\/wp-content\/uploads\/2021\/02\/E-300x159.jpg\" alt=\"\" width=\"809\" height=\"429\" srcset=\"https:\/\/soleilsky.com.tr\/shop\/wp-content\/uploads\/2021\/02\/E-300x159.jpg 300w, https:\/\/soleilsky.com.tr\/shop\/wp-content\/uploads\/2021\/02\/E-600x318.jpg 600w, https:\/\/soleilsky.com.tr\/shop\/wp-content\/uploads\/2021\/02\/E.jpg 940w\" sizes=\"(max-width: 809px) 100vw, 809px\" \/> <img loading=\"lazy\" decoding=\"async\" class=\"aligncenter wp-image-5967\" src=\"https:\/\/soleilsky.com.tr\/shop\/wp-content\/uploads\/2021\/02\/EEEEEEEEEE-300x161.jpg\" alt=\"\" width=\"809\" height=\"435\" srcset=\"https:\/\/soleilsky.com.tr\/shop\/wp-content\/uploads\/2021\/02\/EEEEEEEEEE-300x161.jpg 300w, https:\/\/soleilsky.com.tr\/shop\/wp-content\/uploads\/2021\/02\/EEEEEEEEEE-768x413.jpg 768w, https:\/\/soleilsky.com.tr\/shop\/wp-content\/uploads\/2021\/02\/EEEEEEEEEE-600x322.jpg 600w, https:\/\/soleilsky.com.tr\/shop\/wp-content\/uploads\/2021\/02\/EEEEEEEEEE.jpg 940w\" sizes=\"(max-width: 809px) 100vw, 809px\" \/><img loading=\"lazy\" decoding=\"async\" class=\"aligncenter wp-image-5965\" src=\"https:\/\/soleilsky.com.tr\/shop\/wp-content\/uploads\/2021\/02\/G-300x129.jpg\" alt=\"\" width=\"809\" height=\"347\" srcset=\"https:\/\/soleilsky.com.tr\/shop\/wp-content\/uploads\/2021\/02\/G-300x129.jpg 300w, https:\/\/soleilsky.com.tr\/shop\/wp-content\/uploads\/2021\/02\/G-600x257.jpg 600w, https:\/\/soleilsky.com.tr\/shop\/wp-content\/uploads\/2021\/02\/G.jpg 940w\" sizes=\"(max-width: 809px) 100vw, 809px\" \/><img loading=\"lazy\" decoding=\"async\" class=\"aligncenter wp-image-5966\" src=\"https:\/\/soleilsky.com.tr\/shop\/wp-content\/uploads\/2021\/02\/H-300x136.jpg\" alt=\"\" width=\"809\" height=\"367\" srcset=\"https:\/\/soleilsky.com.tr\/shop\/wp-content\/uploads\/2021\/02\/H-300x136.jpg 300w, https:\/\/soleilsky.com.tr\/shop\/wp-content\/uploads\/2021\/02\/H-768x349.jpg 768w, https:\/\/soleilsky.com.tr\/shop\/wp-content\/uploads\/2021\/02\/H-600x273.jpg 600w, https:\/\/soleilsky.com.tr\/shop\/wp-content\/uploads\/2021\/02\/H.jpg 940w\" sizes=\"(max-width: 809px) 100vw, 809px\" \/><\/p>\n","protected":false},"excerpt":{"rendered":"<h2 style=\"text-align: center;\"><strong>T-MOTOR T\u00dcRK\u0130YE YETK\u0130L\u0130 SATICISI\u00a0<\/strong><\/h2>\n<p><!--more--><\/p>\n<p style=\"text-align: center;\">SU VE TOZA DAYANIKLI<\/p>\n<p style=\"text-align: center;\">HASSAS YATAKLAMA<\/p>\n<p><!--more--><\/p>\n<h4 style=\"text-align: center;\">L\u00dcTFEN STOK VE F\u0130YAT B\u0130LG\u0130S\u0130 \u0130\u00c7\u0130N \u0130LET\u0130\u015e\u0130ME GE\u00c7\u0130N\u0130Z<\/h4>\n","protected":false},"featured_media":5973,"comment_status":"open","ping_status":"closed","template":"","meta":[],"product_cat":[390],"product_tag":[235,395,237,392,394,397],"_links":{"self":[{"href":"https:\/\/soleilsky.com.tr\/shop\/wp-json\/wp\/v2\/product\/5958"}],"collection":[{"href":"https:\/\/soleilsky.com.tr\/shop\/wp-json\/wp\/v2\/product"}],"about":[{"href":"https:\/\/soleilsky.com.tr\/shop\/wp-json\/wp\/v2\/types\/product"}],"replies":[{"embeddable":true,"href":"https:\/\/soleilsky.com.tr\/shop\/wp-json\/wp\/v2\/comments?post=5958"}],"wp:featuredmedia":[{"embeddable":true,"href":"https:\/\/soleilsky.com.tr\/shop\/wp-json\/wp\/v2\/media\/5973"}],"wp:attachment":[{"href":"https:\/\/soleilsky.com.tr\/shop\/wp-json\/wp\/v2\/media?parent=5958"}],"wp:term":[{"taxonomy":"product_cat","embeddable":true,"href":"https:\/\/soleilsky.com.tr\/shop\/wp-json\/wp\/v2\/product_cat?post=5958"},{"taxonomy":"product_tag","embeddable":true,"href":"https:\/\/soleilsky.com.tr\/shop\/wp-json\/wp\/v2\/product_tag?post=5958"}],"curies":[{"name":"wp","href":"https:\/\/api.w.org\/{rel}","templated":true}]}}