{"id":5981,"date":"2021-02-23T09:11:53","date_gmt":"2021-02-23T09:11:53","guid":{"rendered":"https:\/\/soleilsky.com.tr\/shop\/?post_type=product&#038;p=5981"},"modified":"2021-02-23T09:30:25","modified_gmt":"2021-02-23T09:30:25","slug":"t-motor-u11-kv90","status":"publish","type":"product","link":"https:\/\/soleilsky.com.tr\/shop\/urun\/t-motor-u11-kv90\/","title":{"rendered":"T-MOTOR U11 KV90"},"content":{"rendered":"<p><img loading=\"lazy\" decoding=\"async\" class=\"aligncenter wp-image-5997\" src=\"https:\/\/soleilsky.com.tr\/shop\/wp-content\/uploads\/2021\/02\/1-6-300x160.jpg\" alt=\"\" width=\"809\" height=\"432\" srcset=\"https:\/\/soleilsky.com.tr\/shop\/wp-content\/uploads\/2021\/02\/1-6-300x160.jpg 300w, https:\/\/soleilsky.com.tr\/shop\/wp-content\/uploads\/2021\/02\/1-6-600x320.jpg 600w, https:\/\/soleilsky.com.tr\/shop\/wp-content\/uploads\/2021\/02\/1-6.jpg 940w\" sizes=\"(max-width: 809px) 100vw, 809px\" \/> <img loading=\"lazy\" decoding=\"async\" class=\"aligncenter wp-image-5998\" src=\"https:\/\/soleilsky.com.tr\/shop\/wp-content\/uploads\/2021\/02\/2-5-300x160.jpg\" alt=\"\" width=\"809\" height=\"431\" srcset=\"https:\/\/soleilsky.com.tr\/shop\/wp-content\/uploads\/2021\/02\/2-5-300x160.jpg 300w, https:\/\/soleilsky.com.tr\/shop\/wp-content\/uploads\/2021\/02\/2-5-600x320.jpg 600w, https:\/\/soleilsky.com.tr\/shop\/wp-content\/uploads\/2021\/02\/2-5.jpg 940w\" sizes=\"(max-width: 809px) 100vw, 809px\" \/> <img loading=\"lazy\" decoding=\"async\" class=\"aligncenter wp-image-5999\" src=\"https:\/\/soleilsky.com.tr\/shop\/wp-content\/uploads\/2021\/02\/3-5-300x162.jpg\" alt=\"\" width=\"809\" height=\"437\" srcset=\"https:\/\/soleilsky.com.tr\/shop\/wp-content\/uploads\/2021\/02\/3-5-300x162.jpg 300w, https:\/\/soleilsky.com.tr\/shop\/wp-content\/uploads\/2021\/02\/3-5-600x324.jpg 600w, https:\/\/soleilsky.com.tr\/shop\/wp-content\/uploads\/2021\/02\/3-5.jpg 940w\" sizes=\"(max-width: 809px) 100vw, 809px\" \/> <img loading=\"lazy\" decoding=\"async\" class=\"aligncenter wp-image-6000\" src=\"https:\/\/soleilsky.com.tr\/shop\/wp-content\/uploads\/2021\/02\/4-5-300x158.jpg\" alt=\"\" width=\"809\" height=\"427\" srcset=\"https:\/\/soleilsky.com.tr\/shop\/wp-content\/uploads\/2021\/02\/4-5-300x158.jpg 300w, https:\/\/soleilsky.com.tr\/shop\/wp-content\/uploads\/2021\/02\/4-5-600x317.jpg 600w, https:\/\/soleilsky.com.tr\/shop\/wp-content\/uploads\/2021\/02\/4-5.jpg 940w\" sizes=\"(max-width: 809px) 100vw, 809px\" \/> <img loading=\"lazy\" decoding=\"async\" class=\"aligncenter wp-image-6001\" src=\"https:\/\/soleilsky.com.tr\/shop\/wp-content\/uploads\/2021\/02\/5-4-300x157.jpg\" alt=\"\" width=\"809\" height=\"424\" srcset=\"https:\/\/soleilsky.com.tr\/shop\/wp-content\/uploads\/2021\/02\/5-4-300x157.jpg 300w, https:\/\/soleilsky.com.tr\/shop\/wp-content\/uploads\/2021\/02\/5-4-768x403.jpg 768w, https:\/\/soleilsky.com.tr\/shop\/wp-content\/uploads\/2021\/02\/5-4-600x315.jpg 600w, https:\/\/soleilsky.com.tr\/shop\/wp-content\/uploads\/2021\/02\/5-4.jpg 940w\" sizes=\"(max-width: 809px) 100vw, 809px\" \/> <img loading=\"lazy\" decoding=\"async\" class=\"aligncenter wp-image-6002\" src=\"https:\/\/soleilsky.com.tr\/shop\/wp-content\/uploads\/2021\/02\/6-3-300x150.jpg\" alt=\"\" width=\"809\" height=\"404\" srcset=\"https:\/\/soleilsky.com.tr\/shop\/wp-content\/uploads\/2021\/02\/6-3-300x150.jpg 300w, https:\/\/soleilsky.com.tr\/shop\/wp-content\/uploads\/2021\/02\/6-3-768x383.jpg 768w, https:\/\/soleilsky.com.tr\/shop\/wp-content\/uploads\/2021\/02\/6-3-600x299.jpg 600w, https:\/\/soleilsky.com.tr\/shop\/wp-content\/uploads\/2021\/02\/6-3.jpg 940w\" sizes=\"(max-width: 809px) 100vw, 809px\" \/> <img loading=\"lazy\" decoding=\"async\" class=\"aligncenter wp-image-6003\" src=\"https:\/\/soleilsky.com.tr\/shop\/wp-content\/uploads\/2021\/02\/7-3-300x143.jpg\" alt=\"\" width=\"809\" height=\"386\" srcset=\"https:\/\/soleilsky.com.tr\/shop\/wp-content\/uploads\/2021\/02\/7-3-300x143.jpg 300w, https:\/\/soleilsky.com.tr\/shop\/wp-content\/uploads\/2021\/02\/7-3-600x286.jpg 600w, https:\/\/soleilsky.com.tr\/shop\/wp-content\/uploads\/2021\/02\/7-3.jpg 940w\" sizes=\"(max-width: 809px) 100vw, 809px\" \/> <img loading=\"lazy\" decoding=\"async\" class=\"aligncenter wp-image-6004\" src=\"https:\/\/soleilsky.com.tr\/shop\/wp-content\/uploads\/2021\/02\/8-3-300x157.jpg\" alt=\"\" width=\"809\" height=\"424\" srcset=\"https:\/\/soleilsky.com.tr\/shop\/wp-content\/uploads\/2021\/02\/8-3-300x157.jpg 300w, https:\/\/soleilsky.com.tr\/shop\/wp-content\/uploads\/2021\/02\/8-3-600x315.jpg 600w, https:\/\/soleilsky.com.tr\/shop\/wp-content\/uploads\/2021\/02\/8-3.jpg 940w\" sizes=\"(max-width: 809px) 100vw, 809px\" \/> <img loading=\"lazy\" decoding=\"async\" class=\"aligncenter wp-image-6005\" src=\"https:\/\/soleilsky.com.tr\/shop\/wp-content\/uploads\/2021\/02\/9-2-300x135.jpg\" alt=\"\" width=\"809\" height=\"363\" srcset=\"https:\/\/soleilsky.com.tr\/shop\/wp-content\/uploads\/2021\/02\/9-2-300x135.jpg 300w, https:\/\/soleilsky.com.tr\/shop\/wp-content\/uploads\/2021\/02\/9-2-600x269.jpg 600w, https:\/\/soleilsky.com.tr\/shop\/wp-content\/uploads\/2021\/02\/9-2.jpg 940w\" sizes=\"(max-width: 809px) 100vw, 809px\" \/><\/p>\n","protected":false},"excerpt":{"rendered":"<h2 style=\"text-align: center;\"><strong>T-MOTOR T\u00dcRK\u0130YE YETK\u0130L\u0130 SATICISI\u00a0<\/strong><\/h2>\n<p><!--more--><\/p>\n<p style=\"text-align: center;\">G\u00dcC\u00dcN KRALI<\/p>\n<p style=\"text-align: center;\">T\u00dcM HAVA \u015eARTLARINA UYGUN<\/p>\n<p><!--more--><\/p>\n<h4 style=\"text-align: center;\">L\u00dcTFEN STOK VE F\u0130YAT B\u0130LG\u0130S\u0130 \u0130\u00c7\u0130N \u0130LET\u0130\u015e\u0130ME GE\u00c7\u0130N\u0130Z<\/h4>\n","protected":false},"featured_media":5987,"comment_status":"open","ping_status":"closed","template":"","meta":[],"product_cat":[390],"product_tag":[235,395,237,392,394,399],"_links":{"self":[{"href":"https:\/\/soleilsky.com.tr\/shop\/wp-json\/wp\/v2\/product\/5981"}],"collection":[{"href":"https:\/\/soleilsky.com.tr\/shop\/wp-json\/wp\/v2\/product"}],"about":[{"href":"https:\/\/soleilsky.com.tr\/shop\/wp-json\/wp\/v2\/types\/product"}],"replies":[{"embeddable":true,"href":"https:\/\/soleilsky.com.tr\/shop\/wp-json\/wp\/v2\/comments?post=5981"}],"wp:featuredmedia":[{"embeddable":true,"href":"https:\/\/soleilsky.com.tr\/shop\/wp-json\/wp\/v2\/media\/5987"}],"wp:attachment":[{"href":"https:\/\/soleilsky.com.tr\/shop\/wp-json\/wp\/v2\/media?parent=5981"}],"wp:term":[{"taxonomy":"product_cat","embeddable":true,"href":"https:\/\/soleilsky.com.tr\/shop\/wp-json\/wp\/v2\/product_cat?post=5981"},{"taxonomy":"product_tag","embeddable":true,"href":"https:\/\/soleilsky.com.tr\/shop\/wp-json\/wp\/v2\/product_tag?post=5981"}],"curies":[{"name":"wp","href":"https:\/\/api.w.org\/{rel}","templated":true}]}}