{"id":6065,"date":"2021-02-23T11:37:58","date_gmt":"2021-02-23T11:37:58","guid":{"rendered":"https:\/\/soleilsky.com.tr\/shop\/?post_type=product&#038;p=6065"},"modified":"2021-02-23T11:50:36","modified_gmt":"2021-02-23T11:50:36","slug":"t-motor-u15%e2%85%a1-kv80","status":"publish","type":"product","link":"https:\/\/soleilsky.com.tr\/shop\/urun\/t-motor-u15%e2%85%a1-kv80\/","title":{"rendered":"T-MOTOR U15\u2161 KV80"},"content":{"rendered":"<p><img loading=\"lazy\" decoding=\"async\" class=\"aligncenter wp-image-6066\" src=\"https:\/\/soleilsky.com.tr\/shop\/wp-content\/uploads\/2021\/02\/1-10-264x300.jpg\" alt=\"\" width=\"809\" height=\"921\" srcset=\"https:\/\/soleilsky.com.tr\/shop\/wp-content\/uploads\/2021\/02\/1-10-264x300.jpg 264w, https:\/\/soleilsky.com.tr\/shop\/wp-content\/uploads\/2021\/02\/1-10-900x1024.jpg 900w, https:\/\/soleilsky.com.tr\/shop\/wp-content\/uploads\/2021\/02\/1-10-768x874.jpg 768w, https:\/\/soleilsky.com.tr\/shop\/wp-content\/uploads\/2021\/02\/1-10-600x683.jpg 600w, https:\/\/soleilsky.com.tr\/shop\/wp-content\/uploads\/2021\/02\/1-10.jpg 940w\" sizes=\"(max-width: 809px) 100vw, 809px\" \/> <img loading=\"lazy\" decoding=\"async\" class=\"aligncenter wp-image-6067\" src=\"https:\/\/soleilsky.com.tr\/shop\/wp-content\/uploads\/2021\/02\/2-9-261x300.jpg\" alt=\"\" width=\"809\" height=\"929\" srcset=\"https:\/\/soleilsky.com.tr\/shop\/wp-content\/uploads\/2021\/02\/2-9-261x300.jpg 261w, https:\/\/soleilsky.com.tr\/shop\/wp-content\/uploads\/2021\/02\/2-9-892x1024.jpg 892w, https:\/\/soleilsky.com.tr\/shop\/wp-content\/uploads\/2021\/02\/2-9-768x882.jpg 768w, https:\/\/soleilsky.com.tr\/shop\/wp-content\/uploads\/2021\/02\/2-9-600x689.jpg 600w, https:\/\/soleilsky.com.tr\/shop\/wp-content\/uploads\/2021\/02\/2-9.jpg 940w\" sizes=\"(max-width: 809px) 100vw, 809px\" \/> <img loading=\"lazy\" decoding=\"async\" class=\"aligncenter wp-image-6068\" src=\"https:\/\/soleilsky.com.tr\/shop\/wp-content\/uploads\/2021\/02\/3-8-300x221.jpg\" alt=\"\" width=\"809\" height=\"595\" srcset=\"https:\/\/soleilsky.com.tr\/shop\/wp-content\/uploads\/2021\/02\/3-8-300x221.jpg 300w, https:\/\/soleilsky.com.tr\/shop\/wp-content\/uploads\/2021\/02\/3-8-768x565.jpg 768w, https:\/\/soleilsky.com.tr\/shop\/wp-content\/uploads\/2021\/02\/3-8-600x441.jpg 600w, https:\/\/soleilsky.com.tr\/shop\/wp-content\/uploads\/2021\/02\/3-8.jpg 940w\" sizes=\"(max-width: 809px) 100vw, 809px\" \/> <img loading=\"lazy\" decoding=\"async\" class=\"aligncenter wp-image-6069\" src=\"https:\/\/soleilsky.com.tr\/shop\/wp-content\/uploads\/2021\/02\/4-9-300x273.jpg\" alt=\"\" width=\"809\" height=\"737\" srcset=\"https:\/\/soleilsky.com.tr\/shop\/wp-content\/uploads\/2021\/02\/4-9-300x273.jpg 300w, https:\/\/soleilsky.com.tr\/shop\/wp-content\/uploads\/2021\/02\/4-9-768x699.jpg 768w, https:\/\/soleilsky.com.tr\/shop\/wp-content\/uploads\/2021\/02\/4-9-600x546.jpg 600w, https:\/\/soleilsky.com.tr\/shop\/wp-content\/uploads\/2021\/02\/4-9.jpg 940w\" sizes=\"(max-width: 809px) 100vw, 809px\" \/> <img loading=\"lazy\" decoding=\"async\" class=\"aligncenter wp-image-6070\" src=\"https:\/\/soleilsky.com.tr\/shop\/wp-content\/uploads\/2021\/02\/5-8-300x266.jpg\" alt=\"\" width=\"809\" height=\"716\" srcset=\"https:\/\/soleilsky.com.tr\/shop\/wp-content\/uploads\/2021\/02\/5-8-300x266.jpg 300w, https:\/\/soleilsky.com.tr\/shop\/wp-content\/uploads\/2021\/02\/5-8-768x680.jpg 768w, https:\/\/soleilsky.com.tr\/shop\/wp-content\/uploads\/2021\/02\/5-8-600x531.jpg 600w, https:\/\/soleilsky.com.tr\/shop\/wp-content\/uploads\/2021\/02\/5-8.jpg 940w\" sizes=\"(max-width: 809px) 100vw, 809px\" \/><\/p>\n","protected":false},"excerpt":{"rendered":"<h2 style=\"text-align: center;\"><strong>T-MOTOR T\u00dcRK\u0130YE YETK\u0130L\u0130 SATICISI\u00a0<\/strong><\/h2>\n<p><!--more--><\/p>\n<p style=\"text-align: center;\">Y\u00dcK TA\u015eIMACILI\u011eI VE \u0130NSANLI \u0130HA PROGRAMLARI \u0130\u00c7\u0130N<\/p>\n<p style=\"text-align: center;\">G\u00dcVENL\u0130L\u0130R VE KARARLI<\/p>\n<p style=\"text-align: center;\">DAHA Y\u00dcKSEK SU GE\u00c7\u0130RMEZL\u0130K VE TOZA DAYANIKLILIK SEV\u0130YES\u0130<\/p>\n<p><!--more--><\/p>\n<h4 style=\"text-align: center;\">L\u00dcTFEN STOK VE F\u0130YAT B\u0130LG\u0130S\u0130 \u0130\u00c7\u0130N \u0130LET\u0130\u015e\u0130ME GE\u00c7\u0130N\u0130Z<\/h4>\n<p>&nbsp;<\/p>\n","protected":false},"featured_media":6076,"comment_status":"open","ping_status":"closed","template":"","meta":[],"product_cat":[390],"product_tag":[235,395,237,392,394,403],"_links":{"self":[{"href":"https:\/\/soleilsky.com.tr\/shop\/wp-json\/wp\/v2\/product\/6065"}],"collection":[{"href":"https:\/\/soleilsky.com.tr\/shop\/wp-json\/wp\/v2\/product"}],"about":[{"href":"https:\/\/soleilsky.com.tr\/shop\/wp-json\/wp\/v2\/types\/product"}],"replies":[{"embeddable":true,"href":"https:\/\/soleilsky.com.tr\/shop\/wp-json\/wp\/v2\/comments?post=6065"}],"wp:featuredmedia":[{"embeddable":true,"href":"https:\/\/soleilsky.com.tr\/shop\/wp-json\/wp\/v2\/media\/6076"}],"wp:attachment":[{"href":"https:\/\/soleilsky.com.tr\/shop\/wp-json\/wp\/v2\/media?parent=6065"}],"wp:term":[{"taxonomy":"product_cat","embeddable":true,"href":"https:\/\/soleilsky.com.tr\/shop\/wp-json\/wp\/v2\/product_cat?post=6065"},{"taxonomy":"product_tag","embeddable":true,"href":"https:\/\/soleilsky.com.tr\/shop\/wp-json\/wp\/v2\/product_tag?post=6065"}],"curies":[{"name":"wp","href":"https:\/\/api.w.org\/{rel}","templated":true}]}}