{"id":6204,"date":"2021-02-23T14:13:16","date_gmt":"2021-02-23T14:13:16","guid":{"rendered":"https:\/\/soleilsky.com.tr\/shop\/?post_type=product&#038;p=6204"},"modified":"2021-02-23T14:21:39","modified_gmt":"2021-02-23T14:21:39","slug":"t-motoru-8-lite-l-kv95","status":"publish","type":"product","link":"https:\/\/soleilsky.com.tr\/shop\/urun\/t-motoru-8-lite-l-kv95\/","title":{"rendered":"T-MOTORU 8 Lite L KV95"},"content":{"rendered":"<p><img loading=\"lazy\" decoding=\"async\" class=\"aligncenter wp-image-6205\" src=\"https:\/\/soleilsky.com.tr\/shop\/wp-content\/uploads\/2021\/02\/A-18-300x291.jpg\" alt=\"\" width=\"809\" height=\"785\" srcset=\"https:\/\/soleilsky.com.tr\/shop\/wp-content\/uploads\/2021\/02\/A-18-300x291.jpg 300w, https:\/\/soleilsky.com.tr\/shop\/wp-content\/uploads\/2021\/02\/A-18-768x745.jpg 768w, https:\/\/soleilsky.com.tr\/shop\/wp-content\/uploads\/2021\/02\/A-18-600x582.jpg 600w, https:\/\/soleilsky.com.tr\/shop\/wp-content\/uploads\/2021\/02\/A-18.jpg 940w\" sizes=\"(max-width: 809px) 100vw, 809px\" \/> <img loading=\"lazy\" decoding=\"async\" class=\"aligncenter wp-image-6206\" src=\"https:\/\/soleilsky.com.tr\/shop\/wp-content\/uploads\/2021\/02\/B-10-300x267.jpg\" alt=\"\" width=\"809\" height=\"720\" srcset=\"https:\/\/soleilsky.com.tr\/shop\/wp-content\/uploads\/2021\/02\/B-10-300x267.jpg 300w, https:\/\/soleilsky.com.tr\/shop\/wp-content\/uploads\/2021\/02\/B-10-768x684.jpg 768w, https:\/\/soleilsky.com.tr\/shop\/wp-content\/uploads\/2021\/02\/B-10-600x534.jpg 600w, https:\/\/soleilsky.com.tr\/shop\/wp-content\/uploads\/2021\/02\/B-10.jpg 940w\" sizes=\"(max-width: 809px) 100vw, 809px\" \/> <img loading=\"lazy\" decoding=\"async\" class=\"aligncenter wp-image-6207\" src=\"https:\/\/soleilsky.com.tr\/shop\/wp-content\/uploads\/2021\/02\/C-11-281x300.jpg\" alt=\"\" width=\"809\" height=\"864\" srcset=\"https:\/\/soleilsky.com.tr\/shop\/wp-content\/uploads\/2021\/02\/C-11-281x300.jpg 281w, https:\/\/soleilsky.com.tr\/shop\/wp-content\/uploads\/2021\/02\/C-11-600x641.jpg 600w, https:\/\/soleilsky.com.tr\/shop\/wp-content\/uploads\/2021\/02\/C-11.jpg 940w\" sizes=\"(max-width: 809px) 100vw, 809px\" \/> <img loading=\"lazy\" decoding=\"async\" class=\"aligncenter wp-image-6208\" src=\"https:\/\/soleilsky.com.tr\/shop\/wp-content\/uploads\/2021\/02\/D-13-255x300.jpg\" alt=\"\" width=\"809\" height=\"953\" srcset=\"https:\/\/soleilsky.com.tr\/shop\/wp-content\/uploads\/2021\/02\/D-13-255x300.jpg 255w, https:\/\/soleilsky.com.tr\/shop\/wp-content\/uploads\/2021\/02\/D-13-870x1024.jpg 870w, https:\/\/soleilsky.com.tr\/shop\/wp-content\/uploads\/2021\/02\/D-13-768x904.jpg 768w, https:\/\/soleilsky.com.tr\/shop\/wp-content\/uploads\/2021\/02\/D-13-600x707.jpg 600w, https:\/\/soleilsky.com.tr\/shop\/wp-content\/uploads\/2021\/02\/D-13.jpg 940w\" sizes=\"(max-width: 809px) 100vw, 809px\" \/><\/p>\n","protected":false},"excerpt":{"rendered":"<h2 style=\"text-align: center;\"><strong>T-MOTOR T\u00dcRK\u0130YE YETK\u0130L\u0130 SATICISI\u00a0<\/strong><\/h2>\n<p><!--more--><\/p>\n<p style=\"text-align: center;\">A\u015eIRI G\u00dc\u00c7<\/p>\n<p style=\"text-align: center;\">3. NES\u0130L PERVANELER<\/p>\n<p><!--more--><\/p>\n<h4 style=\"text-align: center;\">L\u00dcTFEN STOK VE F\u0130YAT B\u0130LG\u0130S\u0130 \u0130\u00c7\u0130N \u0130LET\u0130\u015e\u0130ME GE\u00c7\u0130N\u0130Z<\/h4>\n<p>&nbsp;<\/p>\n","protected":false},"featured_media":6216,"comment_status":"open","ping_status":"closed","template":"","meta":[],"product_cat":[390],"product_tag":[235,395,237,392,394,407],"_links":{"self":[{"href":"https:\/\/soleilsky.com.tr\/shop\/wp-json\/wp\/v2\/product\/6204"}],"collection":[{"href":"https:\/\/soleilsky.com.tr\/shop\/wp-json\/wp\/v2\/product"}],"about":[{"href":"https:\/\/soleilsky.com.tr\/shop\/wp-json\/wp\/v2\/types\/product"}],"replies":[{"embeddable":true,"href":"https:\/\/soleilsky.com.tr\/shop\/wp-json\/wp\/v2\/comments?post=6204"}],"wp:featuredmedia":[{"embeddable":true,"href":"https:\/\/soleilsky.com.tr\/shop\/wp-json\/wp\/v2\/media\/6216"}],"wp:attachment":[{"href":"https:\/\/soleilsky.com.tr\/shop\/wp-json\/wp\/v2\/media?parent=6204"}],"wp:term":[{"taxonomy":"product_cat","embeddable":true,"href":"https:\/\/soleilsky.com.tr\/shop\/wp-json\/wp\/v2\/product_cat?post=6204"},{"taxonomy":"product_tag","embeddable":true,"href":"https:\/\/soleilsky.com.tr\/shop\/wp-json\/wp\/v2\/product_tag?post=6204"}],"curies":[{"name":"wp","href":"https:\/\/api.w.org\/{rel}","templated":true}]}}