{"id":6439,"date":"2021-02-24T08:45:26","date_gmt":"2021-02-24T08:45:26","guid":{"rendered":"https:\/\/soleilsky.com.tr\/shop\/?post_type=product&#038;p=6439"},"modified":"2021-02-24T08:56:45","modified_gmt":"2021-02-24T08:56:45","slug":"t-motor-mn3508-kv380","status":"publish","type":"product","link":"https:\/\/soleilsky.com.tr\/shop\/urun\/t-motor-mn3508-kv380\/","title":{"rendered":"T-MOTOR MN3508 KV380"},"content":{"rendered":"<p><img loading=\"lazy\" decoding=\"async\" class=\"size-medium wp-image-6440 aligncenter\" src=\"https:\/\/soleilsky.com.tr\/shop\/wp-content\/uploads\/2021\/02\/1-33-300x160.jpg\" alt=\"\" width=\"300\" height=\"160\" srcset=\"https:\/\/soleilsky.com.tr\/shop\/wp-content\/uploads\/2021\/02\/1-33-300x160.jpg 300w, https:\/\/soleilsky.com.tr\/shop\/wp-content\/uploads\/2021\/02\/1-33-600x319.jpg 600w, https:\/\/soleilsky.com.tr\/shop\/wp-content\/uploads\/2021\/02\/1-33.jpg 940w\" sizes=\"(max-width: 300px) 100vw, 300px\" \/> <img loading=\"lazy\" decoding=\"async\" class=\"size-medium wp-image-6441 aligncenter\" src=\"https:\/\/soleilsky.com.tr\/shop\/wp-content\/uploads\/2021\/02\/2-31-300x160.jpg\" alt=\"\" width=\"300\" height=\"160\" srcset=\"https:\/\/soleilsky.com.tr\/shop\/wp-content\/uploads\/2021\/02\/2-31-300x160.jpg 300w, https:\/\/soleilsky.com.tr\/shop\/wp-content\/uploads\/2021\/02\/2-31-600x319.jpg 600w, https:\/\/soleilsky.com.tr\/shop\/wp-content\/uploads\/2021\/02\/2-31.jpg 940w\" sizes=\"(max-width: 300px) 100vw, 300px\" \/> <img loading=\"lazy\" decoding=\"async\" class=\"size-medium wp-image-6442 aligncenter\" src=\"https:\/\/soleilsky.com.tr\/shop\/wp-content\/uploads\/2021\/02\/3-26-300x160.jpg\" alt=\"\" width=\"300\" height=\"160\" srcset=\"https:\/\/soleilsky.com.tr\/shop\/wp-content\/uploads\/2021\/02\/3-26-300x160.jpg 300w, https:\/\/soleilsky.com.tr\/shop\/wp-content\/uploads\/2021\/02\/3-26-600x319.jpg 600w, https:\/\/soleilsky.com.tr\/shop\/wp-content\/uploads\/2021\/02\/3-26.jpg 940w\" sizes=\"(max-width: 300px) 100vw, 300px\" \/> <img loading=\"lazy\" decoding=\"async\" class=\"size-medium wp-image-6443 aligncenter\" src=\"https:\/\/soleilsky.com.tr\/shop\/wp-content\/uploads\/2021\/02\/4-30-300x160.jpg\" alt=\"\" width=\"300\" height=\"160\" srcset=\"https:\/\/soleilsky.com.tr\/shop\/wp-content\/uploads\/2021\/02\/4-30-300x160.jpg 300w, https:\/\/soleilsky.com.tr\/shop\/wp-content\/uploads\/2021\/02\/4-30-600x319.jpg 600w, https:\/\/soleilsky.com.tr\/shop\/wp-content\/uploads\/2021\/02\/4-30.jpg 940w\" sizes=\"(max-width: 300px) 100vw, 300px\" \/> <img loading=\"lazy\" decoding=\"async\" class=\"size-medium wp-image-6444 aligncenter\" src=\"https:\/\/soleilsky.com.tr\/shop\/wp-content\/uploads\/2021\/02\/5-30-300x160.jpg\" alt=\"\" width=\"300\" height=\"160\" srcset=\"https:\/\/soleilsky.com.tr\/shop\/wp-content\/uploads\/2021\/02\/5-30-300x160.jpg 300w, https:\/\/soleilsky.com.tr\/shop\/wp-content\/uploads\/2021\/02\/5-30-600x319.jpg 600w, https:\/\/soleilsky.com.tr\/shop\/wp-content\/uploads\/2021\/02\/5-30.jpg 940w\" sizes=\"(max-width: 300px) 100vw, 300px\" \/> <img loading=\"lazy\" decoding=\"async\" class=\"size-medium wp-image-6445 aligncenter\" src=\"https:\/\/soleilsky.com.tr\/shop\/wp-content\/uploads\/2021\/02\/6-24-300x160.jpg\" alt=\"\" width=\"300\" height=\"160\" srcset=\"https:\/\/soleilsky.com.tr\/shop\/wp-content\/uploads\/2021\/02\/6-24-300x160.jpg 300w, https:\/\/soleilsky.com.tr\/shop\/wp-content\/uploads\/2021\/02\/6-24-600x319.jpg 600w, https:\/\/soleilsky.com.tr\/shop\/wp-content\/uploads\/2021\/02\/6-24.jpg 940w\" sizes=\"(max-width: 300px) 100vw, 300px\" \/> <img loading=\"lazy\" decoding=\"async\" class=\"size-medium wp-image-6446 aligncenter\" src=\"https:\/\/soleilsky.com.tr\/shop\/wp-content\/uploads\/2021\/02\/7-19-300x160.jpg\" alt=\"\" width=\"300\" height=\"160\" srcset=\"https:\/\/soleilsky.com.tr\/shop\/wp-content\/uploads\/2021\/02\/7-19-300x160.jpg 300w, https:\/\/soleilsky.com.tr\/shop\/wp-content\/uploads\/2021\/02\/7-19-600x319.jpg 600w, https:\/\/soleilsky.com.tr\/shop\/wp-content\/uploads\/2021\/02\/7-19.jpg 940w\" sizes=\"(max-width: 300px) 100vw, 300px\" \/><\/p>\n","protected":false},"excerpt":{"rendered":"<h2 style=\"text-align: center;\"><strong>T-MOTOR T\u00dcRK\u0130YE YETK\u0130L\u0130 SATICISI\u00a0<\/strong><\/h2>\n<p><!--more--><\/p>\n<p dir=\"ltr\" style=\"text-align: center;\" data-placeholder=\"\u00c7eviri\">N\u0130TEL\u0130KL\u0130 EZO RULMAN<\/p>\n<p dir=\"ltr\" style=\"text-align: center;\" data-placeholder=\"\u00c7eviri\">ESNEK MONTAJ DEL\u0130KLER\u0130<\/p>\n<p><!--more--><\/p>\n<h4 style=\"text-align: center;\">L\u00dcTFEN STOK VE F\u0130YAT B\u0130LG\u0130S\u0130 \u0130\u00c7\u0130N \u0130LET\u0130\u015e\u0130ME GE\u00c7\u0130N\u0130Z<\/h4>\n<p>&nbsp;<\/p>\n","protected":false},"featured_media":6455,"comment_status":"open","ping_status":"closed","template":"","meta":[],"product_cat":[390],"product_tag":[235,395,237,416,392,394],"_links":{"self":[{"href":"https:\/\/soleilsky.com.tr\/shop\/wp-json\/wp\/v2\/product\/6439"}],"collection":[{"href":"https:\/\/soleilsky.com.tr\/shop\/wp-json\/wp\/v2\/product"}],"about":[{"href":"https:\/\/soleilsky.com.tr\/shop\/wp-json\/wp\/v2\/types\/product"}],"replies":[{"embeddable":true,"href":"https:\/\/soleilsky.com.tr\/shop\/wp-json\/wp\/v2\/comments?post=6439"}],"wp:featuredmedia":[{"embeddable":true,"href":"https:\/\/soleilsky.com.tr\/shop\/wp-json\/wp\/v2\/media\/6455"}],"wp:attachment":[{"href":"https:\/\/soleilsky.com.tr\/shop\/wp-json\/wp\/v2\/media?parent=6439"}],"wp:term":[{"taxonomy":"product_cat","embeddable":true,"href":"https:\/\/soleilsky.com.tr\/shop\/wp-json\/wp\/v2\/product_cat?post=6439"},{"taxonomy":"product_tag","embeddable":true,"href":"https:\/\/soleilsky.com.tr\/shop\/wp-json\/wp\/v2\/product_tag?post=6439"}],"curies":[{"name":"wp","href":"https:\/\/api.w.org\/{rel}","templated":true}]}}