{"id":6565,"date":"2021-02-24T10:52:28","date_gmt":"2021-02-24T10:52:28","guid":{"rendered":"https:\/\/soleilsky.com.tr\/shop\/?post_type=product&#038;p=6565"},"modified":"2021-02-24T11:09:16","modified_gmt":"2021-02-24T11:09:16","slug":"t-motor-mn4012-kv340","status":"publish","type":"product","link":"https:\/\/soleilsky.com.tr\/shop\/urun\/t-motor-mn4012-kv340\/","title":{"rendered":"T-MOTOR MN4012 KV340"},"content":{"rendered":"<p><img loading=\"lazy\" decoding=\"async\" class=\"aligncenter wp-image-6566\" src=\"https:\/\/soleilsky.com.tr\/shop\/wp-content\/uploads\/2021\/02\/1591782315415433-300x160.jpg\" alt=\"\" width=\"809\" height=\"430\" srcset=\"https:\/\/soleilsky.com.tr\/shop\/wp-content\/uploads\/2021\/02\/1591782315415433-300x160.jpg 300w, https:\/\/soleilsky.com.tr\/shop\/wp-content\/uploads\/2021\/02\/1591782315415433-600x319.jpg 600w, https:\/\/soleilsky.com.tr\/shop\/wp-content\/uploads\/2021\/02\/1591782315415433.jpg 940w\" sizes=\"(max-width: 809px) 100vw, 809px\" \/> <img loading=\"lazy\" decoding=\"async\" class=\"aligncenter wp-image-6567\" src=\"https:\/\/soleilsky.com.tr\/shop\/wp-content\/uploads\/2021\/02\/1591782318227549-300x160.jpg\" alt=\"\" width=\"809\" height=\"430\" srcset=\"https:\/\/soleilsky.com.tr\/shop\/wp-content\/uploads\/2021\/02\/1591782318227549-300x160.jpg 300w, https:\/\/soleilsky.com.tr\/shop\/wp-content\/uploads\/2021\/02\/1591782318227549-600x319.jpg 600w, https:\/\/soleilsky.com.tr\/shop\/wp-content\/uploads\/2021\/02\/1591782318227549.jpg 940w\" sizes=\"(max-width: 809px) 100vw, 809px\" \/> <img loading=\"lazy\" decoding=\"async\" class=\"aligncenter wp-image-6568\" src=\"https:\/\/soleilsky.com.tr\/shop\/wp-content\/uploads\/2021\/02\/1591782318390321-300x160.jpg\" alt=\"\" width=\"809\" height=\"430\" srcset=\"https:\/\/soleilsky.com.tr\/shop\/wp-content\/uploads\/2021\/02\/1591782318390321-300x160.jpg 300w, https:\/\/soleilsky.com.tr\/shop\/wp-content\/uploads\/2021\/02\/1591782318390321-600x319.jpg 600w, https:\/\/soleilsky.com.tr\/shop\/wp-content\/uploads\/2021\/02\/1591782318390321.jpg 940w\" sizes=\"(max-width: 809px) 100vw, 809px\" \/> <img loading=\"lazy\" decoding=\"async\" class=\"aligncenter wp-image-6569\" src=\"https:\/\/soleilsky.com.tr\/shop\/wp-content\/uploads\/2021\/02\/1591782319954438-300x160.jpg\" alt=\"\" width=\"809\" height=\"430\" srcset=\"https:\/\/soleilsky.com.tr\/shop\/wp-content\/uploads\/2021\/02\/1591782319954438-300x160.jpg 300w, https:\/\/soleilsky.com.tr\/shop\/wp-content\/uploads\/2021\/02\/1591782319954438-600x319.jpg 600w, https:\/\/soleilsky.com.tr\/shop\/wp-content\/uploads\/2021\/02\/1591782319954438.jpg 940w\" sizes=\"(max-width: 809px) 100vw, 809px\" \/> <img loading=\"lazy\" decoding=\"async\" class=\"aligncenter wp-image-6570\" src=\"https:\/\/soleilsky.com.tr\/shop\/wp-content\/uploads\/2021\/02\/1591782320338159-300x160.jpg\" alt=\"\" width=\"809\" height=\"430\" srcset=\"https:\/\/soleilsky.com.tr\/shop\/wp-content\/uploads\/2021\/02\/1591782320338159-300x160.jpg 300w, https:\/\/soleilsky.com.tr\/shop\/wp-content\/uploads\/2021\/02\/1591782320338159-600x319.jpg 600w, https:\/\/soleilsky.com.tr\/shop\/wp-content\/uploads\/2021\/02\/1591782320338159.jpg 940w\" sizes=\"(max-width: 809px) 100vw, 809px\" \/> <img loading=\"lazy\" decoding=\"async\" class=\"aligncenter wp-image-6571\" src=\"https:\/\/soleilsky.com.tr\/shop\/wp-content\/uploads\/2021\/02\/1591782320953822-300x160.jpg\" alt=\"\" width=\"809\" height=\"430\" srcset=\"https:\/\/soleilsky.com.tr\/shop\/wp-content\/uploads\/2021\/02\/1591782320953822-300x160.jpg 300w, https:\/\/soleilsky.com.tr\/shop\/wp-content\/uploads\/2021\/02\/1591782320953822-600x319.jpg 600w, https:\/\/soleilsky.com.tr\/shop\/wp-content\/uploads\/2021\/02\/1591782320953822.jpg 940w\" sizes=\"(max-width: 809px) 100vw, 809px\" \/> <img loading=\"lazy\" decoding=\"async\" class=\"aligncenter wp-image-6572\" src=\"https:\/\/soleilsky.com.tr\/shop\/wp-content\/uploads\/2021\/02\/1591782322201246-300x160.jpg\" alt=\"\" width=\"809\" height=\"430\" srcset=\"https:\/\/soleilsky.com.tr\/shop\/wp-content\/uploads\/2021\/02\/1591782322201246-300x160.jpg 300w, https:\/\/soleilsky.com.tr\/shop\/wp-content\/uploads\/2021\/02\/1591782322201246-600x319.jpg 600w, https:\/\/soleilsky.com.tr\/shop\/wp-content\/uploads\/2021\/02\/1591782322201246.jpg 940w\" sizes=\"(max-width: 809px) 100vw, 809px\" \/><\/p>\n","protected":false},"excerpt":{"rendered":"<h2 style=\"text-align: center;\"><strong>T-MOTOR T\u00dcRK\u0130YE YETK\u0130L\u0130 SATICISI\u00a0<\/strong><\/h2>\n<p><!--more--><\/p>\n<p dir=\"ltr\" style=\"text-align: center;\" data-placeholder=\"\u00c7eviri\">UZUN U\u00c7U\u015e S\u00dcRES\u0130<\/p>\n<p dir=\"ltr\" style=\"text-align: center;\" data-placeholder=\"\u00c7eviri\">EN \u0130Y\u0130 U\u00c7U\u015e PERFORMANSI<\/p>\n<p><!--more--><\/p>\n<h4 style=\"text-align: center;\">L\u00dcTFEN STOK VE F\u0130YAT B\u0130LG\u0130S\u0130 \u0130\u00c7\u0130N \u0130LET\u0130\u015e\u0130ME GE\u00c7\u0130N\u0130Z<\/h4>\n<p>&nbsp;<\/p>\n","protected":false},"featured_media":6582,"comment_status":"open","ping_status":"closed","template":"","meta":[],"product_cat":[390],"product_tag":[235,395,237,421,392,394],"_links":{"self":[{"href":"https:\/\/soleilsky.com.tr\/shop\/wp-json\/wp\/v2\/product\/6565"}],"collection":[{"href":"https:\/\/soleilsky.com.tr\/shop\/wp-json\/wp\/v2\/product"}],"about":[{"href":"https:\/\/soleilsky.com.tr\/shop\/wp-json\/wp\/v2\/types\/product"}],"replies":[{"embeddable":true,"href":"https:\/\/soleilsky.com.tr\/shop\/wp-json\/wp\/v2\/comments?post=6565"}],"wp:featuredmedia":[{"embeddable":true,"href":"https:\/\/soleilsky.com.tr\/shop\/wp-json\/wp\/v2\/media\/6582"}],"wp:attachment":[{"href":"https:\/\/soleilsky.com.tr\/shop\/wp-json\/wp\/v2\/media?parent=6565"}],"wp:term":[{"taxonomy":"product_cat","embeddable":true,"href":"https:\/\/soleilsky.com.tr\/shop\/wp-json\/wp\/v2\/product_cat?post=6565"},{"taxonomy":"product_tag","embeddable":true,"href":"https:\/\/soleilsky.com.tr\/shop\/wp-json\/wp\/v2\/product_tag?post=6565"}],"curies":[{"name":"wp","href":"https:\/\/api.w.org\/{rel}","templated":true}]}}