{"id":6639,"date":"2021-02-24T12:20:43","date_gmt":"2021-02-24T12:20:43","guid":{"rendered":"https:\/\/soleilsky.com.tr\/shop\/?post_type=product&#038;p=6639"},"modified":"2021-02-24T12:36:09","modified_gmt":"2021-02-24T12:36:09","slug":"t-motor-mn1010-kv90","status":"publish","type":"product","link":"https:\/\/soleilsky.com.tr\/shop\/urun\/t-motor-mn1010-kv90\/","title":{"rendered":"T-MOTOR MN1010 KV90"},"content":{"rendered":"<p><img loading=\"lazy\" decoding=\"async\" class=\"aligncenter wp-image-6641\" src=\"https:\/\/soleilsky.com.tr\/shop\/wp-content\/uploads\/2021\/02\/1603092405678673-216x300.jpg\" alt=\"\" width=\"809\" height=\"1126\" srcset=\"https:\/\/soleilsky.com.tr\/shop\/wp-content\/uploads\/2021\/02\/1603092405678673-216x300.jpg 216w, https:\/\/soleilsky.com.tr\/shop\/wp-content\/uploads\/2021\/02\/1603092405678673-600x835.jpg 600w, https:\/\/soleilsky.com.tr\/shop\/wp-content\/uploads\/2021\/02\/1603092405678673-736x1024.jpg 736w, https:\/\/soleilsky.com.tr\/shop\/wp-content\/uploads\/2021\/02\/1603092405678673.jpg 940w\" sizes=\"(max-width: 809px) 100vw, 809px\" \/> <img loading=\"lazy\" decoding=\"async\" class=\"aligncenter wp-image-6640\" src=\"https:\/\/soleilsky.com.tr\/shop\/wp-content\/uploads\/2021\/02\/1603092405993664-235x300.jpg\" alt=\"\" width=\"809\" height=\"1034\" srcset=\"https:\/\/soleilsky.com.tr\/shop\/wp-content\/uploads\/2021\/02\/1603092405993664-235x300.jpg 235w, https:\/\/soleilsky.com.tr\/shop\/wp-content\/uploads\/2021\/02\/1603092405993664-801x1024.jpg 801w, https:\/\/soleilsky.com.tr\/shop\/wp-content\/uploads\/2021\/02\/1603092405993664-768x981.jpg 768w, https:\/\/soleilsky.com.tr\/shop\/wp-content\/uploads\/2021\/02\/1603092405993664-600x767.jpg 600w, https:\/\/soleilsky.com.tr\/shop\/wp-content\/uploads\/2021\/02\/1603092405993664.jpg 940w\" sizes=\"(max-width: 809px) 100vw, 809px\" \/><img loading=\"lazy\" decoding=\"async\" class=\"aligncenter wp-image-6643\" src=\"https:\/\/soleilsky.com.tr\/shop\/wp-content\/uploads\/2021\/02\/1603092405579827-172x300.jpg\" alt=\"\" width=\"809\" height=\"1411\" srcset=\"https:\/\/soleilsky.com.tr\/shop\/wp-content\/uploads\/2021\/02\/1603092405579827-172x300.jpg 172w, https:\/\/soleilsky.com.tr\/shop\/wp-content\/uploads\/2021\/02\/1603092405579827-587x1024.jpg 587w, https:\/\/soleilsky.com.tr\/shop\/wp-content\/uploads\/2021\/02\/1603092405579827-768x1339.jpg 768w, https:\/\/soleilsky.com.tr\/shop\/wp-content\/uploads\/2021\/02\/1603092405579827-881x1536.jpg 881w, https:\/\/soleilsky.com.tr\/shop\/wp-content\/uploads\/2021\/02\/1603092405579827-600x1046.jpg 600w, https:\/\/soleilsky.com.tr\/shop\/wp-content\/uploads\/2021\/02\/1603092405579827.jpg 940w\" sizes=\"(max-width: 809px) 100vw, 809px\" \/> <img loading=\"lazy\" decoding=\"async\" class=\"aligncenter wp-image-6642\" src=\"https:\/\/soleilsky.com.tr\/shop\/wp-content\/uploads\/2021\/02\/1603092405969708-300x212.jpg\" alt=\"\" width=\"809\" height=\"572\" srcset=\"https:\/\/soleilsky.com.tr\/shop\/wp-content\/uploads\/2021\/02\/1603092405969708-300x212.jpg 300w, https:\/\/soleilsky.com.tr\/shop\/wp-content\/uploads\/2021\/02\/1603092405969708-600x424.jpg 600w, https:\/\/soleilsky.com.tr\/shop\/wp-content\/uploads\/2021\/02\/1603092405969708.jpg 940w\" sizes=\"(max-width: 809px) 100vw, 809px\" \/><\/p>\n","protected":false},"excerpt":{"rendered":"<h2 style=\"text-align: center;\"><strong>T-MOTOR T\u00dcRK\u0130YE YETK\u0130L\u0130 SATICISI\u00a0<\/strong><\/h2>\n<p><!--more--><\/p>\n<p dir=\"ltr\" style=\"text-align: center;\" data-placeholder=\"\u00c7eviri\">VER\u0130ML\u0130 D\u0130SK MOTORU<\/p>\n<p dir=\"ltr\" style=\"text-align: center;\" data-placeholder=\"\u00c7eviri\">ISI DA\u011eILIMINDA M\u00dcKEMMEL\u0130YET<\/p>\n<p dir=\"ltr\" data-placeholder=\"\u00c7eviri\">\n<p><!--more--><\/p>\n<h4 style=\"text-align: center;\">L\u00dcTFEN STOK VE F\u0130YAT B\u0130LG\u0130S\u0130 \u0130\u00c7\u0130N \u0130LET\u0130\u015e\u0130ME GE\u00c7\u0130N\u0130Z<\/h4>\n<p>&nbsp;<\/p>\n","protected":false},"featured_media":6644,"comment_status":"open","ping_status":"closed","template":"","meta":[],"product_cat":[390],"product_tag":[235,395,237,425,392,394],"_links":{"self":[{"href":"https:\/\/soleilsky.com.tr\/shop\/wp-json\/wp\/v2\/product\/6639"}],"collection":[{"href":"https:\/\/soleilsky.com.tr\/shop\/wp-json\/wp\/v2\/product"}],"about":[{"href":"https:\/\/soleilsky.com.tr\/shop\/wp-json\/wp\/v2\/types\/product"}],"replies":[{"embeddable":true,"href":"https:\/\/soleilsky.com.tr\/shop\/wp-json\/wp\/v2\/comments?post=6639"}],"wp:featuredmedia":[{"embeddable":true,"href":"https:\/\/soleilsky.com.tr\/shop\/wp-json\/wp\/v2\/media\/6644"}],"wp:attachment":[{"href":"https:\/\/soleilsky.com.tr\/shop\/wp-json\/wp\/v2\/media?parent=6639"}],"wp:term":[{"taxonomy":"product_cat","embeddable":true,"href":"https:\/\/soleilsky.com.tr\/shop\/wp-json\/wp\/v2\/product_cat?post=6639"},{"taxonomy":"product_tag","embeddable":true,"href":"https:\/\/soleilsky.com.tr\/shop\/wp-json\/wp\/v2\/product_tag?post=6639"}],"curies":[{"name":"wp","href":"https:\/\/api.w.org\/{rel}","templated":true}]}}