{"id":7182,"date":"2021-03-01T13:30:11","date_gmt":"2021-03-01T13:30:11","guid":{"rendered":"https:\/\/soleilsky.com.tr\/shop\/?post_type=product&#038;p=7182"},"modified":"2021-03-01T13:39:33","modified_gmt":"2021-03-01T13:39:33","slug":"t-motor-antigravity-8014-kv100","status":"publish","type":"product","link":"https:\/\/soleilsky.com.tr\/shop\/urun\/t-motor-antigravity-8014-kv100\/","title":{"rendered":"T-MOTOR Antigravity 8014 KV100"},"content":{"rendered":"<p data-wp-editing=\"1\"><img loading=\"lazy\" decoding=\"async\" class=\"aligncenter wp-image-7197\" src=\"https:\/\/soleilsky.com.tr\/shop\/wp-content\/uploads\/2021\/03\/1-21-294x300.jpg\" alt=\"\" width=\"809\" height=\"825\" srcset=\"https:\/\/soleilsky.com.tr\/shop\/wp-content\/uploads\/2021\/03\/1-21-294x300.jpg 294w, https:\/\/soleilsky.com.tr\/shop\/wp-content\/uploads\/2021\/03\/1-21-600x612.jpg 600w, https:\/\/soleilsky.com.tr\/shop\/wp-content\/uploads\/2021\/03\/1-21.jpg 940w\" sizes=\"(max-width: 809px) 100vw, 809px\" \/> <img loading=\"lazy\" decoding=\"async\" class=\"aligncenter wp-image-7198\" src=\"https:\/\/soleilsky.com.tr\/shop\/wp-content\/uploads\/2021\/03\/2-20-300x147.jpg\" alt=\"\" width=\"809\" height=\"397\" srcset=\"https:\/\/soleilsky.com.tr\/shop\/wp-content\/uploads\/2021\/03\/2-20-300x147.jpg 300w, https:\/\/soleilsky.com.tr\/shop\/wp-content\/uploads\/2021\/03\/2-20-600x294.jpg 600w, https:\/\/soleilsky.com.tr\/shop\/wp-content\/uploads\/2021\/03\/2-20.jpg 940w\" sizes=\"(max-width: 809px) 100vw, 809px\" \/> <img loading=\"lazy\" decoding=\"async\" class=\"aligncenter wp-image-7199\" src=\"https:\/\/soleilsky.com.tr\/shop\/wp-content\/uploads\/2021\/03\/3-19-297x300.jpg\" alt=\"\" width=\"809\" height=\"818\" srcset=\"https:\/\/soleilsky.com.tr\/shop\/wp-content\/uploads\/2021\/03\/3-19-297x300.jpg 297w, https:\/\/soleilsky.com.tr\/shop\/wp-content\/uploads\/2021\/03\/3-19-600x606.jpg 600w, https:\/\/soleilsky.com.tr\/shop\/wp-content\/uploads\/2021\/03\/3-19.jpg 940w\" sizes=\"(max-width: 809px) 100vw, 809px\" \/> <img loading=\"lazy\" decoding=\"async\" class=\"aligncenter wp-image-7200\" src=\"https:\/\/soleilsky.com.tr\/shop\/wp-content\/uploads\/2021\/03\/4-19-197x300.jpg\" alt=\"\" width=\"809\" height=\"1233\" srcset=\"https:\/\/soleilsky.com.tr\/shop\/wp-content\/uploads\/2021\/03\/4-19-197x300.jpg 197w, https:\/\/soleilsky.com.tr\/shop\/wp-content\/uploads\/2021\/03\/4-19-600x915.jpg 600w, https:\/\/soleilsky.com.tr\/shop\/wp-content\/uploads\/2021\/03\/4-19-672x1024.jpg 672w, https:\/\/soleilsky.com.tr\/shop\/wp-content\/uploads\/2021\/03\/4-19.jpg 940w\" sizes=\"(max-width: 809px) 100vw, 809px\" \/> <img loading=\"lazy\" decoding=\"async\" class=\"aligncenter wp-image-7201\" src=\"https:\/\/soleilsky.com.tr\/shop\/wp-content\/uploads\/2021\/03\/5-19-224x300.jpg\" alt=\"\" width=\"809\" height=\"1084\" srcset=\"https:\/\/soleilsky.com.tr\/shop\/wp-content\/uploads\/2021\/03\/5-19-224x300.jpg 224w, https:\/\/soleilsky.com.tr\/shop\/wp-content\/uploads\/2021\/03\/5-19-600x804.jpg 600w, https:\/\/soleilsky.com.tr\/shop\/wp-content\/uploads\/2021\/03\/5-19-765x1024.jpg 765w, https:\/\/soleilsky.com.tr\/shop\/wp-content\/uploads\/2021\/03\/5-19.jpg 940w\" sizes=\"(max-width: 809px) 100vw, 809px\" \/><\/p>\n","protected":false},"excerpt":{"rendered":"<h2 style=\"text-align: center;\"><strong>T-MOTOR T\u00dcRK\u0130YE YETK\u0130L\u0130 SATICISI\u00a0<\/strong><\/h2>\n<p><!--more--><\/p>\n<p style=\"text-align: center;\">\u2022 ULTRA HAF\u0130F, Y\u00dcKSEK VER\u0130ML\u0130L\u0130K<br \/>\n\u2022 MAKS. \u0130TME:13.9kg, MOTOR A\u011eIRLI\u011eI:392g, G\u00dc\u00c7 ORANI:35<\/p>\n<p class=\"tw-data-text tw-text-large XcVN5d tw-ta\" dir=\"ltr\" style=\"text-align: center;\" data-placeholder=\"\u00c7eviri\"><!--more--><\/p>\n<h4 style=\"text-align: center;\">L\u00dcTFEN STOK VE F\u0130YAT B\u0130LG\u0130S\u0130 \u0130\u00c7\u0130N \u0130LET\u0130\u015e\u0130ME GE\u00c7\u0130N\u0130Z<\/h4>\n<p>&nbsp;<\/p>\n","protected":false},"featured_media":7192,"comment_status":"open","ping_status":"closed","template":"","meta":[],"product_cat":[390],"product_tag":[444,235,395,237,392,394],"_links":{"self":[{"href":"https:\/\/soleilsky.com.tr\/shop\/wp-json\/wp\/v2\/product\/7182"}],"collection":[{"href":"https:\/\/soleilsky.com.tr\/shop\/wp-json\/wp\/v2\/product"}],"about":[{"href":"https:\/\/soleilsky.com.tr\/shop\/wp-json\/wp\/v2\/types\/product"}],"replies":[{"embeddable":true,"href":"https:\/\/soleilsky.com.tr\/shop\/wp-json\/wp\/v2\/comments?post=7182"}],"wp:featuredmedia":[{"embeddable":true,"href":"https:\/\/soleilsky.com.tr\/shop\/wp-json\/wp\/v2\/media\/7192"}],"wp:attachment":[{"href":"https:\/\/soleilsky.com.tr\/shop\/wp-json\/wp\/v2\/media?parent=7182"}],"wp:term":[{"taxonomy":"product_cat","embeddable":true,"href":"https:\/\/soleilsky.com.tr\/shop\/wp-json\/wp\/v2\/product_cat?post=7182"},{"taxonomy":"product_tag","embeddable":true,"href":"https:\/\/soleilsky.com.tr\/shop\/wp-json\/wp\/v2\/product_tag?post=7182"}],"curies":[{"name":"wp","href":"https:\/\/api.w.org\/{rel}","templated":true}]}}