{"id":7285,"date":"2021-03-02T07:26:53","date_gmt":"2021-03-02T07:26:53","guid":{"rendered":"https:\/\/soleilsky.com.tr\/shop\/?post_type=product&#038;p=7285"},"modified":"2021-03-02T07:34:22","modified_gmt":"2021-03-02T07:34:22","slug":"t-motor-v10-kv160","status":"publish","type":"product","link":"https:\/\/soleilsky.com.tr\/shop\/urun\/t-motor-v10-kv160\/","title":{"rendered":"T-MOTOR V10 KV160"},"content":{"rendered":"<p><img loading=\"lazy\" decoding=\"async\" class=\"aligncenter wp-image-7290\" src=\"https:\/\/soleilsky.com.tr\/shop\/wp-content\/uploads\/2021\/03\/A-25-300x178.jpg\" alt=\"\" width=\"809\" height=\"480\" srcset=\"https:\/\/soleilsky.com.tr\/shop\/wp-content\/uploads\/2021\/03\/A-25-300x178.jpg 300w, https:\/\/soleilsky.com.tr\/shop\/wp-content\/uploads\/2021\/03\/A-25-600x356.jpg 600w, https:\/\/soleilsky.com.tr\/shop\/wp-content\/uploads\/2021\/03\/A-25.jpg 940w\" sizes=\"(max-width: 809px) 100vw, 809px\" \/> <img loading=\"lazy\" decoding=\"async\" class=\"aligncenter wp-image-7291\" src=\"https:\/\/soleilsky.com.tr\/shop\/wp-content\/uploads\/2021\/03\/B-23-300x205.jpg\" alt=\"\" width=\"809\" height=\"552\" srcset=\"https:\/\/soleilsky.com.tr\/shop\/wp-content\/uploads\/2021\/03\/B-23-300x205.jpg 300w, https:\/\/soleilsky.com.tr\/shop\/wp-content\/uploads\/2021\/03\/B-23-600x409.jpg 600w, https:\/\/soleilsky.com.tr\/shop\/wp-content\/uploads\/2021\/03\/B-23.jpg 940w\" sizes=\"(max-width: 809px) 100vw, 809px\" \/> <img loading=\"lazy\" decoding=\"async\" class=\"aligncenter wp-image-7292\" src=\"https:\/\/soleilsky.com.tr\/shop\/wp-content\/uploads\/2021\/03\/C-24-300x170.jpg\" alt=\"\" width=\"809\" height=\"459\" srcset=\"https:\/\/soleilsky.com.tr\/shop\/wp-content\/uploads\/2021\/03\/C-24-300x170.jpg 300w, https:\/\/soleilsky.com.tr\/shop\/wp-content\/uploads\/2021\/03\/C-24-600x340.jpg 600w, https:\/\/soleilsky.com.tr\/shop\/wp-content\/uploads\/2021\/03\/C-24.jpg 940w\" sizes=\"(max-width: 809px) 100vw, 809px\" \/> <img loading=\"lazy\" decoding=\"async\" class=\"aligncenter wp-image-7293\" src=\"https:\/\/soleilsky.com.tr\/shop\/wp-content\/uploads\/2021\/03\/D-24-300x183.jpg\" alt=\"\" width=\"809\" height=\"492\" srcset=\"https:\/\/soleilsky.com.tr\/shop\/wp-content\/uploads\/2021\/03\/D-24-300x183.jpg 300w, https:\/\/soleilsky.com.tr\/shop\/wp-content\/uploads\/2021\/03\/D-24-600x365.jpg 600w, https:\/\/soleilsky.com.tr\/shop\/wp-content\/uploads\/2021\/03\/D-24.jpg 940w\" sizes=\"(max-width: 809px) 100vw, 809px\" \/><\/p>\n","protected":false},"excerpt":{"rendered":"<h2 style=\"text-align: center;\"><strong>T-MOTOR T\u00dcRK\u0130YE YETK\u0130L\u0130 SATICISI\u00a0<\/strong><\/h2>\n<p class=\"tw-data-text tw-text-large XcVN5d tw-ta\" dir=\"ltr\" style=\"text-align: center;\" data-placeholder=\"\u00c7eviri\"><!--more--><\/p>\n<h4 style=\"text-align: center;\">L\u00dcTFEN STOK VE F\u0130YAT B\u0130LG\u0130S\u0130 \u0130\u00c7\u0130N \u0130LET\u0130\u015e\u0130ME GE\u00c7\u0130N\u0130Z<\/h4>\n<p>&nbsp;<\/p>\n","protected":false},"featured_media":7294,"comment_status":"open","ping_status":"closed","template":"","meta":[],"product_cat":[390],"product_tag":[235,395,237,392,394,450],"_links":{"self":[{"href":"https:\/\/soleilsky.com.tr\/shop\/wp-json\/wp\/v2\/product\/7285"}],"collection":[{"href":"https:\/\/soleilsky.com.tr\/shop\/wp-json\/wp\/v2\/product"}],"about":[{"href":"https:\/\/soleilsky.com.tr\/shop\/wp-json\/wp\/v2\/types\/product"}],"replies":[{"embeddable":true,"href":"https:\/\/soleilsky.com.tr\/shop\/wp-json\/wp\/v2\/comments?post=7285"}],"wp:featuredmedia":[{"embeddable":true,"href":"https:\/\/soleilsky.com.tr\/shop\/wp-json\/wp\/v2\/media\/7294"}],"wp:attachment":[{"href":"https:\/\/soleilsky.com.tr\/shop\/wp-json\/wp\/v2\/media?parent=7285"}],"wp:term":[{"taxonomy":"product_cat","embeddable":true,"href":"https:\/\/soleilsky.com.tr\/shop\/wp-json\/wp\/v2\/product_cat?post=7285"},{"taxonomy":"product_tag","embeddable":true,"href":"https:\/\/soleilsky.com.tr\/shop\/wp-json\/wp\/v2\/product_tag?post=7285"}],"curies":[{"name":"wp","href":"https:\/\/api.w.org\/{rel}","templated":true}]}}