{"id":7333,"date":"2021-03-02T08:10:21","date_gmt":"2021-03-02T08:10:21","guid":{"rendered":"https:\/\/soleilsky.com.tr\/shop\/?post_type=product&#038;p=7333"},"modified":"2021-03-02T12:19:38","modified_gmt":"2021-03-02T12:19:38","slug":"t-motor-alpha-60a-6s","status":"publish","type":"product","link":"https:\/\/soleilsky.com.tr\/shop\/urun\/t-motor-alpha-60a-6s\/","title":{"rendered":"T-MOTOR ALPHA 60A 6S"},"content":{"rendered":"<p><img loading=\"lazy\" decoding=\"async\" class=\"aligncenter wp-image-7334\" src=\"https:\/\/soleilsky.com.tr\/shop\/wp-content\/uploads\/2021\/03\/1-29-254x300.jpg\" alt=\"\" width=\"809\" height=\"957\" srcset=\"https:\/\/soleilsky.com.tr\/shop\/wp-content\/uploads\/2021\/03\/1-29-254x300.jpg 254w, https:\/\/soleilsky.com.tr\/shop\/wp-content\/uploads\/2021\/03\/1-29-600x710.jpg 600w, https:\/\/soleilsky.com.tr\/shop\/wp-content\/uploads\/2021\/03\/1-29-866x1024.jpg 866w, https:\/\/soleilsky.com.tr\/shop\/wp-content\/uploads\/2021\/03\/1-29.jpg 940w\" sizes=\"(max-width: 809px) 100vw, 809px\" \/> <img loading=\"lazy\" decoding=\"async\" class=\"aligncenter wp-image-7339\" src=\"https:\/\/soleilsky.com.tr\/shop\/wp-content\/uploads\/2021\/03\/1573616432450475-293x300.jpg\" alt=\"\" width=\"809\" height=\"828\" srcset=\"https:\/\/soleilsky.com.tr\/shop\/wp-content\/uploads\/2021\/03\/1573616432450475-293x300.jpg 293w, https:\/\/soleilsky.com.tr\/shop\/wp-content\/uploads\/2021\/03\/1573616432450475-600x614.jpg 600w, https:\/\/soleilsky.com.tr\/shop\/wp-content\/uploads\/2021\/03\/1573616432450475.jpg 940w\" sizes=\"(max-width: 809px) 100vw, 809px\" \/><img loading=\"lazy\" decoding=\"async\" class=\"aligncenter wp-image-7335\" src=\"https:\/\/soleilsky.com.tr\/shop\/wp-content\/uploads\/2021\/03\/3-27-251x300.jpg\" alt=\"\" width=\"809\" height=\"967\" srcset=\"https:\/\/soleilsky.com.tr\/shop\/wp-content\/uploads\/2021\/03\/3-27-251x300.jpg 251w, https:\/\/soleilsky.com.tr\/shop\/wp-content\/uploads\/2021\/03\/3-27-600x717.jpg 600w, https:\/\/soleilsky.com.tr\/shop\/wp-content\/uploads\/2021\/03\/3-27-856x1024.jpg 856w, https:\/\/soleilsky.com.tr\/shop\/wp-content\/uploads\/2021\/03\/3-27.jpg 940w\" sizes=\"(max-width: 809px) 100vw, 809px\" \/> <img loading=\"lazy\" decoding=\"async\" class=\"aligncenter wp-image-7336\" src=\"https:\/\/soleilsky.com.tr\/shop\/wp-content\/uploads\/2021\/03\/4-27-234x300.jpg\" alt=\"\" width=\"809\" height=\"1035\" srcset=\"https:\/\/soleilsky.com.tr\/shop\/wp-content\/uploads\/2021\/03\/4-27-234x300.jpg 234w, https:\/\/soleilsky.com.tr\/shop\/wp-content\/uploads\/2021\/03\/4-27-600x768.jpg 600w, https:\/\/soleilsky.com.tr\/shop\/wp-content\/uploads\/2021\/03\/4-27-800x1024.jpg 800w, https:\/\/soleilsky.com.tr\/shop\/wp-content\/uploads\/2021\/03\/4-27.jpg 940w\" sizes=\"(max-width: 809px) 100vw, 809px\" \/> <img loading=\"lazy\" decoding=\"async\" class=\"aligncenter wp-image-7337\" src=\"https:\/\/soleilsky.com.tr\/shop\/wp-content\/uploads\/2021\/03\/5-21-184x300.jpg\" alt=\"\" width=\"809\" height=\"1318\" srcset=\"https:\/\/soleilsky.com.tr\/shop\/wp-content\/uploads\/2021\/03\/5-21-184x300.jpg 184w, https:\/\/soleilsky.com.tr\/shop\/wp-content\/uploads\/2021\/03\/5-21-600x977.jpg 600w, https:\/\/soleilsky.com.tr\/shop\/wp-content\/uploads\/2021\/03\/5-21-629x1024.jpg 629w, https:\/\/soleilsky.com.tr\/shop\/wp-content\/uploads\/2021\/03\/5-21.jpg 940w\" sizes=\"(max-width: 809px) 100vw, 809px\" \/> <img loading=\"lazy\" decoding=\"async\" class=\"aligncenter wp-image-7338\" src=\"https:\/\/soleilsky.com.tr\/shop\/wp-content\/uploads\/2021\/03\/6-17-300x182.jpg\" alt=\"\" width=\"809\" height=\"491\" srcset=\"https:\/\/soleilsky.com.tr\/shop\/wp-content\/uploads\/2021\/03\/6-17-300x182.jpg 300w, https:\/\/soleilsky.com.tr\/shop\/wp-content\/uploads\/2021\/03\/6-17-600x364.jpg 600w, https:\/\/soleilsky.com.tr\/shop\/wp-content\/uploads\/2021\/03\/6-17.jpg 940w\" sizes=\"(max-width: 809px) 100vw, 809px\" \/> \u00a0<img loading=\"lazy\" decoding=\"async\" class=\"aligncenter wp-image-7340\" src=\"https:\/\/soleilsky.com.tr\/shop\/wp-content\/uploads\/2021\/03\/1573616437900065-238x300.gif\" alt=\"\" width=\"809\" height=\"1021\" srcset=\"https:\/\/soleilsky.com.tr\/shop\/wp-content\/uploads\/2021\/03\/1573616437900065-238x300.gif 238w, https:\/\/soleilsky.com.tr\/shop\/wp-content\/uploads\/2021\/03\/1573616437900065-600x757.gif 600w, https:\/\/soleilsky.com.tr\/shop\/wp-content\/uploads\/2021\/03\/1573616437900065-812x1024.gif 812w\" sizes=\"(max-width: 809px) 100vw, 809px\" \/><\/p>\n","protected":false},"excerpt":{"rendered":"<h2 style=\"text-align: center;\"><strong>T-MOTOR T\u00dcRK\u0130YE YETK\u0130L\u0130 SATICISI\u00a0<\/strong><\/h2>\n<p class=\"tw-data-text tw-text-large XcVN5d tw-ta\" dir=\"ltr\" style=\"text-align: center;\" data-placeholder=\"\u00c7eviri\"><!--more--><\/p>\n<p id=\"tw-target-text\" class=\"tw-data-text tw-text-large XcVN5d tw-ta\" dir=\"ltr\" style=\"text-align: center;\" data-placeholder=\"\u00c7eviri\"><span lang=\"tr\">\u2022 D\u00fc\u015f\u00fck G\u00fcr\u00fclt\u00fc, S\u0131cakl\u0131k ve Parazit <\/span><\/p>\n<p class=\"tw-data-text tw-text-large XcVN5d tw-ta\" dir=\"ltr\" style=\"text-align: center;\" data-placeholder=\"\u00c7eviri\"><span lang=\"tr\">\u2022 H\u0131zl\u0131 Tepki, Y\u00fcksek Verimlilik<\/span><\/p>\n<p style=\"text-align: center;\"><!--more--><\/p>\n<h4 style=\"text-align: center;\">L\u00dcTFEN STOK VE F\u0130YAT B\u0130LG\u0130S\u0130 \u0130\u00c7\u0130N \u0130LET\u0130\u015e\u0130ME GE\u00c7\u0130N\u0130Z<\/h4>\n<p>&nbsp;<\/p>\n<p>&nbsp;<\/p>\n","protected":false},"featured_media":7341,"comment_status":"open","ping_status":"closed","template":"","meta":[],"product_cat":[452,390],"product_tag":[455,235,466,395,465,237,468,467,392,394],"_links":{"self":[{"href":"https:\/\/soleilsky.com.tr\/shop\/wp-json\/wp\/v2\/product\/7333"}],"collection":[{"href":"https:\/\/soleilsky.com.tr\/shop\/wp-json\/wp\/v2\/product"}],"about":[{"href":"https:\/\/soleilsky.com.tr\/shop\/wp-json\/wp\/v2\/types\/product"}],"replies":[{"embeddable":true,"href":"https:\/\/soleilsky.com.tr\/shop\/wp-json\/wp\/v2\/comments?post=7333"}],"wp:featuredmedia":[{"embeddable":true,"href":"https:\/\/soleilsky.com.tr\/shop\/wp-json\/wp\/v2\/media\/7341"}],"wp:attachment":[{"href":"https:\/\/soleilsky.com.tr\/shop\/wp-json\/wp\/v2\/media?parent=7333"}],"wp:term":[{"taxonomy":"product_cat","embeddable":true,"href":"https:\/\/soleilsky.com.tr\/shop\/wp-json\/wp\/v2\/product_cat?post=7333"},{"taxonomy":"product_tag","embeddable":true,"href":"https:\/\/soleilsky.com.tr\/shop\/wp-json\/wp\/v2\/product_tag?post=7333"}],"curies":[{"name":"wp","href":"https:\/\/api.w.org\/{rel}","templated":true}]}}