{"id":7427,"date":"2021-03-02T09:41:26","date_gmt":"2021-03-02T09:41:26","guid":{"rendered":"https:\/\/soleilsky.com.tr\/shop\/?post_type=product&#038;p=7427"},"modified":"2021-03-02T12:07:18","modified_gmt":"2021-03-02T12:07:18","slug":"t-motor-alpha-120a-12s","status":"publish","type":"product","link":"https:\/\/soleilsky.com.tr\/shop\/urun\/t-motor-alpha-120a-12s\/","title":{"rendered":"T-MOTOR ALPHA 120A 12S"},"content":{"rendered":"<p data-wp-editing=\"1\"><img loading=\"lazy\" decoding=\"async\" class=\"aligncenter wp-image-7440\" src=\"https:\/\/soleilsky.com.tr\/shop\/wp-content\/uploads\/2021\/03\/1573617529540315-1-254x300.jpg\" alt=\"\" width=\"809\" height=\"957\" srcset=\"https:\/\/soleilsky.com.tr\/shop\/wp-content\/uploads\/2021\/03\/1573617529540315-1-254x300.jpg 254w, https:\/\/soleilsky.com.tr\/shop\/wp-content\/uploads\/2021\/03\/1573617529540315-1-600x710.jpg 600w, https:\/\/soleilsky.com.tr\/shop\/wp-content\/uploads\/2021\/03\/1573617529540315-1-866x1024.jpg 866w, https:\/\/soleilsky.com.tr\/shop\/wp-content\/uploads\/2021\/03\/1573617529540315-1.jpg 940w\" sizes=\"(max-width: 809px) 100vw, 809px\" \/> <img loading=\"lazy\" decoding=\"async\" class=\"aligncenter wp-image-7441\" src=\"https:\/\/soleilsky.com.tr\/shop\/wp-content\/uploads\/2021\/03\/1573617530651568-1-293x300.jpg\" alt=\"\" width=\"809\" height=\"828\" srcset=\"https:\/\/soleilsky.com.tr\/shop\/wp-content\/uploads\/2021\/03\/1573617530651568-1-293x300.jpg 293w, https:\/\/soleilsky.com.tr\/shop\/wp-content\/uploads\/2021\/03\/1573617530651568-1-600x614.jpg 600w, https:\/\/soleilsky.com.tr\/shop\/wp-content\/uploads\/2021\/03\/1573617530651568-1.jpg 940w\" sizes=\"(max-width: 809px) 100vw, 809px\" \/> <img loading=\"lazy\" decoding=\"async\" class=\"aligncenter wp-image-7442\" src=\"https:\/\/soleilsky.com.tr\/shop\/wp-content\/uploads\/2021\/03\/1573617530833815-1-251x300.jpg\" alt=\"\" width=\"809\" height=\"967\" srcset=\"https:\/\/soleilsky.com.tr\/shop\/wp-content\/uploads\/2021\/03\/1573617530833815-1-251x300.jpg 251w, https:\/\/soleilsky.com.tr\/shop\/wp-content\/uploads\/2021\/03\/1573617530833815-1-600x717.jpg 600w, https:\/\/soleilsky.com.tr\/shop\/wp-content\/uploads\/2021\/03\/1573617530833815-1-856x1024.jpg 856w, https:\/\/soleilsky.com.tr\/shop\/wp-content\/uploads\/2021\/03\/1573617530833815-1.jpg 940w\" sizes=\"(max-width: 809px) 100vw, 809px\" \/> <img loading=\"lazy\" decoding=\"async\" class=\"aligncenter wp-image-7443\" src=\"https:\/\/soleilsky.com.tr\/shop\/wp-content\/uploads\/2021\/03\/1573617531592569-1-234x300.jpg\" alt=\"\" width=\"809\" height=\"1035\" srcset=\"https:\/\/soleilsky.com.tr\/shop\/wp-content\/uploads\/2021\/03\/1573617531592569-1-234x300.jpg 234w, https:\/\/soleilsky.com.tr\/shop\/wp-content\/uploads\/2021\/03\/1573617531592569-1-600x768.jpg 600w, https:\/\/soleilsky.com.tr\/shop\/wp-content\/uploads\/2021\/03\/1573617531592569-1-800x1024.jpg 800w, https:\/\/soleilsky.com.tr\/shop\/wp-content\/uploads\/2021\/03\/1573617531592569-1.jpg 940w\" sizes=\"(max-width: 809px) 100vw, 809px\" \/> <img loading=\"lazy\" decoding=\"async\" class=\"aligncenter wp-image-7444\" src=\"https:\/\/soleilsky.com.tr\/shop\/wp-content\/uploads\/2021\/03\/1573617532242952-1-184x300.jpg\" alt=\"\" width=\"809\" height=\"1318\" srcset=\"https:\/\/soleilsky.com.tr\/shop\/wp-content\/uploads\/2021\/03\/1573617532242952-1-184x300.jpg 184w, https:\/\/soleilsky.com.tr\/shop\/wp-content\/uploads\/2021\/03\/1573617532242952-1-600x977.jpg 600w, https:\/\/soleilsky.com.tr\/shop\/wp-content\/uploads\/2021\/03\/1573617532242952-1-629x1024.jpg 629w, https:\/\/soleilsky.com.tr\/shop\/wp-content\/uploads\/2021\/03\/1573617532242952-1.jpg 940w\" sizes=\"(max-width: 809px) 100vw, 809px\" \/> <img loading=\"lazy\" decoding=\"async\" class=\"aligncenter wp-image-7445\" src=\"https:\/\/soleilsky.com.tr\/shop\/wp-content\/uploads\/2021\/03\/1573617533571848-1-300x182.jpg\" alt=\"\" width=\"809\" height=\"491\" srcset=\"https:\/\/soleilsky.com.tr\/shop\/wp-content\/uploads\/2021\/03\/1573617533571848-1-300x182.jpg 300w, https:\/\/soleilsky.com.tr\/shop\/wp-content\/uploads\/2021\/03\/1573617533571848-1-600x364.jpg 600w, https:\/\/soleilsky.com.tr\/shop\/wp-content\/uploads\/2021\/03\/1573617533571848-1.jpg 940w\" sizes=\"(max-width: 809px) 100vw, 809px\" \/> <img loading=\"lazy\" decoding=\"async\" class=\"aligncenter wp-image-7446\" src=\"https:\/\/soleilsky.com.tr\/shop\/wp-content\/uploads\/2021\/03\/1573617536214030-1-238x300.gif\" alt=\"\" width=\"809\" height=\"1021\" srcset=\"https:\/\/soleilsky.com.tr\/shop\/wp-content\/uploads\/2021\/03\/1573617536214030-1-238x300.gif 238w, https:\/\/soleilsky.com.tr\/shop\/wp-content\/uploads\/2021\/03\/1573617536214030-1-600x757.gif 600w, https:\/\/soleilsky.com.tr\/shop\/wp-content\/uploads\/2021\/03\/1573617536214030-1-812x1024.gif 812w\" sizes=\"(max-width: 809px) 100vw, 809px\" \/><\/p>\n","protected":false},"excerpt":{"rendered":"<h2 style=\"text-align: center;\"><strong>T-MOTOR T\u00dcRK\u0130YE YETK\u0130L\u0130 SATICISI\u00a0<\/strong><\/h2>\n<p class=\"tw-data-text tw-text-large XcVN5d tw-ta\" dir=\"ltr\" style=\"text-align: center;\" data-placeholder=\"\u00c7eviri\"><!--more--><\/p>\n<p id=\"tw-target-text\" class=\"tw-data-text tw-text-large XcVN5d tw-ta\" dir=\"ltr\" style=\"text-align: center;\" data-placeholder=\"\u00c7eviri\"><span lang=\"tr\">\u2022 D\u00fc\u015f\u00fck G\u00fcr\u00fclt\u00fc, S\u0131cakl\u0131k ve Parazit <\/span><\/p>\n<p class=\"tw-data-text tw-text-large XcVN5d tw-ta\" dir=\"ltr\" style=\"text-align: center;\" data-placeholder=\"\u00c7eviri\"><span lang=\"tr\">\u2022 H\u0131zl\u0131 Tepki, Y\u00fcksek Verimlilik<\/span><\/p>\n<p style=\"text-align: center;\"><!--more--><\/p>\n<h4 style=\"text-align: center;\">L\u00dcTFEN STOK VE F\u0130YAT B\u0130LG\u0130S\u0130 \u0130\u00c7\u0130N \u0130LET\u0130\u015e\u0130ME GE\u00c7\u0130N\u0130Z<\/h4>\n<p>&nbsp;<\/p>\n<p>&nbsp;<\/p>\n","protected":false},"featured_media":7435,"comment_status":"open","ping_status":"closed","template":"","meta":[],"product_cat":[452,390],"product_tag":[459,235,466,395,465,237,468,467,392,394],"_links":{"self":[{"href":"https:\/\/soleilsky.com.tr\/shop\/wp-json\/wp\/v2\/product\/7427"}],"collection":[{"href":"https:\/\/soleilsky.com.tr\/shop\/wp-json\/wp\/v2\/product"}],"about":[{"href":"https:\/\/soleilsky.com.tr\/shop\/wp-json\/wp\/v2\/types\/product"}],"replies":[{"embeddable":true,"href":"https:\/\/soleilsky.com.tr\/shop\/wp-json\/wp\/v2\/comments?post=7427"}],"wp:featuredmedia":[{"embeddable":true,"href":"https:\/\/soleilsky.com.tr\/shop\/wp-json\/wp\/v2\/media\/7435"}],"wp:attachment":[{"href":"https:\/\/soleilsky.com.tr\/shop\/wp-json\/wp\/v2\/media?parent=7427"}],"wp:term":[{"taxonomy":"product_cat","embeddable":true,"href":"https:\/\/soleilsky.com.tr\/shop\/wp-json\/wp\/v2\/product_cat?post=7427"},{"taxonomy":"product_tag","embeddable":true,"href":"https:\/\/soleilsky.com.tr\/shop\/wp-json\/wp\/v2\/product_tag?post=7427"}],"curies":[{"name":"wp","href":"https:\/\/api.w.org\/{rel}","templated":true}]}}