{"id":7474,"date":"2021-03-02T10:44:35","date_gmt":"2021-03-02T10:44:35","guid":{"rendered":"https:\/\/soleilsky.com.tr\/shop\/?post_type=product&#038;p=7474"},"modified":"2021-03-02T12:03:32","modified_gmt":"2021-03-02T12:03:32","slug":"t-motor-flame-70a-6s","status":"publish","type":"product","link":"https:\/\/soleilsky.com.tr\/shop\/urun\/t-motor-flame-70a-6s\/","title":{"rendered":"T-MOTOR FLAME 70A 6S"},"content":{"rendered":"<p data-wp-editing=\"1\"><img loading=\"lazy\" decoding=\"async\" class=\"aligncenter wp-image-7482\" src=\"https:\/\/soleilsky.com.tr\/shop\/wp-content\/uploads\/2021\/03\/1591319946264886-300x144.jpg\" alt=\"\" width=\"809\" height=\"387\" srcset=\"https:\/\/soleilsky.com.tr\/shop\/wp-content\/uploads\/2021\/03\/1591319946264886-300x144.jpg 300w, https:\/\/soleilsky.com.tr\/shop\/wp-content\/uploads\/2021\/03\/1591319946264886-600x287.jpg 600w, https:\/\/soleilsky.com.tr\/shop\/wp-content\/uploads\/2021\/03\/1591319946264886.jpg 940w\" sizes=\"(max-width: 809px) 100vw, 809px\" \/> <img loading=\"lazy\" decoding=\"async\" class=\"aligncenter wp-image-7483\" src=\"https:\/\/soleilsky.com.tr\/shop\/wp-content\/uploads\/2021\/03\/1591319962255671-300x160.jpg\" alt=\"\" width=\"809\" height=\"430\" srcset=\"https:\/\/soleilsky.com.tr\/shop\/wp-content\/uploads\/2021\/03\/1591319962255671-300x160.jpg 300w, https:\/\/soleilsky.com.tr\/shop\/wp-content\/uploads\/2021\/03\/1591319962255671-600x319.jpg 600w, https:\/\/soleilsky.com.tr\/shop\/wp-content\/uploads\/2021\/03\/1591319962255671.jpg 940w\" sizes=\"(max-width: 809px) 100vw, 809px\" \/> <img loading=\"lazy\" decoding=\"async\" class=\"aligncenter wp-image-7484\" src=\"https:\/\/soleilsky.com.tr\/shop\/wp-content\/uploads\/2021\/03\/1591319924419071-1-300x160.jpg\" alt=\"\" width=\"809\" height=\"431\" srcset=\"https:\/\/soleilsky.com.tr\/shop\/wp-content\/uploads\/2021\/03\/1591319924419071-1-300x160.jpg 300w, https:\/\/soleilsky.com.tr\/shop\/wp-content\/uploads\/2021\/03\/1591319924419071-1-600x320.jpg 600w, https:\/\/soleilsky.com.tr\/shop\/wp-content\/uploads\/2021\/03\/1591319924419071-1.jpg 940w\" sizes=\"(max-width: 809px) 100vw, 809px\" \/> <img loading=\"lazy\" decoding=\"async\" class=\"aligncenter wp-image-7485\" src=\"https:\/\/soleilsky.com.tr\/shop\/wp-content\/uploads\/2021\/03\/1591319924639417-1-300x214.jpg\" alt=\"\" width=\"809\" height=\"578\" srcset=\"https:\/\/soleilsky.com.tr\/shop\/wp-content\/uploads\/2021\/03\/1591319924639417-1-300x214.jpg 300w, https:\/\/soleilsky.com.tr\/shop\/wp-content\/uploads\/2021\/03\/1591319924639417-1-600x429.jpg 600w, https:\/\/soleilsky.com.tr\/shop\/wp-content\/uploads\/2021\/03\/1591319924639417-1.jpg 940w\" sizes=\"(max-width: 809px) 100vw, 809px\" \/> <img loading=\"lazy\" decoding=\"async\" class=\"aligncenter wp-image-7486\" src=\"https:\/\/soleilsky.com.tr\/shop\/wp-content\/uploads\/2021\/03\/1591319924870646-1-300x226.jpg\" alt=\"\" width=\"809\" height=\"609\" srcset=\"https:\/\/soleilsky.com.tr\/shop\/wp-content\/uploads\/2021\/03\/1591319924870646-1-300x226.jpg 300w, https:\/\/soleilsky.com.tr\/shop\/wp-content\/uploads\/2021\/03\/1591319924870646-1-600x452.jpg 600w, https:\/\/soleilsky.com.tr\/shop\/wp-content\/uploads\/2021\/03\/1591319924870646-1.jpg 940w\" sizes=\"(max-width: 809px) 100vw, 809px\" \/> <img loading=\"lazy\" decoding=\"async\" class=\"aligncenter wp-image-7487\" src=\"https:\/\/soleilsky.com.tr\/shop\/wp-content\/uploads\/2021\/03\/1591319924916287-1-300x159.jpg\" alt=\"\" width=\"809\" height=\"428\" srcset=\"https:\/\/soleilsky.com.tr\/shop\/wp-content\/uploads\/2021\/03\/1591319924916287-1-300x159.jpg 300w, https:\/\/soleilsky.com.tr\/shop\/wp-content\/uploads\/2021\/03\/1591319924916287-1-600x317.jpg 600w, https:\/\/soleilsky.com.tr\/shop\/wp-content\/uploads\/2021\/03\/1591319924916287-1.jpg 940w\" sizes=\"(max-width: 809px) 100vw, 809px\" \/> <img loading=\"lazy\" decoding=\"async\" class=\"aligncenter wp-image-7488\" src=\"https:\/\/soleilsky.com.tr\/shop\/wp-content\/uploads\/2021\/03\/1591319925529364-1-300x202.jpg\" alt=\"\" width=\"809\" height=\"544\" srcset=\"https:\/\/soleilsky.com.tr\/shop\/wp-content\/uploads\/2021\/03\/1591319925529364-1-300x202.jpg 300w, https:\/\/soleilsky.com.tr\/shop\/wp-content\/uploads\/2021\/03\/1591319925529364-1-600x403.jpg 600w, https:\/\/soleilsky.com.tr\/shop\/wp-content\/uploads\/2021\/03\/1591319925529364-1.jpg 940w\" sizes=\"(max-width: 809px) 100vw, 809px\" \/> <img loading=\"lazy\" decoding=\"async\" class=\"aligncenter wp-image-7489\" src=\"https:\/\/soleilsky.com.tr\/shop\/wp-content\/uploads\/2021\/03\/1591319926316609-1-300x186.jpg\" alt=\"\" width=\"809\" height=\"503\" srcset=\"https:\/\/soleilsky.com.tr\/shop\/wp-content\/uploads\/2021\/03\/1591319926316609-1-300x186.jpg 300w, https:\/\/soleilsky.com.tr\/shop\/wp-content\/uploads\/2021\/03\/1591319926316609-1-600x373.jpg 600w, https:\/\/soleilsky.com.tr\/shop\/wp-content\/uploads\/2021\/03\/1591319926316609-1.jpg 940w\" sizes=\"(max-width: 809px) 100vw, 809px\" \/> <img loading=\"lazy\" decoding=\"async\" class=\"aligncenter wp-image-7490\" src=\"https:\/\/soleilsky.com.tr\/shop\/wp-content\/uploads\/2021\/03\/1591319926553007-1-300x197.jpg\" alt=\"\" width=\"809\" height=\"530\" srcset=\"https:\/\/soleilsky.com.tr\/shop\/wp-content\/uploads\/2021\/03\/1591319926553007-1-300x197.jpg 300w, https:\/\/soleilsky.com.tr\/shop\/wp-content\/uploads\/2021\/03\/1591319926553007-1-600x393.jpg 600w, https:\/\/soleilsky.com.tr\/shop\/wp-content\/uploads\/2021\/03\/1591319926553007-1.jpg 940w\" sizes=\"(max-width: 809px) 100vw, 809px\" \/><\/p>\n","protected":false},"excerpt":{"rendered":"<h2 style=\"text-align: center;\"><strong>T-MOTOR T\u00dcRK\u0130YE YETK\u0130L\u0130 SATICISI\u00a0<\/strong><\/h2>\n<p class=\"tw-data-text tw-text-large XcVN5d tw-ta\" dir=\"ltr\" style=\"text-align: center;\" data-placeholder=\"\u00c7eviri\"><!--more--><\/p>\n<p id=\"tw-target-text\" class=\"tw-data-text tw-text-large XcVN5d tw-ta\" dir=\"ltr\" style=\"text-align: center;\" data-placeholder=\"\u00c7eviri\"><span lang=\"tr\">\u2022 Katmanl\u0131 yap\u0131 <\/span><\/p>\n<p style=\"text-align: center;\"><span lang=\"tr\">\u2022 <\/span><span lang=\"tr\">MN5208 MN5212 U8 ile daha iyi uyumluluk<\/span><\/p>\n<p style=\"text-align: center;\"><!--more--><\/p>\n<h4 style=\"text-align: center;\">L\u00dcTFEN STOK VE F\u0130YAT B\u0130LG\u0130S\u0130 \u0130\u00c7\u0130N \u0130LET\u0130\u015e\u0130ME GE\u00c7\u0130N\u0130Z<\/h4>\n<p>&nbsp;<\/p>\n<p>&nbsp;<\/p>\n","protected":false},"featured_media":7491,"comment_status":"open","ping_status":"closed","template":"","meta":[],"product_cat":[452,390],"product_tag":[235,466,395,465,461,237,468,467,392,394],"_links":{"self":[{"href":"https:\/\/soleilsky.com.tr\/shop\/wp-json\/wp\/v2\/product\/7474"}],"collection":[{"href":"https:\/\/soleilsky.com.tr\/shop\/wp-json\/wp\/v2\/product"}],"about":[{"href":"https:\/\/soleilsky.com.tr\/shop\/wp-json\/wp\/v2\/types\/product"}],"replies":[{"embeddable":true,"href":"https:\/\/soleilsky.com.tr\/shop\/wp-json\/wp\/v2\/comments?post=7474"}],"wp:featuredmedia":[{"embeddable":true,"href":"https:\/\/soleilsky.com.tr\/shop\/wp-json\/wp\/v2\/media\/7491"}],"wp:attachment":[{"href":"https:\/\/soleilsky.com.tr\/shop\/wp-json\/wp\/v2\/media?parent=7474"}],"wp:term":[{"taxonomy":"product_cat","embeddable":true,"href":"https:\/\/soleilsky.com.tr\/shop\/wp-json\/wp\/v2\/product_cat?post=7474"},{"taxonomy":"product_tag","embeddable":true,"href":"https:\/\/soleilsky.com.tr\/shop\/wp-json\/wp\/v2\/product_tag?post=7474"}],"curies":[{"name":"wp","href":"https:\/\/api.w.org\/{rel}","templated":true}]}}