{"id":7633,"date":"2021-03-02T13:52:52","date_gmt":"2021-03-02T13:52:52","guid":{"rendered":"https:\/\/soleilsky.com.tr\/shop\/?post_type=product&#038;p=7633"},"modified":"2021-03-02T13:58:40","modified_gmt":"2021-03-02T13:58:40","slug":"t-motor-t-80a","status":"publish","type":"product","link":"https:\/\/soleilsky.com.tr\/shop\/urun\/t-motor-t-80a\/","title":{"rendered":"T-MOTOR T 80A"},"content":{"rendered":"<p><img loading=\"lazy\" decoding=\"async\" class=\"aligncenter wp-image-7642\" src=\"https:\/\/soleilsky.com.tr\/shop\/wp-content\/uploads\/2021\/03\/73611497437830-1-300x160.jpg\" alt=\"\" width=\"809\" height=\"430\" srcset=\"https:\/\/soleilsky.com.tr\/shop\/wp-content\/uploads\/2021\/03\/73611497437830-1-300x160.jpg 300w, https:\/\/soleilsky.com.tr\/shop\/wp-content\/uploads\/2021\/03\/73611497437830-1-600x319.jpg 600w, https:\/\/soleilsky.com.tr\/shop\/wp-content\/uploads\/2021\/03\/73611497437830-1.jpg 940w\" sizes=\"(max-width: 809px) 100vw, 809px\" \/><img loading=\"lazy\" decoding=\"async\" class=\"aligncenter wp-image-7641\" src=\"https:\/\/soleilsky.com.tr\/shop\/wp-content\/uploads\/2021\/03\/53921497437830-1-300x207.jpg\" alt=\"\" width=\"809\" height=\"559\" srcset=\"https:\/\/soleilsky.com.tr\/shop\/wp-content\/uploads\/2021\/03\/53921497437830-1-300x207.jpg 300w, https:\/\/soleilsky.com.tr\/shop\/wp-content\/uploads\/2021\/03\/53921497437830-1-600x415.jpg 600w, https:\/\/soleilsky.com.tr\/shop\/wp-content\/uploads\/2021\/03\/53921497437830-1.jpg 940w\" sizes=\"(max-width: 809px) 100vw, 809px\" \/><\/p>\n","protected":false},"excerpt":{"rendered":"<h2 style=\"text-align: center;\"><strong>T-MOTOR T\u00dcRK\u0130YE YETK\u0130L\u0130 SATICISI\u00a0<\/strong><\/h2>\n<p class=\"tw-data-text tw-text-large XcVN5d tw-ta\" dir=\"ltr\" style=\"text-align: center;\" data-placeholder=\"\u00c7eviri\"><!--more--><\/p>\n<div class=\"goods-name\" style=\"text-align: center;\">\n<p id=\"tw-target-text\" class=\"tw-data-text tw-text-large XcVN5d tw-ta\" dir=\"ltr\" data-placeholder=\"\u00c7eviri\"><span lang=\"tr\">\u2022 A\u015f\u0131r\u0131 \u0131s\u0131nmaya kar\u015f\u0131 koruma <\/span><\/p>\n<p class=\"tw-data-text tw-text-large XcVN5d tw-ta\" dir=\"ltr\" data-placeholder=\"\u00c7eviri\"><span lang=\"tr\">\u2022 sabit kanatl\u0131 u\u00e7aklar ve helikopterlerle uyumlu<\/span><\/p>\n<\/div>\n<p style=\"text-align: center;\"><!--more--><\/p>\n<h4 style=\"text-align: center;\">L\u00dcTFEN STOK VE F\u0130YAT B\u0130LG\u0130S\u0130 \u0130\u00c7\u0130N \u0130LET\u0130\u015e\u0130ME GE\u00c7\u0130N\u0130Z<\/h4>\n<p>&nbsp;<\/p>\n<p>&nbsp;<\/p>\n","protected":false},"featured_media":7636,"comment_status":"open","ping_status":"closed","template":"","meta":[],"product_cat":[452,390],"product_tag":[235,466,395,465,237,468,467,392,474,394],"_links":{"self":[{"href":"https:\/\/soleilsky.com.tr\/shop\/wp-json\/wp\/v2\/product\/7633"}],"collection":[{"href":"https:\/\/soleilsky.com.tr\/shop\/wp-json\/wp\/v2\/product"}],"about":[{"href":"https:\/\/soleilsky.com.tr\/shop\/wp-json\/wp\/v2\/types\/product"}],"replies":[{"embeddable":true,"href":"https:\/\/soleilsky.com.tr\/shop\/wp-json\/wp\/v2\/comments?post=7633"}],"wp:featuredmedia":[{"embeddable":true,"href":"https:\/\/soleilsky.com.tr\/shop\/wp-json\/wp\/v2\/media\/7636"}],"wp:attachment":[{"href":"https:\/\/soleilsky.com.tr\/shop\/wp-json\/wp\/v2\/media?parent=7633"}],"wp:term":[{"taxonomy":"product_cat","embeddable":true,"href":"https:\/\/soleilsky.com.tr\/shop\/wp-json\/wp\/v2\/product_cat?post=7633"},{"taxonomy":"product_tag","embeddable":true,"href":"https:\/\/soleilsky.com.tr\/shop\/wp-json\/wp\/v2\/product_tag?post=7633"}],"curies":[{"name":"wp","href":"https:\/\/api.w.org\/{rel}","templated":true}]}}