{"id":7973,"date":"2021-03-03T11:00:56","date_gmt":"2021-03-03T11:00:56","guid":{"rendered":"https:\/\/soleilsky.com.tr\/shop\/?post_type=product&#038;p=7973"},"modified":"2021-03-03T11:08:51","modified_gmt":"2021-03-03T11:08:51","slug":"t-motor-g26x8-5-prop-2pcs-pair","status":"publish","type":"product","link":"https:\/\/soleilsky.com.tr\/shop\/urun\/t-motor-g26x8-5-prop-2pcs-pair\/","title":{"rendered":"T-MOTOR G26\u00d78.5 Prop-2PCS\/PAIR"},"content":{"rendered":"<p data-wp-editing=\"1\"><img loading=\"lazy\" decoding=\"async\" class=\"aligncenter wp-image-7974\" src=\"https:\/\/soleilsky.com.tr\/shop\/wp-content\/uploads\/2021\/03\/1519373674342666-300x209.jpg\" alt=\"\" width=\"809\" height=\"563\" srcset=\"https:\/\/soleilsky.com.tr\/shop\/wp-content\/uploads\/2021\/03\/1519373674342666-300x209.jpg 300w, https:\/\/soleilsky.com.tr\/shop\/wp-content\/uploads\/2021\/03\/1519373674342666-600x417.jpg 600w, https:\/\/soleilsky.com.tr\/shop\/wp-content\/uploads\/2021\/03\/1519373674342666-220x154.jpg 220w, https:\/\/soleilsky.com.tr\/shop\/wp-content\/uploads\/2021\/03\/1519373674342666.jpg 940w\" sizes=\"(max-width: 809px) 100vw, 809px\" \/> <img loading=\"lazy\" decoding=\"async\" class=\"aligncenter wp-image-7975\" src=\"https:\/\/soleilsky.com.tr\/shop\/wp-content\/uploads\/2021\/03\/1519373674570605-300x209.jpg\" alt=\"\" width=\"809\" height=\"563\" srcset=\"https:\/\/soleilsky.com.tr\/shop\/wp-content\/uploads\/2021\/03\/1519373674570605-300x209.jpg 300w, https:\/\/soleilsky.com.tr\/shop\/wp-content\/uploads\/2021\/03\/1519373674570605-600x417.jpg 600w, https:\/\/soleilsky.com.tr\/shop\/wp-content\/uploads\/2021\/03\/1519373674570605-220x154.jpg 220w, https:\/\/soleilsky.com.tr\/shop\/wp-content\/uploads\/2021\/03\/1519373674570605.jpg 940w\" sizes=\"(max-width: 809px) 100vw, 809px\" \/> <img loading=\"lazy\" decoding=\"async\" class=\"aligncenter wp-image-7976\" src=\"https:\/\/soleilsky.com.tr\/shop\/wp-content\/uploads\/2021\/03\/1519373675213699-300x164.jpg\" alt=\"\" width=\"809\" height=\"442\" srcset=\"https:\/\/soleilsky.com.tr\/shop\/wp-content\/uploads\/2021\/03\/1519373675213699-300x164.jpg 300w, https:\/\/soleilsky.com.tr\/shop\/wp-content\/uploads\/2021\/03\/1519373675213699-600x327.jpg 600w, https:\/\/soleilsky.com.tr\/shop\/wp-content\/uploads\/2021\/03\/1519373675213699.jpg 940w\" sizes=\"(max-width: 809px) 100vw, 809px\" \/> <img loading=\"lazy\" decoding=\"async\" class=\"aligncenter wp-image-7977\" src=\"https:\/\/soleilsky.com.tr\/shop\/wp-content\/uploads\/2021\/03\/1585797777819656-300x179.jpg\" alt=\"\" width=\"809\" height=\"482\" srcset=\"https:\/\/soleilsky.com.tr\/shop\/wp-content\/uploads\/2021\/03\/1585797777819656-300x179.jpg 300w, https:\/\/soleilsky.com.tr\/shop\/wp-content\/uploads\/2021\/03\/1585797777819656-600x357.jpg 600w, https:\/\/soleilsky.com.tr\/shop\/wp-content\/uploads\/2021\/03\/1585797777819656.jpg 940w\" sizes=\"(max-width: 809px) 100vw, 809px\" \/><\/p>\n","protected":false},"excerpt":{"rendered":"<h2 style=\"text-align: center;\"><strong>T-MOTOR T\u00dcRK\u0130YE YETK\u0130L\u0130 SATICISI\u00a0<\/strong><\/h2>\n<p dir=\"ltr\" data-placeholder=\"\u00c7eviri\"><!--more--><\/p>\n<p id=\"tw-target-text\" class=\"tw-data-text tw-text-large XcVN5d tw-ta\" dir=\"ltr\" style=\"text-align: center;\" data-placeholder=\"\u00c7eviri\"><span lang=\"tr\">\u2022 M\u00fckemmel kalite<\/span><\/p>\n<p class=\"tw-data-text tw-text-large XcVN5d tw-ta\" dir=\"ltr\" style=\"text-align: center;\" data-placeholder=\"\u00c7eviri\"><span lang=\"tr\">\u2022 Y\u00fcksek verim <\/span><\/p>\n<p class=\"tw-data-text tw-text-large XcVN5d tw-ta\" dir=\"ltr\" style=\"text-align: center;\" data-placeholder=\"\u00c7eviri\"><span lang=\"tr\">\u2022 \u00c7e\u015fitli Talepler \u0130\u00e7in<\/span><\/p>\n<p class=\"tw-data-text tw-text-large XcVN5d tw-ta\" dir=\"ltr\" style=\"text-align: center;\" data-placeholder=\"\u00c7eviri\"><!--more--><\/p>\n<h4 style=\"text-align: center;\">L\u00dcTFEN STOK VE F\u0130YAT B\u0130LG\u0130S\u0130 \u0130\u00c7\u0130N \u0130LET\u0130\u015e\u0130ME GE\u00c7\u0130N\u0130Z<\/h4>\n<p>&nbsp;<\/p>\n<p>&nbsp;<\/p>\n","protected":false},"featured_media":7978,"comment_status":"open","ping_status":"closed","template":"","meta":[],"product_cat":[475],"product_tag":[235,485,466,395,465,506,237,482,481,468,480,483,467,392,257,479,394],"_links":{"self":[{"href":"https:\/\/soleilsky.com.tr\/shop\/wp-json\/wp\/v2\/product\/7973"}],"collection":[{"href":"https:\/\/soleilsky.com.tr\/shop\/wp-json\/wp\/v2\/product"}],"about":[{"href":"https:\/\/soleilsky.com.tr\/shop\/wp-json\/wp\/v2\/types\/product"}],"replies":[{"embeddable":true,"href":"https:\/\/soleilsky.com.tr\/shop\/wp-json\/wp\/v2\/comments?post=7973"}],"wp:featuredmedia":[{"embeddable":true,"href":"https:\/\/soleilsky.com.tr\/shop\/wp-json\/wp\/v2\/media\/7978"}],"wp:attachment":[{"href":"https:\/\/soleilsky.com.tr\/shop\/wp-json\/wp\/v2\/media?parent=7973"}],"wp:term":[{"taxonomy":"product_cat","embeddable":true,"href":"https:\/\/soleilsky.com.tr\/shop\/wp-json\/wp\/v2\/product_cat?post=7973"},{"taxonomy":"product_tag","embeddable":true,"href":"https:\/\/soleilsky.com.tr\/shop\/wp-json\/wp\/v2\/product_tag?post=7973"}],"curies":[{"name":"wp","href":"https:\/\/api.w.org\/{rel}","templated":true}]}}