{"id":8482,"date":"2021-03-08T14:06:16","date_gmt":"2021-03-08T14:06:16","guid":{"rendered":"https:\/\/soleilsky.com.tr\/shop\/?post_type=product&#038;p=8482"},"modified":"2021-03-08T14:14:17","modified_gmt":"2021-03-08T14:14:17","slug":"t-motor-fa28-2x9-2-prop-2pcs-pair","status":"publish","type":"product","link":"https:\/\/soleilsky.com.tr\/shop\/urun\/t-motor-fa28-2x9-2-prop-2pcs-pair\/","title":{"rendered":"T-MOTOR FA28.2\u00d79.2 Prop-2PCS\/PAIR"},"content":{"rendered":"<p><img loading=\"lazy\" decoding=\"async\" class=\"aligncenter wp-image-8489\" src=\"https:\/\/soleilsky.com.tr\/shop\/wp-content\/uploads\/2021\/03\/1592206397798726-1-144x300.jpg\" alt=\"\" width=\"809\" height=\"1686\" srcset=\"https:\/\/soleilsky.com.tr\/shop\/wp-content\/uploads\/2021\/03\/1592206397798726-1-144x300.jpg 144w, https:\/\/soleilsky.com.tr\/shop\/wp-content\/uploads\/2021\/03\/1592206397798726-1-600x1250.jpg 600w, https:\/\/soleilsky.com.tr\/shop\/wp-content\/uploads\/2021\/03\/1592206397798726-1-491x1024.jpg 491w, https:\/\/soleilsky.com.tr\/shop\/wp-content\/uploads\/2021\/03\/1592206397798726-1.jpg 940w\" sizes=\"(max-width: 809px) 100vw, 809px\" \/> <img loading=\"lazy\" decoding=\"async\" class=\"aligncenter wp-image-8490\" src=\"https:\/\/soleilsky.com.tr\/shop\/wp-content\/uploads\/2021\/03\/1592206397940155-1-278x300.jpg\" alt=\"\" width=\"809\" height=\"872\" srcset=\"https:\/\/soleilsky.com.tr\/shop\/wp-content\/uploads\/2021\/03\/1592206397940155-1-278x300.jpg 278w, https:\/\/soleilsky.com.tr\/shop\/wp-content\/uploads\/2021\/03\/1592206397940155-1-600x647.jpg 600w, https:\/\/soleilsky.com.tr\/shop\/wp-content\/uploads\/2021\/03\/1592206397940155-1.jpg 940w\" sizes=\"(max-width: 809px) 100vw, 809px\" \/> <img loading=\"lazy\" decoding=\"async\" class=\"aligncenter wp-image-8492\" src=\"https:\/\/soleilsky.com.tr\/shop\/wp-content\/uploads\/2021\/03\/1592206398645945-1-300x286.jpg\" alt=\"\" width=\"809\" height=\"772\" srcset=\"https:\/\/soleilsky.com.tr\/shop\/wp-content\/uploads\/2021\/03\/1592206398645945-1-300x286.jpg 300w, https:\/\/soleilsky.com.tr\/shop\/wp-content\/uploads\/2021\/03\/1592206398645945-1-600x573.jpg 600w, https:\/\/soleilsky.com.tr\/shop\/wp-content\/uploads\/2021\/03\/1592206398645945-1.jpg 940w\" sizes=\"(max-width: 809px) 100vw, 809px\" \/><img loading=\"lazy\" decoding=\"async\" class=\"aligncenter wp-image-8491\" src=\"https:\/\/soleilsky.com.tr\/shop\/wp-content\/uploads\/2021\/03\/1592206398139320-1-300x163.jpg\" alt=\"\" width=\"809\" height=\"441\" srcset=\"https:\/\/soleilsky.com.tr\/shop\/wp-content\/uploads\/2021\/03\/1592206398139320-1-300x163.jpg 300w, https:\/\/soleilsky.com.tr\/shop\/wp-content\/uploads\/2021\/03\/1592206398139320-1-600x327.jpg 600w, https:\/\/soleilsky.com.tr\/shop\/wp-content\/uploads\/2021\/03\/1592206398139320-1.jpg 940w\" sizes=\"(max-width: 809px) 100vw, 809px\" \/><\/p>\n","protected":false},"excerpt":{"rendered":"<h2 style=\"text-align: center;\"><strong>T-MOTOR T\u00dcRK\u0130YE YETK\u0130L\u0130 SATICISI\u00a0<\/strong><\/h2>\n<p dir=\"ltr\" data-placeholder=\"\u00c7eviri\"><!--more--><\/p>\n<p id=\"tw-target-text\" class=\"tw-data-text tw-text-large XcVN5d tw-ta\" dir=\"ltr\" style=\"text-align: center;\" data-placeholder=\"\u00c7eviri\"><span lang=\"tr\">\u2022 \u00d6zel Winglet Tasar\u0131m\u0131 <\/span><\/p>\n<p class=\"tw-data-text tw-text-large XcVN5d tw-ta\" dir=\"ltr\" style=\"text-align: center;\" data-placeholder=\"\u00c7eviri\"><span lang=\"tr\">\u2022 Katlanmas\u0131 ve Yay\u0131lmas\u0131 Kolay <\/span><\/p>\n<p class=\"tw-data-text tw-text-large XcVN5d tw-ta\" dir=\"ltr\" style=\"text-align: center;\" data-placeholder=\"\u00c7eviri\"><span lang=\"tr\">\u2022 Hassas Konumland\u0131rma <\/span><\/p>\n<p class=\"tw-data-text tw-text-large XcVN5d tw-ta\" dir=\"ltr\" style=\"text-align: center;\" data-placeholder=\"\u00c7eviri\"><span lang=\"tr\">\u2022 \u0130deal U\u00e7u\u015f<\/span><\/p>\n<p class=\"tw-data-text tw-text-large XcVN5d tw-ta\" dir=\"ltr\" style=\"text-align: center;\" data-placeholder=\"\u00c7eviri\"><!--more--><\/p>\n<h4 style=\"text-align: center;\">L\u00dcTFEN STOK VE F\u0130YAT B\u0130LG\u0130S\u0130 \u0130\u00c7\u0130N \u0130LET\u0130\u015e\u0130ME GE\u00c7\u0130N\u0130Z<\/h4>\n<p>&nbsp;<\/p>\n<p>&nbsp;<\/p>\n","protected":false},"featured_media":8497,"comment_status":"open","ping_status":"closed","template":"","meta":[],"product_cat":[475],"product_tag":[235,485,466,395,465,536,237,482,481,468,480,483,467,392,257,479,394],"_links":{"self":[{"href":"https:\/\/soleilsky.com.tr\/shop\/wp-json\/wp\/v2\/product\/8482"}],"collection":[{"href":"https:\/\/soleilsky.com.tr\/shop\/wp-json\/wp\/v2\/product"}],"about":[{"href":"https:\/\/soleilsky.com.tr\/shop\/wp-json\/wp\/v2\/types\/product"}],"replies":[{"embeddable":true,"href":"https:\/\/soleilsky.com.tr\/shop\/wp-json\/wp\/v2\/comments?post=8482"}],"wp:featuredmedia":[{"embeddable":true,"href":"https:\/\/soleilsky.com.tr\/shop\/wp-json\/wp\/v2\/media\/8497"}],"wp:attachment":[{"href":"https:\/\/soleilsky.com.tr\/shop\/wp-json\/wp\/v2\/media?parent=8482"}],"wp:term":[{"taxonomy":"product_cat","embeddable":true,"href":"https:\/\/soleilsky.com.tr\/shop\/wp-json\/wp\/v2\/product_cat?post=8482"},{"taxonomy":"product_tag","embeddable":true,"href":"https:\/\/soleilsky.com.tr\/shop\/wp-json\/wp\/v2\/product_tag?post=8482"}],"curies":[{"name":"wp","href":"https:\/\/api.w.org\/{rel}","templated":true}]}}