{"id":9009,"date":"2021-03-10T07:12:50","date_gmt":"2021-03-10T07:12:50","guid":{"rendered":"https:\/\/soleilsky.com.tr\/shop\/?post_type=product&#038;p=9009"},"modified":"2021-03-10T07:28:52","modified_gmt":"2021-03-10T07:28:52","slug":"t-motor-mf3218","status":"publish","type":"product","link":"https:\/\/soleilsky.com.tr\/shop\/urun\/t-motor-mf3218\/","title":{"rendered":"T-MOTOR MF3218"},"content":{"rendered":"<div class=\"wrap-sticky\">\n<div class=\"wrap-sticky\">\n<div class=\"wrap-sticky\">\n<div id=\"news11tabs\" class=\"navbar navbar-sticky bootsnav on sticked\"><\/div>\n<\/div>\n<\/div>\n<\/div>\n<div id=\"news11\" class=\"tabblock\">\n<div id=\"a_news11\" class=\"tabcon\">\n<p><img decoding=\"async\" src=\"http:\/\/store-en.tmotor.com\/bdimages\/upload1\/20190320\/1553075537957008.jpg\" \/><\/p>\n<p><img decoding=\"async\" src=\"http:\/\/store-en.tmotor.com\/bdimages\/upload1\/20190320\/1553075538565432.jpg\" \/><\/p>\n<p><img decoding=\"async\" src=\"http:\/\/store-en.tmotor.com\/bdimages\/upload1\/20190320\/1553075538520269.jpg\" \/><\/p>\n<p><img decoding=\"async\" src=\"http:\/\/store-en.tmotor.com\/bdimages\/upload1\/20190320\/1553075538437452.jpg\" \/><\/p>\n<p><img decoding=\"async\" src=\"http:\/\/store-en.tmotor.com\/bdimages\/upload1\/20190320\/1553075539769808.jpg\" \/><\/p>\n<p><img decoding=\"async\" src=\"http:\/\/store-en.tmotor.com\/bdimages\/upload1\/20190320\/1553075539963529.jpg\" \/><\/p>\n<p><img decoding=\"async\" src=\"http:\/\/store-en.tmotor.com\/bdimages\/upload1\/20190320\/1553075540380854.jpg\" \/><\/p>\n<p><img decoding=\"async\" src=\"http:\/\/store-en.tmotor.com\/bdimages\/upload1\/20190320\/1553075540124912.jpg\" \/><\/p>\n<p><img decoding=\"async\" src=\"http:\/\/store-en.tmotor.com\/bdimages\/upload1\/20190320\/1553075541261773.jpg\" \/><\/p>\n<p><img decoding=\"async\" src=\"http:\/\/store-en.tmotor.com\/bdimages\/upload1\/20190320\/1553075541709173.jpg\" \/><\/p>\n<\/div>\n<\/div>\n","protected":false},"excerpt":{"rendered":"<h2 style=\"text-align: center;\"><strong>T-MOTOR T\u00dcRK\u0130YE YETK\u0130L\u0130 SATICISI\u00a0<\/strong><\/h2>\n<p dir=\"ltr\" data-placeholder=\"\u00c7eviri\"><!--more--><\/p>\n<p id=\"tw-target-text\" class=\"tw-data-text tw-text-large XcVN5d tw-ta\" dir=\"ltr\" style=\"text-align: center;\" data-placeholder=\"\u00c7eviri\"><span lang=\"tr\">\u2022 Destek G\u00fcc\u00fc X2 \u2022 \u00dcst\u00fcn dayan\u0131kl\u0131l\u0131k, daha uzun \u00f6m\u00fcr<\/span><\/p>\n<p class=\"tw-data-text tw-text-large XcVN5d tw-ta\" dir=\"ltr\" style=\"text-align: center;\" data-placeholder=\"\u00c7eviri\"><span lang=\"tr\">\u2022 Energy-Snubber <\/span><\/p>\n<p class=\"tw-data-text tw-text-large XcVN5d tw-ta\" dir=\"ltr\" style=\"text-align: center;\" data-placeholder=\"\u00c7eviri\"><span lang=\"tr\">\u2022 Dikkat: Koaksiyel konfig\u00fcrasyon i\u00e7in polimer destekler test a\u015famas\u0131ndad\u0131r.<br \/>\nL\u00fctfen koaksiyel \u00e7er\u00e7evelerde polimer sahne \u00c7ALI\u015eTIRMAYIN<\/span><\/p>\n<h4><!--more--><\/h4>\n<h4 style=\"text-align: center;\">L\u00dcTFEN STOK VE F\u0130YAT B\u0130LG\u0130S\u0130 \u0130\u00c7\u0130N \u0130LET\u0130\u015e\u0130ME GE\u00c7\u0130N\u0130Z<\/h4>\n<p>&nbsp;<\/p>\n<p>&nbsp;<\/p>\n","protected":false},"featured_media":9010,"comment_status":"open","ping_status":"closed","template":"","meta":[],"product_cat":[475],"product_tag":[235,485,466,395,465,237,482,481,578,468,480,483,467,392,257,479,394],"_links":{"self":[{"href":"https:\/\/soleilsky.com.tr\/shop\/wp-json\/wp\/v2\/product\/9009"}],"collection":[{"href":"https:\/\/soleilsky.com.tr\/shop\/wp-json\/wp\/v2\/product"}],"about":[{"href":"https:\/\/soleilsky.com.tr\/shop\/wp-json\/wp\/v2\/types\/product"}],"replies":[{"embeddable":true,"href":"https:\/\/soleilsky.com.tr\/shop\/wp-json\/wp\/v2\/comments?post=9009"}],"wp:featuredmedia":[{"embeddable":true,"href":"https:\/\/soleilsky.com.tr\/shop\/wp-json\/wp\/v2\/media\/9010"}],"wp:attachment":[{"href":"https:\/\/soleilsky.com.tr\/shop\/wp-json\/wp\/v2\/media?parent=9009"}],"wp:term":[{"taxonomy":"product_cat","embeddable":true,"href":"https:\/\/soleilsky.com.tr\/shop\/wp-json\/wp\/v2\/product_cat?post=9009"},{"taxonomy":"product_tag","embeddable":true,"href":"https:\/\/soleilsky.com.tr\/shop\/wp-json\/wp\/v2\/product_tag?post=9009"}],"curies":[{"name":"wp","href":"https:\/\/api.w.org\/{rel}","templated":true}]}}