{"id":9078,"date":"2021-03-10T09:36:34","date_gmt":"2021-03-10T09:36:34","guid":{"rendered":"https:\/\/soleilsky.com.tr\/shop\/?post_type=product&#038;p=9078"},"modified":"2021-03-10T09:38:29","modified_gmt":"2021-03-10T09:38:29","slug":"t-motor-f15-kv4500","status":"publish","type":"product","link":"https:\/\/soleilsky.com.tr\/shop\/urun\/t-motor-f15-kv4500\/","title":{"rendered":"T-MOTOR F15 KV4500"},"content":{"rendered":"<div class=\"wrap-sticky\">\n<div class=\"wrap-sticky\">\n<div class=\"wrap-sticky\">\n<div id=\"news11tabs\" class=\"navbar navbar-sticky bootsnav on sticked\">\n<div class=\"goods-name\">\n<div class=\"wrap-sticky\">\n<div class=\"wrap-sticky\">\n<div class=\"wrap-sticky\">\n<div id=\"news11tabs\" class=\"navbar navbar-sticky bootsnav on sticked\">\n<div class=\"wrap-sticky\">\n<div class=\"wrap-sticky\">\n<div class=\"wrap-sticky\">\n<div id=\"news11tabs\" class=\"navbar navbar-sticky bootsnav on sticked\"><\/div>\n<\/div>\n<\/div>\n<\/div>\n<div id=\"news11\" class=\"tabblock\">\n<div id=\"a_news11\" class=\"tabcon\">\n<p><img decoding=\"async\" src=\"http:\/\/store-en.tmotor.com\/bdimages\/upload1\/20180608\/1528424924131097.jpg\" \/><\/p>\n<p><img decoding=\"async\" src=\"http:\/\/store-en.tmotor.com\/bdimages\/upload1\/20180608\/1528424925302002.jpg\" \/><\/p>\n<p><img decoding=\"async\" src=\"http:\/\/store-en.tmotor.com\/bdimages\/upload1\/20180608\/1528424925529707.jpg\" \/><\/p>\n<p><img decoding=\"async\" src=\"http:\/\/store-en.tmotor.com\/bdimages\/upload1\/20180608\/1528424926164354.jpg\" \/><\/p>\n<p><img decoding=\"async\" src=\"http:\/\/store-en.tmotor.com\/bdimages\/upload1\/20180608\/1528424927472357.jpg\" \/><\/p>\n<p><img decoding=\"async\" src=\"http:\/\/store-en.tmotor.com\/bdimages\/upload1\/20180608\/1528424928562951.jpg\" \/><\/p>\n<\/div>\n<\/div>\n<\/div>\n<\/div>\n<\/div>\n<\/div>\n<\/div>\n<\/div>\n<\/div>\n<\/div>\n<\/div>\n","protected":false},"excerpt":{"rendered":"<h2 style=\"text-align: center;\"><strong>T-MOTOR T\u00dcRK\u0130YE YETK\u0130L\u0130 SATICISI\u00a0<\/strong><\/h2>\n<p dir=\"ltr\" data-placeholder=\"\u00c7eviri\"><!--more--><\/p>\n<h4><!--more--><\/h4>\n<h4 style=\"text-align: center;\">L\u00dcTFEN STOK VE F\u0130YAT B\u0130LG\u0130S\u0130 \u0130\u00c7\u0130N \u0130LET\u0130\u015e\u0130ME GE\u00c7\u0130N\u0130Z<\/h4>\n<p>&nbsp;<\/p>\n<p>&nbsp;<\/p>\n","protected":false},"featured_media":9079,"comment_status":"open","ping_status":"closed","template":"","meta":[],"product_cat":[579],"product_tag":[235,485,466,395,465,598,238,586,585,587,237,482,481,468,480,483,467,392,257,479,394],"_links":{"self":[{"href":"https:\/\/soleilsky.com.tr\/shop\/wp-json\/wp\/v2\/product\/9078"}],"collection":[{"href":"https:\/\/soleilsky.com.tr\/shop\/wp-json\/wp\/v2\/product"}],"about":[{"href":"https:\/\/soleilsky.com.tr\/shop\/wp-json\/wp\/v2\/types\/product"}],"replies":[{"embeddable":true,"href":"https:\/\/soleilsky.com.tr\/shop\/wp-json\/wp\/v2\/comments?post=9078"}],"wp:featuredmedia":[{"embeddable":true,"href":"https:\/\/soleilsky.com.tr\/shop\/wp-json\/wp\/v2\/media\/9079"}],"wp:attachment":[{"href":"https:\/\/soleilsky.com.tr\/shop\/wp-json\/wp\/v2\/media?parent=9078"}],"wp:term":[{"taxonomy":"product_cat","embeddable":true,"href":"https:\/\/soleilsky.com.tr\/shop\/wp-json\/wp\/v2\/product_cat?post=9078"},{"taxonomy":"product_tag","embeddable":true,"href":"https:\/\/soleilsky.com.tr\/shop\/wp-json\/wp\/v2\/product_tag?post=9078"}],"curies":[{"name":"wp","href":"https:\/\/api.w.org\/{rel}","templated":true}]}}