{"id":9088,"date":"2021-03-10T10:47:26","date_gmt":"2021-03-10T10:47:26","guid":{"rendered":"https:\/\/soleilsky.com.tr\/shop\/?post_type=product&#038;p=9088"},"modified":"2021-03-10T10:50:38","modified_gmt":"2021-03-10T10:50:38","slug":"t-motor-f60pro-%e2%85%a3-v2-0-kv1750","status":"publish","type":"product","link":"https:\/\/soleilsky.com.tr\/shop\/urun\/t-motor-f60pro-%e2%85%a3-v2-0-kv1750\/","title":{"rendered":"T-MOTOR F60PRO \u2163 V2.0 KV1750"},"content":{"rendered":"<div class=\"wrap-sticky\">\n<div class=\"wrap-sticky\">\n<div class=\"wrap-sticky\">\n<div id=\"news11tabs\" class=\"navbar navbar-sticky bootsnav on sticked\">\n<div class=\"goods-name\">\n<div class=\"wrap-sticky\">\n<div class=\"wrap-sticky\">\n<div class=\"wrap-sticky\">\n<div id=\"news11tabs\" class=\"navbar navbar-sticky bootsnav on sticked\">\n<div class=\"wrap-sticky\">\n<div id=\"news11tabs\" class=\"navbar navbar-sticky bootsnav on sticked\">\n<div class=\"wrap-sticky\">\n<div id=\"news11tabs\" class=\"navbar navbar-sticky bootsnav on sticked\"><\/div>\n<\/div>\n<div id=\"news11\" class=\"tabblock\">\n<div id=\"a_news11\" class=\"tabcon\">\n<p><img decoding=\"async\" title=\"1600241004818886.jpg\" src=\"https:\/\/store-en.tmotor.com\/images\/20200916\/1600241004818886.jpg\" \/><\/p>\n<p><img decoding=\"async\" title=\"1600241004879135.jpg\" src=\"https:\/\/store-en.tmotor.com\/images\/20200916\/1600241004879135.jpg\" \/><\/p>\n<p><img decoding=\"async\" title=\"1600241004209170.jpg\" src=\"https:\/\/store-en.tmotor.com\/images\/20200916\/1600241004209170.jpg\" \/><\/p>\n<p><img decoding=\"async\" title=\"1600241004580936.jpg\" src=\"https:\/\/store-en.tmotor.com\/images\/20200916\/1600241004580936.jpg\" \/><\/p>\n<p><img decoding=\"async\" title=\"1600241004640806.jpg\" src=\"https:\/\/store-en.tmotor.com\/images\/20200916\/1600241004640806.jpg\" \/><\/p>\n<p><img decoding=\"async\" title=\"\" src=\"https:\/\/store-en.tmotor.com\/images\/20201116\/1605512958269442.jpg\" alt=\"\" \/><\/p>\n<p><img decoding=\"async\" title=\"1600241004672902.jpg\" src=\"https:\/\/store-en.tmotor.com\/images\/20200916\/1600241004672902.jpg\" \/><\/p>\n<p><img decoding=\"async\" title=\"1600241004766158.jpg\" src=\"https:\/\/store-en.tmotor.com\/images\/20200916\/1600241004766158.jpg\" \/><\/p>\n<\/div>\n<\/div>\n<\/div>\n<\/div>\n<\/div>\n<\/div>\n<\/div>\n<\/div>\n<\/div>\n<\/div>\n<\/div>\n<\/div>\n<\/div>\n","protected":false},"excerpt":{"rendered":"<h2 style=\"text-align: center;\"><strong>T-MOTOR T\u00dcRK\u0130YE YETK\u0130L\u0130 SATICISI\u00a0<\/strong><\/h2>\n<p dir=\"ltr\" data-placeholder=\"\u00c7eviri\"><!--more--><\/p>\n<h4><!--more--><\/h4>\n<h4 style=\"text-align: center;\">L\u00dcTFEN STOK VE F\u0130YAT B\u0130LG\u0130S\u0130 \u0130\u00c7\u0130N \u0130LET\u0130\u015e\u0130ME GE\u00c7\u0130N\u0130Z<\/h4>\n<p>&nbsp;<\/p>\n<p>&nbsp;<\/p>\n","protected":false},"featured_media":9089,"comment_status":"open","ping_status":"closed","template":"","meta":[],"product_cat":[579],"product_tag":[235,485,466,395,465,600,238,586,585,587,237,482,481,468,480,483,467,392,257,479,394],"_links":{"self":[{"href":"https:\/\/soleilsky.com.tr\/shop\/wp-json\/wp\/v2\/product\/9088"}],"collection":[{"href":"https:\/\/soleilsky.com.tr\/shop\/wp-json\/wp\/v2\/product"}],"about":[{"href":"https:\/\/soleilsky.com.tr\/shop\/wp-json\/wp\/v2\/types\/product"}],"replies":[{"embeddable":true,"href":"https:\/\/soleilsky.com.tr\/shop\/wp-json\/wp\/v2\/comments?post=9088"}],"wp:featuredmedia":[{"embeddable":true,"href":"https:\/\/soleilsky.com.tr\/shop\/wp-json\/wp\/v2\/media\/9089"}],"wp:attachment":[{"href":"https:\/\/soleilsky.com.tr\/shop\/wp-json\/wp\/v2\/media?parent=9088"}],"wp:term":[{"taxonomy":"product_cat","embeddable":true,"href":"https:\/\/soleilsky.com.tr\/shop\/wp-json\/wp\/v2\/product_cat?post=9088"},{"taxonomy":"product_tag","embeddable":true,"href":"https:\/\/soleilsky.com.tr\/shop\/wp-json\/wp\/v2\/product_tag?post=9088"}],"curies":[{"name":"wp","href":"https:\/\/api.w.org\/{rel}","templated":true}]}}