{"id":9153,"date":"2021-03-10T11:45:16","date_gmt":"2021-03-10T11:45:16","guid":{"rendered":"https:\/\/soleilsky.com.tr\/shop\/?post_type=product&#038;p=9153"},"modified":"2021-03-10T11:49:02","modified_gmt":"2021-03-10T11:49:02","slug":"t-motor-v45a-6s-4in1","status":"publish","type":"product","link":"https:\/\/soleilsky.com.tr\/shop\/urun\/t-motor-v45a-6s-4in1\/","title":{"rendered":"T-MOTOR V45A 6S 4IN1"},"content":{"rendered":"<div class=\"wrap-sticky\">\n<div class=\"wrap-sticky\">\n<div class=\"wrap-sticky\">\n<div id=\"news11tabs\" class=\"navbar navbar-sticky bootsnav on sticked\">\n<div class=\"wrap-sticky\">\n<div id=\"news11tabs\" class=\"navbar navbar-sticky bootsnav on sticked\"><\/div>\n<\/div>\n<div id=\"news11\" class=\"tabblock\">\n<div id=\"a_news11\" class=\"tabcon\">\n<p><img decoding=\"async\" title=\"1595314442299377.jpg\" src=\"https:\/\/store-en.tmotor.com\/images\/20200721\/1595314442299377.jpg\" \/><\/p>\n<p><img decoding=\"async\" title=\"1595314442991781.jpg\" src=\"https:\/\/store-en.tmotor.com\/images\/20200721\/1595314442991781.jpg\" \/><\/p>\n<p><img decoding=\"async\" title=\"1595314442715348.jpg\" src=\"https:\/\/store-en.tmotor.com\/images\/20200721\/1595314442715348.jpg\" \/><\/p>\n<p><img decoding=\"async\" title=\"1595314442191303.jpg\" src=\"https:\/\/store-en.tmotor.com\/images\/20200721\/1595314442191303.jpg\" \/><\/p>\n<p><img decoding=\"async\" title=\"1595314442405154.jpg\" src=\"https:\/\/store-en.tmotor.com\/images\/20200721\/1595314442405154.jpg\" \/><\/p>\n<p><img decoding=\"async\" title=\"1595314442662969.jpg\" src=\"https:\/\/store-en.tmotor.com\/images\/20200721\/1595314442662969.jpg\" \/><\/p>\n<p><img decoding=\"async\" title=\"1595314442653896.jpg\" src=\"https:\/\/store-en.tmotor.com\/images\/20200721\/1595314442653896.jpg\" \/><\/p>\n<p><img decoding=\"async\" title=\"1595314442105548.jpg\" src=\"https:\/\/store-en.tmotor.com\/images\/20200721\/1595314442105548.jpg\" \/><\/p>\n<p><img decoding=\"async\" title=\"1595314442881118.jpg\" src=\"https:\/\/store-en.tmotor.com\/images\/20200721\/1595314442881118.jpg\" \/><\/p>\n<\/div>\n<\/div>\n<\/div>\n<\/div>\n<\/div>\n<\/div>\n","protected":false},"excerpt":{"rendered":"<h2 style=\"text-align: center;\"><strong>T-MOTOR T\u00dcRK\u0130YE YETK\u0130L\u0130 SATICISI\u00a0<\/strong><\/h2>\n<p dir=\"ltr\" data-placeholder=\"\u00c7eviri\"><!--more--><\/p>\n<h4><!--more--><\/h4>\n<h4 style=\"text-align: center;\">L\u00dcTFEN STOK VE F\u0130YAT B\u0130LG\u0130S\u0130 \u0130\u00c7\u0130N \u0130LET\u0130\u015e\u0130ME GE\u00c7\u0130N\u0130Z<\/h4>\n<p>&nbsp;<\/p>\n<p>&nbsp;<\/p>\n","protected":false},"featured_media":9154,"comment_status":"open","ping_status":"closed","template":"","meta":[],"product_cat":[580],"product_tag":[235,485,466,395,465,238,586,585,587,237,482,481,468,480,483,467,392,257,479,394,609],"_links":{"self":[{"href":"https:\/\/soleilsky.com.tr\/shop\/wp-json\/wp\/v2\/product\/9153"}],"collection":[{"href":"https:\/\/soleilsky.com.tr\/shop\/wp-json\/wp\/v2\/product"}],"about":[{"href":"https:\/\/soleilsky.com.tr\/shop\/wp-json\/wp\/v2\/types\/product"}],"replies":[{"embeddable":true,"href":"https:\/\/soleilsky.com.tr\/shop\/wp-json\/wp\/v2\/comments?post=9153"}],"wp:featuredmedia":[{"embeddable":true,"href":"https:\/\/soleilsky.com.tr\/shop\/wp-json\/wp\/v2\/media\/9154"}],"wp:attachment":[{"href":"https:\/\/soleilsky.com.tr\/shop\/wp-json\/wp\/v2\/media?parent=9153"}],"wp:term":[{"taxonomy":"product_cat","embeddable":true,"href":"https:\/\/soleilsky.com.tr\/shop\/wp-json\/wp\/v2\/product_cat?post=9153"},{"taxonomy":"product_tag","embeddable":true,"href":"https:\/\/soleilsky.com.tr\/shop\/wp-json\/wp\/v2\/product_tag?post=9153"}],"curies":[{"name":"wp","href":"https:\/\/api.w.org\/{rel}","templated":true}]}}