{"id":9178,"date":"2021-03-10T12:44:12","date_gmt":"2021-03-10T12:44:12","guid":{"rendered":"https:\/\/soleilsky.com.tr\/shop\/?post_type=product&#038;p=9178"},"modified":"2021-03-10T12:47:33","modified_gmt":"2021-03-10T12:47:33","slug":"t-motor-f55a-pro%e2%85%a1-6s-4in1","status":"publish","type":"product","link":"https:\/\/soleilsky.com.tr\/shop\/urun\/t-motor-f55a-pro%e2%85%a1-6s-4in1\/","title":{"rendered":"T-MOTOR F55A PRO\u2161 6S 4IN1"},"content":{"rendered":"<div class=\"wrap-sticky\">\n<div class=\"wrap-sticky\">\n<div class=\"wrap-sticky\">\n<div id=\"news11tabs\" class=\"navbar navbar-sticky bootsnav on sticked\">\n<div class=\"wrap-sticky\">\n<div class=\"wrap-sticky\">\n<div class=\"wrap-sticky\">\n<div id=\"news11tabs\" class=\"navbar navbar-sticky bootsnav on sticked\"><\/div>\n<\/div>\n<\/div>\n<\/div>\n<div id=\"news11\" class=\"tabblock\">\n<div id=\"a_news11\" class=\"tabcon\">\n<p><img decoding=\"async\" src=\"http:\/\/store-en.tmotor.com\/bdimages\/upload1\/20190514\/1557814311637687.jpg\" \/><\/p>\n<p><img decoding=\"async\" src=\"http:\/\/store-en.tmotor.com\/bdimages\/upload1\/20190514\/1557814312544716.jpg\" \/><\/p>\n<p><img decoding=\"async\" src=\"http:\/\/store-en.tmotor.com\/bdimages\/upload1\/20190514\/1557814312387455.jpg\" \/><\/p>\n<p><img decoding=\"async\" src=\"http:\/\/store-en.tmotor.com\/bdimages\/upload1\/20190514\/1557814313892067.jpg\" \/><\/p>\n<p><img decoding=\"async\" src=\"http:\/\/store-en.tmotor.com\/bdimages\/upload1\/20190514\/1557814314349190.jpg\" \/><\/p>\n<p><img decoding=\"async\" src=\"http:\/\/store-en.tmotor.com\/bdimages\/upload1\/20190514\/1557814315253947.jpg\" \/><\/p>\n<p><img decoding=\"async\" src=\"http:\/\/store-en.tmotor.com\/bdimages\/upload1\/20190514\/1557814315509112.jpg\" \/><\/p>\n<p><img decoding=\"async\" src=\"http:\/\/store-en.tmotor.com\/bdimages\/upload1\/20190514\/1557814315570186.jpg\" \/><\/p>\n<p><img decoding=\"async\" src=\"http:\/\/store-en.tmotor.com\/bdimages\/upload1\/20190514\/1557814316907224.jpg\" \/><\/p>\n<p><img decoding=\"async\" src=\"http:\/\/store-en.tmotor.com\/bdimages\/upload1\/20190514\/1557814316740798.jpg\" \/><\/p>\n<p><img decoding=\"async\" src=\"http:\/\/store-en.tmotor.com\/bdimages\/upload1\/20190514\/1557814317374102.jpg\" \/><\/p>\n<p><img decoding=\"async\" src=\"http:\/\/store-en.tmotor.com\/bdimages\/upload1\/20190911\/1568184120727097.jpg\" \/><\/p>\n<p><img decoding=\"async\" src=\"http:\/\/store-en.tmotor.com\/bdimages\/upload1\/20190514\/1557814318615272.jpg\" \/><\/p>\n<p><img decoding=\"async\" src=\"http:\/\/store-en.tmotor.com\/bdimages\/upload1\/20190514\/1557814319858526.jpg\" \/><\/p>\n<p><img decoding=\"async\" src=\"http:\/\/store-en.tmotor.com\/bdimages\/upload1\/20190514\/1557814319990640.jpg\" \/><\/p>\n<p><img decoding=\"async\" src=\"http:\/\/store-en.tmotor.com\/bdimages\/upload1\/20190514\/1557814320570909.jpg\" \/><\/p>\n<p><img decoding=\"async\" src=\"http:\/\/store-en.tmotor.com\/bdimages\/upload1\/20190514\/1557814320701047.jpg\" \/><\/p>\n<p><img decoding=\"async\" src=\"http:\/\/store-en.tmotor.com\/bdimages\/upload1\/20190514\/1557814321780445.jpg\" \/><\/p>\n<\/div>\n<\/div>\n<\/div>\n<\/div>\n<\/div>\n<\/div>\n","protected":false},"excerpt":{"rendered":"<h2 style=\"text-align: center;\"><strong>T-MOTOR T\u00dcRK\u0130YE YETK\u0130L\u0130 SATICISI\u00a0<\/strong><\/h2>\n<p dir=\"ltr\" data-placeholder=\"\u00c7eviri\"><!--more--><\/p>\n<p id=\"tw-target-text\" class=\"tw-data-text tw-text-large XcVN5d tw-ta\" dir=\"ltr\" style=\"text-align: center;\" data-placeholder=\"\u00c7eviri\"><span lang=\"tr\">\u2022 Patlay\u0131c\u0131 G\u00fc\u00e7<\/span><\/p>\n<p class=\"tw-data-text tw-text-large XcVN5d tw-ta\" dir=\"ltr\" style=\"text-align: center;\" data-placeholder=\"\u00c7eviri\"><span lang=\"tr\">\u2022 H\u0131zl\u0131 cevap <\/span><\/p>\n<p class=\"tw-data-text tw-text-large XcVN5d tw-ta\" dir=\"ltr\" style=\"text-align: center;\" data-placeholder=\"\u00c7eviri\"><span lang=\"tr\">\u2022 Belirgin G\u00fcvenilirlik<\/span><\/p>\n<h4><!--more--><\/h4>\n<h4 style=\"text-align: center;\">L\u00dcTFEN STOK VE F\u0130YAT B\u0130LG\u0130S\u0130 \u0130\u00c7\u0130N \u0130LET\u0130\u015e\u0130ME GE\u00c7\u0130N\u0130Z<\/h4>\n<p>&nbsp;<\/p>\n<p>&nbsp;<\/p>\n","protected":false},"featured_media":9180,"comment_status":"open","ping_status":"closed","template":"","meta":[],"product_cat":[580],"product_tag":[235,485,466,395,465,615,238,586,585,587,237,482,481,468,480,483,467,392,257,479,394],"_links":{"self":[{"href":"https:\/\/soleilsky.com.tr\/shop\/wp-json\/wp\/v2\/product\/9178"}],"collection":[{"href":"https:\/\/soleilsky.com.tr\/shop\/wp-json\/wp\/v2\/product"}],"about":[{"href":"https:\/\/soleilsky.com.tr\/shop\/wp-json\/wp\/v2\/types\/product"}],"replies":[{"embeddable":true,"href":"https:\/\/soleilsky.com.tr\/shop\/wp-json\/wp\/v2\/comments?post=9178"}],"wp:featuredmedia":[{"embeddable":true,"href":"https:\/\/soleilsky.com.tr\/shop\/wp-json\/wp\/v2\/media\/9180"}],"wp:attachment":[{"href":"https:\/\/soleilsky.com.tr\/shop\/wp-json\/wp\/v2\/media?parent=9178"}],"wp:term":[{"taxonomy":"product_cat","embeddable":true,"href":"https:\/\/soleilsky.com.tr\/shop\/wp-json\/wp\/v2\/product_cat?post=9178"},{"taxonomy":"product_tag","embeddable":true,"href":"https:\/\/soleilsky.com.tr\/shop\/wp-json\/wp\/v2\/product_tag?post=9178"}],"curies":[{"name":"wp","href":"https:\/\/api.w.org\/{rel}","templated":true}]}}