{"id":9201,"date":"2021-03-15T07:22:07","date_gmt":"2021-03-15T07:22:07","guid":{"rendered":"https:\/\/soleilsky.com.tr\/shop\/?post_type=product&#038;p=9201"},"modified":"2022-01-06T16:55:10","modified_gmt":"2022-01-06T16:55:10","slug":"t-motor-cinematic-f30a-6s-4in1","status":"publish","type":"product","link":"https:\/\/soleilsky.com.tr\/shop\/urun\/t-motor-cinematic-f30a-6s-4in1\/","title":{"rendered":"T-MOTOR Cinematic F30A 6S 4IN1"},"content":{"rendered":"<div class=\"wrap-sticky\">\n<div class=\"wrap-sticky\">\n<div class=\"wrap-sticky\">\n<div id=\"news11tabs\" class=\"navbar navbar-sticky bootsnav on sticked\"><\/div>\n<\/div>\n<\/div>\n<\/div>\n<div id=\"news11\" class=\"tabblock\">\n<div id=\"a_news11\" class=\"tabcon\">\n<p><img decoding=\"async\" title=\"1595382800653350.jpg\" src=\"https:\/\/store-en.tmotor.com\/images\/20200722\/1595382800653350.jpg\" \/><\/p>\n<p><img decoding=\"async\" title=\"1595382799904327.jpg\" src=\"https:\/\/store-en.tmotor.com\/images\/20200722\/1595382799904327.jpg\" \/><\/p>\n<p><img decoding=\"async\" title=\"1595382799636325.jpg\" src=\"https:\/\/store-en.tmotor.com\/images\/20200722\/1595382799636325.jpg\" \/><\/p>\n<p><img decoding=\"async\" title=\"1595382799827532.jpg\" src=\"https:\/\/store-en.tmotor.com\/images\/20200722\/1595382799827532.jpg\" \/><\/p>\n<p><img decoding=\"async\" title=\"1595382800441853.jpg\" src=\"https:\/\/store-en.tmotor.com\/images\/20200722\/1595382800441853.jpg\" \/><\/p>\n<p><img decoding=\"async\" title=\"1595382800235332.jpg\" src=\"https:\/\/store-en.tmotor.com\/images\/20200722\/1595382800235332.jpg\" \/><\/p>\n<\/div>\n<\/div>\n","protected":false},"excerpt":{"rendered":"<h2 style=\"text-align: center;\"><strong>T-MOTOR T\u00dcRK\u0130YE YETK\u0130L\u0130 SATICISI\u00a0<\/strong><\/h2>\n<p dir=\"ltr\" data-placeholder=\"\u00c7eviri\"><!--more--><\/p>\n<p id=\"tw-target-text\" class=\"tw-data-text tw-text-large XcVN5d tw-ta\" dir=\"ltr\" style=\"text-align: center;\" data-placeholder=\"\u00c7eviri\"><span lang=\"tr\">\u2022 Patlay\u0131c\u0131 G\u00fc\u00e7<\/span><\/p>\n<p class=\"tw-data-text tw-text-large XcVN5d tw-ta\" dir=\"ltr\" style=\"text-align: center;\" data-placeholder=\"\u00c7eviri\"><span lang=\"tr\">\u2022 H\u0131zl\u0131 cevap <\/span><\/p>\n<p class=\"tw-data-text tw-text-large XcVN5d tw-ta\" dir=\"ltr\" style=\"text-align: center;\" data-placeholder=\"\u00c7eviri\"><span lang=\"tr\">\u2022 Belirgin G\u00fcvenilirlik<\/span><\/p>\n<h4 style=\"text-align: center;\"><!--more--><\/h4>\n<h4 style=\"text-align: center;\">L\u00dcTFEN STOK VE F\u0130YAT B\u0130LG\u0130S\u0130 \u0130\u00c7\u0130N \u0130LET\u0130\u015e\u0130ME GE\u00c7\u0130N\u0130Z<\/h4>\n<p>&nbsp;<\/p>\n<p>&nbsp;<\/p>\n","protected":false},"featured_media":9202,"comment_status":"open","ping_status":"closed","template":"","meta":[],"product_cat":[580],"product_tag":[619,235,485,466,395,465,238,586,585,587,237,482,481,468,480,483,467,392,257,479,394],"_links":{"self":[{"href":"https:\/\/soleilsky.com.tr\/shop\/wp-json\/wp\/v2\/product\/9201"}],"collection":[{"href":"https:\/\/soleilsky.com.tr\/shop\/wp-json\/wp\/v2\/product"}],"about":[{"href":"https:\/\/soleilsky.com.tr\/shop\/wp-json\/wp\/v2\/types\/product"}],"replies":[{"embeddable":true,"href":"https:\/\/soleilsky.com.tr\/shop\/wp-json\/wp\/v2\/comments?post=9201"}],"wp:featuredmedia":[{"embeddable":true,"href":"https:\/\/soleilsky.com.tr\/shop\/wp-json\/wp\/v2\/media\/9202"}],"wp:attachment":[{"href":"https:\/\/soleilsky.com.tr\/shop\/wp-json\/wp\/v2\/media?parent=9201"}],"wp:term":[{"taxonomy":"product_cat","embeddable":true,"href":"https:\/\/soleilsky.com.tr\/shop\/wp-json\/wp\/v2\/product_cat?post=9201"},{"taxonomy":"product_tag","embeddable":true,"href":"https:\/\/soleilsky.com.tr\/shop\/wp-json\/wp\/v2\/product_tag?post=9201"}],"curies":[{"name":"wp","href":"https:\/\/api.w.org\/{rel}","templated":true}]}}