{"id":9349,"date":"2021-03-15T10:16:56","date_gmt":"2021-03-15T10:16:56","guid":{"rendered":"https:\/\/soleilsky.com.tr\/shop\/?post_type=product&#038;p=9349"},"modified":"2022-01-06T16:50:47","modified_gmt":"2022-01-06T16:50:47","slug":"t-motor-f7-hd","status":"publish","type":"product","link":"https:\/\/soleilsky.com.tr\/shop\/urun\/t-motor-f7-hd\/","title":{"rendered":"T-MOTOR F7 HD"},"content":{"rendered":"<div class=\"wrap-sticky\">\n<div class=\"wrap-sticky\">\n<div class=\"wrap-sticky\">\n<div id=\"news11tabs\" class=\"navbar navbar-sticky bootsnav on sticked\"><\/div>\n<\/div>\n<\/div>\n<\/div>\n<div id=\"news11\" class=\"tabblock\">\n<div id=\"a_news11\" class=\"tabcon\">\n<p><img decoding=\"async\" src=\"http:\/\/store-en.tmotor.com\/bdimages\/upload1\/20191218\/1576653814912876.jpg\" \/><\/p>\n<p><img decoding=\"async\" src=\"http:\/\/store-en.tmotor.com\/bdimages\/upload1\/20191218\/1576653815761063.jpg\" \/><\/p>\n<p><img decoding=\"async\" src=\"http:\/\/store-en.tmotor.com\/bdimages\/upload1\/20191218\/1576653815829078.jpg\" \/><\/p>\n<p><img decoding=\"async\" src=\"http:\/\/store-en.tmotor.com\/bdimages\/upload1\/20191218\/1576653816630797.jpg\" \/><\/p>\n<p><img decoding=\"async\" src=\"http:\/\/store-en.tmotor.com\/bdimages\/upload1\/20191218\/1576653817326844.jpg\" \/><\/p>\n<\/div>\n<\/div>\n","protected":false},"excerpt":{"rendered":"<h2 style=\"text-align: center;\"><strong>T-MOTOR T\u00dcRK\u0130YE YETK\u0130L\u0130 SATICISI\u00a0<\/strong><\/h2>\n<p dir=\"ltr\" data-placeholder=\"\u00c7eviri\"><!--more--><\/p>\n<h4 style=\"text-align: center;\"><!--more--><\/h4>\n<h4 style=\"text-align: center;\">L\u00dcTFEN STOK VE F\u0130YAT B\u0130LG\u0130S\u0130 \u0130\u00c7\u0130N \u0130LET\u0130\u015e\u0130ME GE\u00c7\u0130N\u0130Z<\/h4>\n<p>&nbsp;<\/p>\n<p>&nbsp;<\/p>\n","protected":false},"featured_media":9350,"comment_status":"open","ping_status":"closed","template":"","meta":[],"product_cat":[583],"product_tag":[235,485,466,395,465,644,238,586,585,587,237,482,481,468,480,483,467,392,257,479,394],"_links":{"self":[{"href":"https:\/\/soleilsky.com.tr\/shop\/wp-json\/wp\/v2\/product\/9349"}],"collection":[{"href":"https:\/\/soleilsky.com.tr\/shop\/wp-json\/wp\/v2\/product"}],"about":[{"href":"https:\/\/soleilsky.com.tr\/shop\/wp-json\/wp\/v2\/types\/product"}],"replies":[{"embeddable":true,"href":"https:\/\/soleilsky.com.tr\/shop\/wp-json\/wp\/v2\/comments?post=9349"}],"wp:featuredmedia":[{"embeddable":true,"href":"https:\/\/soleilsky.com.tr\/shop\/wp-json\/wp\/v2\/media\/9350"}],"wp:attachment":[{"href":"https:\/\/soleilsky.com.tr\/shop\/wp-json\/wp\/v2\/media?parent=9349"}],"wp:term":[{"taxonomy":"product_cat","embeddable":true,"href":"https:\/\/soleilsky.com.tr\/shop\/wp-json\/wp\/v2\/product_cat?post=9349"},{"taxonomy":"product_tag","embeddable":true,"href":"https:\/\/soleilsky.com.tr\/shop\/wp-json\/wp\/v2\/product_tag?post=9349"}],"curies":[{"name":"wp","href":"https:\/\/api.w.org\/{rel}","templated":true}]}}