{"id":9395,"date":"2021-03-15T11:28:20","date_gmt":"2021-03-15T11:28:20","guid":{"rendered":"https:\/\/soleilsky.com.tr\/shop\/?post_type=product&#038;p=9395"},"modified":"2022-01-06T16:50:09","modified_gmt":"2022-01-06T16:50:09","slug":"t-motor-501-x%ef%bc%88integrated-propulsion-system%ef%bc%89","status":"publish","type":"product","link":"https:\/\/soleilsky.com.tr\/shop\/urun\/t-motor-501-x%ef%bc%88integrated-propulsion-system%ef%bc%89\/","title":{"rendered":"T-MOTOR 501-X\uff08Integrated Propulsion System\uff09"},"content":{"rendered":"<div class=\"wrap-sticky\">\n<div id=\"news11tabs\" class=\"navbar navbar-sticky bootsnav on sticked\"><\/div>\n<\/div>\n<div id=\"news11\" class=\"tabblock\">\n<div id=\"a_news11\" class=\"tabcon\">\n<p><img decoding=\"async\" src=\"https:\/\/store-en.tmotor.com\/images\/20200603\/1591175092576848.jpg\" \/><\/p>\n<p><img decoding=\"async\" src=\"https:\/\/store-en.tmotor.com\/images\/20200603\/1591175092221822.jpg\" \/><\/p>\n<p><img decoding=\"async\" src=\"https:\/\/store-en.tmotor.com\/images\/20200603\/1591175092429763.jpg\" \/><\/p>\n<p><img decoding=\"async\" src=\"https:\/\/store-en.tmotor.com\/images\/20200603\/1591175092929287.jpg\" \/><\/p>\n<p><img decoding=\"async\" src=\"https:\/\/store-en.tmotor.com\/images\/20200603\/1591175092188808.jpg\" \/><\/p>\n<p><img decoding=\"async\" src=\"https:\/\/store-en.tmotor.com\/images\/20200603\/1591175093930360.jpg\" \/><\/p>\n<p><img decoding=\"async\" src=\"https:\/\/store-en.tmotor.com\/images\/20200603\/1591175093468769.jpg\" \/><\/p>\n<p><img decoding=\"async\" src=\"https:\/\/store-en.tmotor.com\/images\/20200603\/1591175093115047.jpg\" \/><\/p>\n<p><img decoding=\"async\" src=\"https:\/\/store-en.tmotor.com\/images\/20200603\/1591175094218322.jpg\" \/><\/p>\n<p><img decoding=\"async\" src=\"https:\/\/store-en.tmotor.com\/images\/20200603\/1591175094100874.jpg\" \/><\/p>\n<\/div>\n<\/div>\n","protected":false},"excerpt":{"rendered":"<h2 style=\"text-align: center;\"><strong>T-MOTOR T\u00dcRK\u0130YE YETK\u0130L\u0130 SATICISI\u00a0<\/strong><\/h2>\n<p dir=\"ltr\" data-placeholder=\"\u00c7eviri\"><!--more--><\/p>\n<p style=\"text-align: center;\">\n<p id=\"tw-target-text\" class=\"tw-data-text tw-text-large XcVN5d tw-ta\" dir=\"ltr\" style=\"text-align: center;\" data-placeholder=\"\u00c7eviri\"><span lang=\"tr\">\u2022 H\u0131zl\u0131 ve kullan\u0131\u015fl\u0131 <\/span><\/p>\n<p class=\"tw-data-text tw-text-large XcVN5d tw-ta\" dir=\"ltr\" style=\"text-align: center;\" data-placeholder=\"\u00c7eviri\"><span lang=\"tr\">\u2022 Karma\u015f\u0131k montaj s\u00fcreci i\u00e7ermez<\/span><\/p>\n<p class=\"tw-data-text tw-text-large XcVN5d tw-ta\" dir=\"ltr\" style=\"text-align: center;\" data-placeholder=\"\u00c7eviri\"><span lang=\"tr\">\u2022 Anahtar teslim sistem, m\u00fckemmel uyumluluk, m\u00fckemmel maliyet performans\u0131 <\/span><\/p>\n<p class=\"tw-data-text tw-text-large XcVN5d tw-ta\" dir=\"ltr\" style=\"text-align: center;\" data-placeholder=\"\u00c7eviri\"><span lang=\"tr\">\u2022 Mod\u00fclerle\u015ftirilmi\u015f tahrik sistemi<\/span><\/p>\n<h4 style=\"text-align: center;\"><!--more--><\/h4>\n<h4 style=\"text-align: center;\">L\u00dcTFEN STOK VE F\u0130YAT B\u0130LG\u0130S\u0130 \u0130\u00c7\u0130N \u0130LET\u0130\u015e\u0130ME GE\u00c7\u0130N\u0130Z<\/h4>\n<p>&nbsp;<\/p>\n<p>&nbsp;<\/p>\n","protected":false},"featured_media":9396,"comment_status":"open","ping_status":"closed","template":"","meta":[],"product_cat":[650],"product_tag":[658,235,485,466,395,465,238,586,585,587,237,482,481,468,480,483,467,392,257,479,394],"_links":{"self":[{"href":"https:\/\/soleilsky.com.tr\/shop\/wp-json\/wp\/v2\/product\/9395"}],"collection":[{"href":"https:\/\/soleilsky.com.tr\/shop\/wp-json\/wp\/v2\/product"}],"about":[{"href":"https:\/\/soleilsky.com.tr\/shop\/wp-json\/wp\/v2\/types\/product"}],"replies":[{"embeddable":true,"href":"https:\/\/soleilsky.com.tr\/shop\/wp-json\/wp\/v2\/comments?post=9395"}],"wp:featuredmedia":[{"embeddable":true,"href":"https:\/\/soleilsky.com.tr\/shop\/wp-json\/wp\/v2\/media\/9396"}],"wp:attachment":[{"href":"https:\/\/soleilsky.com.tr\/shop\/wp-json\/wp\/v2\/media?parent=9395"}],"wp:term":[{"taxonomy":"product_cat","embeddable":true,"href":"https:\/\/soleilsky.com.tr\/shop\/wp-json\/wp\/v2\/product_cat?post=9395"},{"taxonomy":"product_tag","embeddable":true,"href":"https:\/\/soleilsky.com.tr\/shop\/wp-json\/wp\/v2\/product_tag?post=9395"}],"curies":[{"name":"wp","href":"https:\/\/api.w.org\/{rel}","templated":true}]}}