{"id":9440,"date":"2021-03-15T12:13:16","date_gmt":"2021-03-15T12:13:16","guid":{"rendered":"https:\/\/soleilsky.com.tr\/shop\/?post_type=product&#038;p=9440"},"modified":"2022-01-06T16:48:45","modified_gmt":"2022-01-06T16:48:45","slug":"t-motor-x-u8ii%ef%bc%88integrated-propulsion-system%ef%bc%89","status":"publish","type":"product","link":"https:\/\/soleilsky.com.tr\/shop\/urun\/t-motor-x-u8ii%ef%bc%88integrated-propulsion-system%ef%bc%89\/","title":{"rendered":"T-MOTOR X-U8II\uff08Integrated Propulsion System\uff09"},"content":{"rendered":"<div class=\"wrap-sticky\">\n<div id=\"news11tabs\" class=\"navbar navbar-sticky bootsnav on sticked\">\n<div class=\"wrap-sticky\">\n<div id=\"news11tabs\" class=\"navbar navbar-sticky bootsnav on sticked\"><\/div>\n<\/div>\n<div id=\"news11\" class=\"tabblock\">\n<div id=\"a_news11\" class=\"tabcon\">\n<p><img decoding=\"async\" src=\"https:\/\/store-en.tmotor.com\/images\/20200604\/1591242875996324.jpg\" \/><\/p>\n<p><img decoding=\"async\" src=\"https:\/\/store-en.tmotor.com\/images\/20200604\/1591242875761476.jpg\" \/><\/p>\n<p><img decoding=\"async\" src=\"https:\/\/store-en.tmotor.com\/images\/20200604\/1591242875892672.jpg\" \/><\/p>\n<p><img decoding=\"async\" src=\"https:\/\/store-en.tmotor.com\/images\/20200604\/1591242876178066.jpg\" \/><\/p>\n<p><img decoding=\"async\" src=\"https:\/\/store-en.tmotor.com\/images\/20200604\/1591242876993574.jpg\" \/><\/p>\n<p><img decoding=\"async\" src=\"https:\/\/store-en.tmotor.com\/images\/20200604\/1591242876780161.jpg\" \/><\/p>\n<p><img decoding=\"async\" src=\"https:\/\/store-en.tmotor.com\/images\/20200604\/1591242877264123.jpg\" \/><\/p>\n<p><img decoding=\"async\" src=\"https:\/\/store-en.tmotor.com\/images\/20200604\/1591242878449832.jpg\" \/><\/p>\n<\/div>\n<\/div>\n<\/div>\n<\/div>\n","protected":false},"excerpt":{"rendered":"<h2 style=\"text-align: center;\"><strong>T-MOTOR T\u00dcRK\u0130YE YETK\u0130L\u0130 SATICISI\u00a0<\/strong><\/h2>\n<p dir=\"ltr\" data-placeholder=\"\u00c7eviri\"><!--more--><\/p>\n<p id=\"tw-target-text\" class=\"tw-data-text tw-text-large XcVN5d tw-ta\" dir=\"ltr\" style=\"text-align: center;\" data-placeholder=\"\u00c7eviri\"><span lang=\"tr\">\u2022 Karma\u015f\u0131k montaj s\u00fcreci i\u00e7ermez <\/span><\/p>\n<p class=\"tw-data-text tw-text-large XcVN5d tw-ta\" dir=\"ltr\" style=\"text-align: center;\" data-placeholder=\"\u00c7eviri\"><span lang=\"tr\">\u2022 Anahtar teslim sistem, m\u00fckemmel uyumluluk, m\u00fckemmel maliyet performans\u0131 <\/span><\/p>\n<p class=\"tw-data-text tw-text-large XcVN5d tw-ta\" dir=\"ltr\" style=\"text-align: center;\" data-placeholder=\"\u00c7eviri\"><span lang=\"tr\">\u2022 H\u0131zl\u0131 ve kullan\u0131\u015fl\u0131<\/span><\/p>\n<h4 style=\"text-align: center;\"><!--more--><\/h4>\n<h4 style=\"text-align: center;\">L\u00dcTFEN STOK VE F\u0130YAT B\u0130LG\u0130S\u0130 \u0130\u00c7\u0130N \u0130LET\u0130\u015e\u0130ME GE\u00c7\u0130N\u0130Z<\/h4>\n<p>&nbsp;<\/p>\n<p>&nbsp;<\/p>\n","protected":false},"featured_media":9441,"comment_status":"open","ping_status":"closed","template":"","meta":[],"product_cat":[652,650],"product_tag":[235,485,466,395,465,238,586,585,587,237,482,481,468,480,483,467,392,257,479,394,666],"_links":{"self":[{"href":"https:\/\/soleilsky.com.tr\/shop\/wp-json\/wp\/v2\/product\/9440"}],"collection":[{"href":"https:\/\/soleilsky.com.tr\/shop\/wp-json\/wp\/v2\/product"}],"about":[{"href":"https:\/\/soleilsky.com.tr\/shop\/wp-json\/wp\/v2\/types\/product"}],"replies":[{"embeddable":true,"href":"https:\/\/soleilsky.com.tr\/shop\/wp-json\/wp\/v2\/comments?post=9440"}],"wp:featuredmedia":[{"embeddable":true,"href":"https:\/\/soleilsky.com.tr\/shop\/wp-json\/wp\/v2\/media\/9441"}],"wp:attachment":[{"href":"https:\/\/soleilsky.com.tr\/shop\/wp-json\/wp\/v2\/media?parent=9440"}],"wp:term":[{"taxonomy":"product_cat","embeddable":true,"href":"https:\/\/soleilsky.com.tr\/shop\/wp-json\/wp\/v2\/product_cat?post=9440"},{"taxonomy":"product_tag","embeddable":true,"href":"https:\/\/soleilsky.com.tr\/shop\/wp-json\/wp\/v2\/product_tag?post=9440"}],"curies":[{"name":"wp","href":"https:\/\/api.w.org\/{rel}","templated":true}]}}