{"id":9468,"date":"2021-03-15T13:06:58","date_gmt":"2021-03-15T13:06:58","guid":{"rendered":"https:\/\/soleilsky.com.tr\/shop\/?post_type=product&#038;p=9468"},"modified":"2022-01-06T16:47:30","modified_gmt":"2022-01-06T16:47:30","slug":"t-motor-air-gear-450","status":"publish","type":"product","link":"https:\/\/soleilsky.com.tr\/shop\/urun\/t-motor-air-gear-450\/","title":{"rendered":"T-MOTOR Air Gear 450"},"content":{"rendered":"<div class=\"wrap-sticky\">\n<div id=\"news11tabs\" class=\"navbar navbar-sticky bootsnav on sticked\">\n<div class=\"wrap-sticky\">\n<div id=\"news11tabs\" class=\"navbar navbar-sticky bootsnav on sticked\"><\/div>\n<\/div>\n<div id=\"news11\" class=\"tabblock\">\n<div id=\"a_news11\" class=\"tabcon\">\n<p><img decoding=\"async\" src=\"http:\/\/store-new.tmotor.com\/images\/20200529\/1590720436186732.jpg\" \/><\/p>\n<p><img decoding=\"async\" src=\"http:\/\/store-new.tmotor.com\/images\/20200529\/1590720438564481.jpg\" \/><\/p>\n<p><img decoding=\"async\" src=\"http:\/\/store-new.tmotor.com\/images\/20200529\/1590720443947788.jpg\" \/><\/p>\n<p><img decoding=\"async\" src=\"http:\/\/store-new.tmotor.com\/images\/20200529\/1590720449926757.jpg\" \/><\/p>\n<p><img decoding=\"async\" src=\"http:\/\/store-new.tmotor.com\/images\/20200529\/1590720460578744.jpg\" \/><\/p>\n<p><img decoding=\"async\" src=\"http:\/\/store-new.tmotor.com\/images\/20200529\/1590720460462869.jpg\" \/><\/p>\n<p><img decoding=\"async\" src=\"http:\/\/store-new.tmotor.com\/images\/20200529\/1590720460412845.jpg\" \/><img decoding=\"async\" src=\"http:\/\/store-new.tmotor.com\/images\/20200529\/1590720461857380.jpg\" \/><\/p>\n<\/div>\n<\/div>\n<\/div>\n<\/div>\n<div id=\"news11\" class=\"tabblock\">\n<div id=\"a_news11\" class=\"tabcon\">\n<p><img decoding=\"async\" src=\"http:\/\/store-new.tmotor.com\/images\/20200529\/1590720436186732.jpg\" \/><\/p>\n<p><img decoding=\"async\" src=\"http:\/\/store-new.tmotor.com\/images\/20200529\/1590720438564481.jpg\" \/><\/p>\n<p><img decoding=\"async\" src=\"http:\/\/store-new.tmotor.com\/images\/20200529\/1590720443947788.jpg\" \/><\/p>\n<p><img decoding=\"async\" src=\"http:\/\/store-new.tmotor.com\/images\/20200529\/1590720449926757.jpg\" \/><\/p>\n<p><img decoding=\"async\" src=\"http:\/\/store-new.tmotor.com\/images\/20200529\/1590720460578744.jpg\" \/><\/p>\n<p><img decoding=\"async\" src=\"http:\/\/store-new.tmotor.com\/images\/20200529\/1590720460462869.jpg\" \/><\/p>\n<p><img decoding=\"async\" src=\"http:\/\/store-new.tmotor.com\/images\/20200529\/1590720460412845.jpg\" \/><img decoding=\"async\" src=\"http:\/\/store-new.tmotor.com\/images\/20200529\/1590720461857380.jpg\" \/><\/p>\n<\/div>\n<\/div>\n","protected":false},"excerpt":{"rendered":"<h2 style=\"text-align: center;\"><strong>T-MOTOR T\u00dcRK\u0130YE YETK\u0130L\u0130 SATICISI\u00a0<\/strong><\/h2>\n<p dir=\"ltr\" data-placeholder=\"\u00c7eviri\"><!--more--><\/p>\n<p id=\"tw-target-text\" class=\"tw-data-text tw-text-large XcVN5d tw-ta\" dir=\"ltr\" style=\"text-align: center;\" data-placeholder=\"\u00c7eviri\"><span lang=\"tr\">\u2022 M\u00fckemmel stabilite, h\u0131zl\u0131 tepki ve y\u00fcksek verimlilikle sessiz \u00e7al\u0131\u015fma<\/span><\/p>\n<p class=\"tw-data-text tw-text-large XcVN5d tw-ta\" dir=\"ltr\" style=\"text-align: center;\" data-placeholder=\"\u00c7eviri\"><span lang=\"tr\">\u2022 Hem yeni ba\u015flayanlar hem de gaziler i\u00e7in kullan\u0131m\u0131 kolay <\/span><\/p>\n<p class=\"tw-data-text tw-text-large XcVN5d tw-ta\" dir=\"ltr\" style=\"text-align: center;\" data-placeholder=\"\u00c7eviri\"><span lang=\"tr\">\u2022 Farkl\u0131 talepler i\u00e7in \u00e7e\u015fitli \u00e7er\u00e7eveler i\u00e7in uygundur<\/span><\/p>\n<h4 style=\"text-align: center;\"><!--more--><\/h4>\n<h4 style=\"text-align: center;\">L\u00dcTFEN STOK VE F\u0130YAT B\u0130LG\u0130S\u0130 \u0130\u00c7\u0130N \u0130LET\u0130\u015e\u0130ME GE\u00c7\u0130N\u0130Z<\/h4>\n<p>&nbsp;<\/p>\n<p>&nbsp;<\/p>\n","protected":false},"featured_media":9467,"comment_status":"open","ping_status":"closed","template":"","meta":[],"product_cat":[654],"product_tag":[674,235,485,466,395,465,238,586,585,587,237,482,481,468,480,483,467,392,257,479,394],"_links":{"self":[{"href":"https:\/\/soleilsky.com.tr\/shop\/wp-json\/wp\/v2\/product\/9468"}],"collection":[{"href":"https:\/\/soleilsky.com.tr\/shop\/wp-json\/wp\/v2\/product"}],"about":[{"href":"https:\/\/soleilsky.com.tr\/shop\/wp-json\/wp\/v2\/types\/product"}],"replies":[{"embeddable":true,"href":"https:\/\/soleilsky.com.tr\/shop\/wp-json\/wp\/v2\/comments?post=9468"}],"wp:featuredmedia":[{"embeddable":true,"href":"https:\/\/soleilsky.com.tr\/shop\/wp-json\/wp\/v2\/media\/9467"}],"wp:attachment":[{"href":"https:\/\/soleilsky.com.tr\/shop\/wp-json\/wp\/v2\/media?parent=9468"}],"wp:term":[{"taxonomy":"product_cat","embeddable":true,"href":"https:\/\/soleilsky.com.tr\/shop\/wp-json\/wp\/v2\/product_cat?post=9468"},{"taxonomy":"product_tag","embeddable":true,"href":"https:\/\/soleilsky.com.tr\/shop\/wp-json\/wp\/v2\/product_tag?post=9468"}],"curies":[{"name":"wp","href":"https:\/\/api.w.org\/{rel}","templated":true}]}}