{"id":9485,"date":"2021-10-04T12:37:28","date_gmt":"2021-10-04T12:37:28","guid":{"rendered":"https:\/\/soleilsky.com.tr\/shop\/?post_type=product&#038;p=9485"},"modified":"2023-10-02T15:01:16","modified_gmt":"2023-10-02T15:01:16","slug":"litebeewing-ii-education-drone-kit","status":"publish","type":"product","link":"https:\/\/soleilsky.com.tr\/shop\/urun\/litebeewing-ii-education-drone-kit\/","title":{"rendered":"LiteBee-II STEM Education Drone Kit"},"content":{"rendered":"<p>\u00d6n Sipari\u015f ve E\u011fitim ile alakal\u0131 detayl\u0131 bilgi i\u00e7in a\u015fa\u011f\u0131da bulunan talep formunu doldurabilirsiniz. \u0130lgili departmanlar\u0131m\u0131z sizlerle en k\u0131sa s\u00fcrede ileti\u015fime ge\u00e7eceklerdir;<\/p>\n<p style=\"margin: 0cm 0cm 8pt;\">\u00a0 \u00a0 \u00a0 \u00a0 \u00a0 \u00a0 \u00a0 \u00a0 \u00a0 \u00a0 \u00a0 \u00a0 \u00a0 \u00a0 \u00a0 \u00a0 \u00a0 \u00a0 \u00a0 \u00a0 \u00a0 \u00a0 \u00a0 \u00a0 \u00a0 \u00a0 \u00a0<a href=\"https:\/\/forms.office.com\/r\/rQig7ktm95\" target=\"_blank\" rel=\"noopener\"><input name=\"talepfrm\" type=\"button\" value=\"Talep Formu\" \/><\/a> <a href=\"https:\/\/www.youtube.com\/watch?v=FLdjd-_5r4U\" target=\"_blank\" rel=\"noopener\"><input name=\"vidbtn\" type=\"button\" value=\"Tan\u0131t\u0131m Videomuz\" \/><\/a><\/p>\n<p><img loading=\"lazy\" decoding=\"async\" class=\"wp-image-9559 aligncenter\" style=\"border: 5px solid #9e9e9e; margin: 3px;\" src=\"https:\/\/soleilsky.com.tr\/shop\/wp-content\/uploads\/2021\/10\/1-1.jpg\" alt=\"\" width=\"540\" height=\"312\" \/>\u00c7ocuklara y\u00f6nelik haz\u0131rlanan bu setlerde \u00f6ncelik g\u00fcvenli\u011fe verilmi\u015ftir. G\u00fcvenli bir ortamda ve kapal\u0131 alanda yap\u0131lacak \u00e7al\u0131\u015fmalarda \u00e7ocuklar\u0131n\u0131z\u0131n kendi kendine zaman\u0131n\u0131 kaliteli bir \u015fekilde de\u011ferlendirerek \u00fcretici ki\u015fili\u011finin \u00f6n plana \u00e7\u0131kt\u0131\u011f\u0131na tan\u0131k olacaks\u0131n\u0131z.<img loading=\"lazy\" decoding=\"async\" class=\"wp-image-9555 aligncenter\" style=\"border: 5px solid #9e9e9e; margin: 3px;\" src=\"https:\/\/soleilsky.com.tr\/shop\/wp-content\/uploads\/2021\/10\/13-300x173.png\" alt=\"\" width=\"540\" height=\"312\" srcset=\"https:\/\/soleilsky.com.tr\/shop\/wp-content\/uploads\/2021\/10\/13-300x173.png 300w, https:\/\/soleilsky.com.tr\/shop\/wp-content\/uploads\/2021\/10\/13-600x346.png 600w, https:\/\/soleilsky.com.tr\/shop\/wp-content\/uploads\/2021\/10\/13-1024x590.png 1024w, https:\/\/soleilsky.com.tr\/shop\/wp-content\/uploads\/2021\/10\/13-768x442.png 768w, https:\/\/soleilsky.com.tr\/shop\/wp-content\/uploads\/2021\/10\/13-1536x885.png 1536w, https:\/\/soleilsky.com.tr\/shop\/wp-content\/uploads\/2021\/10\/13.png 1863w\" sizes=\"(max-width: 540px) 100vw, 540px\" \/><\/p>\n<p>LiteBee\u00a0\u00e7ocuklar\u0131n en \u00e7ok sevdi\u011fi oyuncaklardan bir tanesi olan Lego\u2019dan esinlenerek \u00fcretilen ve \u00e7ocuklar\u0131n hayal g\u00fc\u00e7lerini kullanarak \u00fcrettikleri\u00a0drone&#8217;lar\u0131\u00a0u\u00e7urma imkan\u0131 sa\u011flar.<\/p>\n<p>\u00c7ocuklara e\u011flenerek \u00f6\u011frenecekleri bir platformu kullanarak bilim, teknik, matematik, el becerisi, programlama ve m\u00fchendislik dallar\u0131nda becerilerini art\u0131rmalar\u0131na yard\u0131mc\u0131 olacakt\u0131r.<\/p>\n<p>Litebee Wing ile <b>Scratch 3.0 <\/b>ve<b> Pyhton<\/b> programlama dillerini kullanarak kendi \u00fcretti\u011finiz Drone\u2019u y\u00f6netebilir ve g\u00f6revler verebilirsiniz.<\/p>\n<p>LED ve Zil (Buzzer) kitleri ile daha e\u011flenceli projeler olu\u015fturup \u00f6zg\u00fcrce u\u00e7u\u015f zekini tad\u0131n.<br \/>\n<img loading=\"lazy\" decoding=\"async\" class=\"wp-image-9564 aligncenter\" style=\"border: 5px solid #9e9e9e; margin: 3px;\" src=\"https:\/\/soleilsky.com.tr\/shop\/wp-content\/uploads\/2021\/10\/15-300x156.jpg\" alt=\"\" width=\"540\" height=\"281\" srcset=\"https:\/\/soleilsky.com.tr\/shop\/wp-content\/uploads\/2021\/10\/15-300x156.jpg 300w, https:\/\/soleilsky.com.tr\/shop\/wp-content\/uploads\/2021\/10\/15.jpg 492w\" sizes=\"(max-width: 540px) 100vw, 540px\" \/><\/p>\n<p>Litebee e\u011fitim drone`lar\u0131 i\u00e7in \u00f6zel haz\u0131rlanm\u0131\u015f olan LitebeeGo aray\u00fcz\u00fc ile, drone`lar\u0131n\u0131z\u0131 istedi\u011finiz gibi ki\u015fiselle\u015ftirebilir ve onlara istedi\u011finiz g\u00f6revleri atayabilirsiniz.<\/p>\n<p>LitebeeGo, Scratch 3.0 kodlama \u015fekli saysine \u00e7ocuklara s\u00fcr\u00fckle b\u0131rak y\u00f6ntemiyle kodlaman\u0131n temellerini \u00f6\u011fretmeyi ama\u00e7lamaktad\u0131r.<\/p>\n<p>Scratch 3.0\u00a0kodlama \u015fekli bloklardan olu\u015fan bir yap\u0131ya sahiptir ve kodlama esnas\u0131nda planlaman\u0131n daha kolay ve verimli\u00a0olabilmesi i\u00e7in bu bloklar i\u015flevlerine g\u00f6re\u00a0kategorilere ayr\u0131lm\u0131\u015ft\u0131r.<\/p>\n<p><img loading=\"lazy\" decoding=\"async\" class=\"wp-image-9563 aligncenter\" style=\"border: 5px solid #9e9e9e; margin: 3px;\" src=\"https:\/\/soleilsky.com.tr\/shop\/wp-content\/uploads\/2021\/10\/12-1-300x156.jpg\" alt=\"\" width=\"540\" height=\"281\" srcset=\"https:\/\/soleilsky.com.tr\/shop\/wp-content\/uploads\/2021\/10\/12-1-300x156.jpg 300w, https:\/\/soleilsky.com.tr\/shop\/wp-content\/uploads\/2021\/10\/12-1.jpg 492w\" sizes=\"(max-width: 540px) 100vw, 540px\" \/><\/p>\n<p><strong>E\u011fitim<\/strong><\/p>\n<p>\u00d6zel SoleilSky \u0130nsans\u0131z Hava Arac\u0131 (Drone) Pilotu Yeti\u015ftirme Kursu Sivil Havac\u0131l\u0131k Genel M\u00fcd\u00fcrl\u00fc\u011f\u00fc (SHGM) taraf\u0131ndan yetkilendirilmi\u015f, Milli E\u011fitim Bankal\u0131\u011f\u0131nca (MEB) onaylanm\u0131\u015f \u00d6zel \u00d6\u011fretim Kursu olup b\u00fcnyesinde bu tarihe kadar 2500 Profesyonel \u0130nsans\u0131z Hava Arac\u0131 (IHA) pilotu yeti\u015ftirmi\u015ftir. Sekt\u00f6r\u00fcnde en ba\u015far\u0131l\u0131 ve g\u00f6zde kurumlardan biri \u00a0olan \u00d6zel SoleilSky \u0130nsans\u0131z Hava Arac\u0131 (Drone) Pilotu Yeti\u015ftirme Kursu, dal\u0131nda uzman kadrosu ile Litebee Wing ile \u00fclke gelece\u011fini \u015fekillendirecek olan \u00e7ocuklar\u0131m\u0131za, Drone Kodlama E\u011fitimleri vermektedir. Farkl\u0131 se\u00e7enekler sunarak kat\u0131l\u0131mc\u0131lar\u0131n ki\u015fisel istekleri do\u011frultusunda istedikleri \u015fekilde e\u011fitim alma imkan\u0131 sa\u011flar. Ayn\u0131 zamanda e\u011fitim sonras\u0131 destek imkan\u0131n\u0131 da sa\u011flayan \u00d6zel SoleilSky \u0130nsans\u0131z Hava Arac\u0131 (Drone) Pilotu Yeti\u015ftirme Kursu &#8220;U\u00e7mak \u00d6zg\u00fcrl\u00fckt\u00fcr&#8221; slogan\u0131 ile gelecek nesillere havac\u0131l\u0131\u011f\u0131 ve bu alan ile ilgili b\u00f6l\u00fcmleri sevdirmeyi ama\u00e7lamaktad\u0131r. Bunun da temelinin k\u00fc\u00e7\u00fck ya\u015flarda at\u0131lmas\u0131 gerekti\u011finin bilincinde olan kurumumuz, \u00e7ocuklara kendi yapt\u0131klar\u0131 Drone&#8217;lar ile kodlama yaparak gelece\u011fimizi emanet etti\u011fimiz \u00e7ocuklar\u0131m\u0131z\u0131 \u00e7a\u011f\u0131m\u0131z\u0131n geli\u015fmekte olan teknolojisine haz\u0131rlamay\u0131 ilke edinmi\u015ftir. T\u00fcrk Sivil Havac\u0131l\u0131\u011f\u0131 sekt\u00f6rlerinde \u00f6zg\u00fcven ve sayg\u0131l\u0131 pilotlar\u0131n\u0131n yeti\u015fmesine katk\u0131 sa\u011flamak en b\u00fcy\u00fck vizyonumuzdur.<br \/>\n<img loading=\"lazy\" decoding=\"async\" class=\"wp-image-9558 aligncenter\" style=\"border: 5px solid #9e9e9e; margin: 3px;\" src=\"https:\/\/soleilsky.com.tr\/shop\/wp-content\/uploads\/2021\/10\/Screenshot-2022-01-16-114854-300x170.png\" alt=\"\" width=\"540\" height=\"306\" srcset=\"https:\/\/soleilsky.com.tr\/shop\/wp-content\/uploads\/2021\/10\/Screenshot-2022-01-16-114854-300x170.png 300w, https:\/\/soleilsky.com.tr\/shop\/wp-content\/uploads\/2021\/10\/Screenshot-2022-01-16-114854-600x340.png 600w, https:\/\/soleilsky.com.tr\/shop\/wp-content\/uploads\/2021\/10\/Screenshot-2022-01-16-114854-1024x580.png 1024w, https:\/\/soleilsky.com.tr\/shop\/wp-content\/uploads\/2021\/10\/Screenshot-2022-01-16-114854-768x435.png 768w, https:\/\/soleilsky.com.tr\/shop\/wp-content\/uploads\/2021\/10\/Screenshot-2022-01-16-114854.png 1251w\" sizes=\"(max-width: 540px) 100vw, 540px\" \/><br \/>\nLitebee Drone E\u011fitim Paketleri \u015fu \u015fekildedir;<\/p>\n<ul>\n<li>Drone + Scratch 3.0 Kodlama E\u011fitimi (E\u011fitim sonunda kat\u0131l\u0131mc\u0131lar \u00fcrettikleri ve \u00fczerinde kodlamay\u0131 \u00f6\u011frendikleri Litebee Wing&#8217;in sahibi olurlar)<\/li>\n<\/ul>\n<ul>\n<li>Sadece Scratch Kodlama E\u011fitimi<\/li>\n<\/ul>\n<p>\u00d6n Sipari\u015f ve E\u011fitim ile alakal\u0131 detayl\u0131 bilgi i\u00e7in a\u015fa\u011f\u0131da bulunan talep formunu doldurabilirsiniz. \u0130lgili departmanlar\u0131m\u0131z sizlerle en k\u0131sa s\u00fcrede ileti\u015fime ge\u00e7eceklerdir;<\/p>\n<p style=\"margin: 0cm 0cm 8pt;\">\u00a0 \u00a0 \u00a0 \u00a0 \u00a0 \u00a0 \u00a0 \u00a0 \u00a0 \u00a0 \u00a0 \u00a0 \u00a0 \u00a0 \u00a0 \u00a0 \u00a0 \u00a0 \u00a0 \u00a0 \u00a0 \u00a0 \u00a0 \u00a0 \u00a0 \u00a0 \u00a0 \u00a0 \u00a0<a href=\"https:\/\/forms.office.com\/r\/rQig7ktm95\" target=\"_blank\" rel=\"noopener\"><input name=\"talepfrm\" type=\"button\" value=\"Talep Formu\" \/><\/a> <a href=\"https:\/\/www.youtube.com\/watch?v=FLdjd-_5r4U\" target=\"_blank\" rel=\"noopener\"><input name=\"vidbtn\" type=\"button\" value=\"Tan\u0131t\u0131m Videomuz\" \/><\/a><\/p>\n<p><img loading=\"lazy\" decoding=\"async\" class=\"wp-image-9560 aligncenter\" style=\"border: 5px solid #9e9e9e; margin: 3px;\" src=\"https:\/\/soleilsky.com.tr\/shop\/wp-content\/uploads\/2021\/10\/2-1-300x294.jpg\" alt=\"\" width=\"540\" height=\"529\" srcset=\"https:\/\/soleilsky.com.tr\/shop\/wp-content\/uploads\/2021\/10\/2-1-300x294.jpg 300w, https:\/\/soleilsky.com.tr\/shop\/wp-content\/uploads\/2021\/10\/2-1.jpg 304w\" sizes=\"(max-width: 540px) 100vw, 540px\" \/><\/p>\n<p><img loading=\"lazy\" decoding=\"async\" class=\"wp-image-9560 aligncenter\" style=\"border: 5px solid #9e9e9e; margin: 3px;\" src=\"https:\/\/soleilsky.com.tr\/shop\/wp-content\/uploads\/2021\/10\/Untitled-1-300x207.jpg\" alt=\"\" width=\"540\" height=\"529\" \/><\/p>\n<p>&nbsp;<\/p>\n","protected":false},"excerpt":{"rendered":"<p>8-16 Ya\u015f Grubu<\/p>\n<p>Programlanabilir Scratch 3.0, Python ve Arduino yaz\u0131l\u0131m dillerini desktekler<\/p>\n<p>Kapal\u0131 alanda u\u00e7u\u015f i\u00e7in uygundur<\/p>\n<p>Sigorta ve u\u00e7u\u015f izni gerektirmez<\/p>\n<p>\u00d6n Sipari\u015f ve Detayl\u0131 Bilgi \u0130\u00e7in;<\/p>\n<p>+90 224 322 23 50<\/p>\n<p>+90 224 999 77 75<\/p>\n<p>litebeewing@soleilsky.com<\/p>\n<p><strong>E\u011fitim<\/strong> ve <strong>\u00d6n Sipari\u015f<\/strong> i\u00e7in formunu doldurabiliriniz;<\/p>\n<p><strong><a href=\"https:\/\/forms.office.com\/r\/rQig7ktm95\" target=\"_blank\" rel=\"noopener\">Talep Formu<\/a><\/strong><\/p>\n<p><img loading=\"lazy\" decoding=\"async\" class=\"alignnone wp-image-9526\" src=\"https:\/\/soleilsky.com.tr\/shop\/wp-content\/uploads\/2021\/10\/MAKERFIRE-LOGO.jpg\" alt=\"\" width=\"100\" height=\"89\" \/><\/p>\n<p><strong>MAKERFIRE T\u00dcRK\u0130YE RESM\u0130 D\u0130STR\u0130BUT\u00d6R\u00dcD\u00dcR<\/strong><\/p>\n<p><img loading=\"lazy\" decoding=\"async\" class=\"alignnone wp-image-9525\" src=\"https:\/\/soleilsky.com.tr\/shop\/wp-content\/uploads\/2021\/10\/LITEBEE-LOGO-244x300.jpg\" alt=\"\" width=\"100\" height=\"123\" srcset=\"https:\/\/soleilsky.com.tr\/shop\/wp-content\/uploads\/2021\/10\/LITEBEE-LOGO-244x300.jpg 244w, https:\/\/soleilsky.com.tr\/shop\/wp-content\/uploads\/2021\/10\/LITEBEE-LOGO-600x738.jpg 600w, https:\/\/soleilsky.com.tr\/shop\/wp-content\/uploads\/2021\/10\/LITEBEE-LOGO-832x1024.jpg 832w, https:\/\/soleilsky.com.tr\/shop\/wp-content\/uploads\/2021\/10\/LITEBEE-LOGO-768x945.jpg 768w, https:\/\/soleilsky.com.tr\/shop\/wp-content\/uploads\/2021\/10\/LITEBEE-LOGO.jpg 878w\" sizes=\"(max-width: 100px) 100vw, 100px\" \/><\/p>\n<p><strong>L\u0130TEBEE T\u00dcRK\u0130YE RESM\u0130 D\u0130STR\u0130BUT\u00d6R\u00dcD\u00dcR<\/strong><\/p>\n","protected":false},"featured_media":9561,"comment_status":"open","ping_status":"closed","template":"","meta":[],"product_cat":[678,691],"product_tag":[687,235,679,677,686,680,682,684,688,690,689,685,683],"_links":{"self":[{"href":"https:\/\/soleilsky.com.tr\/shop\/wp-json\/wp\/v2\/product\/9485"}],"collection":[{"href":"https:\/\/soleilsky.com.tr\/shop\/wp-json\/wp\/v2\/product"}],"about":[{"href":"https:\/\/soleilsky.com.tr\/shop\/wp-json\/wp\/v2\/types\/product"}],"replies":[{"embeddable":true,"href":"https:\/\/soleilsky.com.tr\/shop\/wp-json\/wp\/v2\/comments?post=9485"}],"wp:featuredmedia":[{"embeddable":true,"href":"https:\/\/soleilsky.com.tr\/shop\/wp-json\/wp\/v2\/media\/9561"}],"wp:attachment":[{"href":"https:\/\/soleilsky.com.tr\/shop\/wp-json\/wp\/v2\/media?parent=9485"}],"wp:term":[{"taxonomy":"product_cat","embeddable":true,"href":"https:\/\/soleilsky.com.tr\/shop\/wp-json\/wp\/v2\/product_cat?post=9485"},{"taxonomy":"product_tag","embeddable":true,"href":"https:\/\/soleilsky.com.tr\/shop\/wp-json\/wp\/v2\/product_tag?post=9485"}],"curies":[{"name":"wp","href":"https:\/\/api.w.org\/{rel}","templated":true}]}}