{"id":9581,"date":"2022-02-17T16:28:31","date_gmt":"2022-02-17T16:28:31","guid":{"rendered":"https:\/\/soleilsky.com.tr\/shop\/?post_type=product&#038;p=9581"},"modified":"2023-10-02T14:59:01","modified_gmt":"2023-10-02T14:59:01","slug":"litebee-wing-motor","status":"publish","type":"product","link":"https:\/\/soleilsky.com.tr\/shop\/urun\/litebee-wing-motor\/","title":{"rendered":"LiteBee Wing Motor"},"content":{"rendered":"<p>LiteBee Wing Motor 1020 F\u0131r\u00e7al\u0131 Motor Seti: 2 adet saat y\u00f6n\u00fcne 2 adet saat y\u00f6n\u00fcn\u00fcn tersine olamk \u00fczere 4 adet motor seti<\/p>\n","protected":false},"excerpt":{"rendered":"<p>LiteBee Wing Motor 1020 F\u0131r\u00e7al\u0131 Motor Seti: 2 adet saat y\u00f6n\u00fcne 2 adet saat y\u00f6n\u00fcn\u00fcn tersine olamk \u00fczere 4 adet motor seti<\/p>\n","protected":false},"featured_media":9582,"comment_status":"open","ping_status":"closed","template":"","meta":[],"product_cat":[691],"product_tag":[],"_links":{"self":[{"href":"https:\/\/soleilsky.com.tr\/shop\/wp-json\/wp\/v2\/product\/9581"}],"collection":[{"href":"https:\/\/soleilsky.com.tr\/shop\/wp-json\/wp\/v2\/product"}],"about":[{"href":"https:\/\/soleilsky.com.tr\/shop\/wp-json\/wp\/v2\/types\/product"}],"replies":[{"embeddable":true,"href":"https:\/\/soleilsky.com.tr\/shop\/wp-json\/wp\/v2\/comments?post=9581"}],"wp:featuredmedia":[{"embeddable":true,"href":"https:\/\/soleilsky.com.tr\/shop\/wp-json\/wp\/v2\/media\/9582"}],"wp:attachment":[{"href":"https:\/\/soleilsky.com.tr\/shop\/wp-json\/wp\/v2\/media?parent=9581"}],"wp:term":[{"taxonomy":"product_cat","embeddable":true,"href":"https:\/\/soleilsky.com.tr\/shop\/wp-json\/wp\/v2\/product_cat?post=9581"},{"taxonomy":"product_tag","embeddable":true,"href":"https:\/\/soleilsky.com.tr\/shop\/wp-json\/wp\/v2\/product_tag?post=9581"}],"curies":[{"name":"wp","href":"https:\/\/api.w.org\/{rel}","templated":true}]}}