{"id":9583,"date":"2022-02-17T16:31:22","date_gmt":"2022-02-17T16:31:22","guid":{"rendered":"https:\/\/soleilsky.com.tr\/shop\/?post_type=product&#038;p=9583"},"modified":"2023-10-02T14:58:25","modified_gmt":"2023-10-02T14:58:25","slug":"litebee-wing-rgb-led-modulu","status":"publish","type":"product","link":"https:\/\/soleilsky.com.tr\/shop\/urun\/litebee-wing-rgb-led-modulu\/","title":{"rendered":"LiteBee Wing RGB &#8211; LED Mod\u00fcl\u00fc"},"content":{"rendered":"<p>LiteBee Wing E\u011fitim Setleri i\u00e7in tasarlanm\u0131\u015f olan Led mod\u00fcl\u00fc RGB \u00f6zelli\u011fi sayesinde farkl\u0131 renklerde kodlama imkan\u0131 sa\u011flar. LiteBeeGo aray\u00fcz\u00fc ile her LED lamba tek tek kodlanabilir. Cihaz\u0131n \u00fcst k\u0131sm\u0131na monte edilip, g\u00fc\u00e7 kablosu ile cihaza ba\u011flan\u0131r.<\/p>\n","protected":false},"excerpt":{"rendered":"<p>LiteBee Wing E\u011fitim Setleri i\u00e7in tasarlanm\u0131\u015f olan Led mod\u00fcl\u00fc RGB \u00f6zelli\u011fi sayesinde farkl\u0131 renklerde kodlama imkan\u0131 sa\u011flar. LiteBeeGo aray\u00fcz\u00fc ile her LED lamba tek tek kodlanabilir. Cihaz\u0131n \u00fcst k\u0131sm\u0131na monte edilip, g\u00fc\u00e7 kablosu ile cihaza ba\u011flan\u0131r.<\/p>\n","protected":false},"featured_media":9584,"comment_status":"open","ping_status":"closed","template":"","meta":[],"product_cat":[691],"product_tag":[],"_links":{"self":[{"href":"https:\/\/soleilsky.com.tr\/shop\/wp-json\/wp\/v2\/product\/9583"}],"collection":[{"href":"https:\/\/soleilsky.com.tr\/shop\/wp-json\/wp\/v2\/product"}],"about":[{"href":"https:\/\/soleilsky.com.tr\/shop\/wp-json\/wp\/v2\/types\/product"}],"replies":[{"embeddable":true,"href":"https:\/\/soleilsky.com.tr\/shop\/wp-json\/wp\/v2\/comments?post=9583"}],"wp:featuredmedia":[{"embeddable":true,"href":"https:\/\/soleilsky.com.tr\/shop\/wp-json\/wp\/v2\/media\/9584"}],"wp:attachment":[{"href":"https:\/\/soleilsky.com.tr\/shop\/wp-json\/wp\/v2\/media?parent=9583"}],"wp:term":[{"taxonomy":"product_cat","embeddable":true,"href":"https:\/\/soleilsky.com.tr\/shop\/wp-json\/wp\/v2\/product_cat?post=9583"},{"taxonomy":"product_tag","embeddable":true,"href":"https:\/\/soleilsky.com.tr\/shop\/wp-json\/wp\/v2\/product_tag?post=9583"}],"curies":[{"name":"wp","href":"https:\/\/api.w.org\/{rel}","templated":true}]}}