{"id":9585,"date":"2022-02-17T16:36:07","date_gmt":"2022-02-17T16:36:07","guid":{"rendered":"https:\/\/soleilsky.com.tr\/shop\/?post_type=product&#038;p=9585"},"modified":"2023-10-02T14:30:16","modified_gmt":"2023-10-02T14:30:16","slug":"obstacle-avoding-engelden-kacin-modulu","status":"publish","type":"product","link":"https:\/\/soleilsky.com.tr\/shop\/urun\/obstacle-avoding-engelden-kacin-modulu\/","title":{"rendered":"Obstacle Avoding &#8211; Engelden Ka\u00e7\u0131n Mod\u00fcl\u00fc"},"content":{"rendered":"<p>&#8216;Alg\u0131la ve Sak\u0131n&#8217; olarakta bilinen bu mod\u00fcl LiteBee Wing \u00fczerine tak\u0131larak u\u00e7u\u015f rotas\u0131 \u00fczerindeki engeller alg\u0131lar ve kodlanan ko\u015fullar \u00e7er\u00e7evesinde cihaz\u0131 y\u00f6nledirir.<\/p>\n","protected":false},"excerpt":{"rendered":"<p>&#8216;Alg\u0131la ve Sak\u0131n&#8217; olarakta bilinen bu mod\u00fcl LiteBee Wing \u00fczerine tak\u0131larak u\u00e7u\u015f rotas\u0131 \u00fczerindeki engeller alg\u0131lar ve kodlanan ko\u015fullar \u00e7er\u00e7evesinde cihaz\u0131 y\u00f6nledirir.<\/p>\n","protected":false},"featured_media":9587,"comment_status":"open","ping_status":"closed","template":"","meta":[],"product_cat":[691],"product_tag":[],"_links":{"self":[{"href":"https:\/\/soleilsky.com.tr\/shop\/wp-json\/wp\/v2\/product\/9585"}],"collection":[{"href":"https:\/\/soleilsky.com.tr\/shop\/wp-json\/wp\/v2\/product"}],"about":[{"href":"https:\/\/soleilsky.com.tr\/shop\/wp-json\/wp\/v2\/types\/product"}],"replies":[{"embeddable":true,"href":"https:\/\/soleilsky.com.tr\/shop\/wp-json\/wp\/v2\/comments?post=9585"}],"wp:featuredmedia":[{"embeddable":true,"href":"https:\/\/soleilsky.com.tr\/shop\/wp-json\/wp\/v2\/media\/9587"}],"wp:attachment":[{"href":"https:\/\/soleilsky.com.tr\/shop\/wp-json\/wp\/v2\/media?parent=9585"}],"wp:term":[{"taxonomy":"product_cat","embeddable":true,"href":"https:\/\/soleilsky.com.tr\/shop\/wp-json\/wp\/v2\/product_cat?post=9585"},{"taxonomy":"product_tag","embeddable":true,"href":"https:\/\/soleilsky.com.tr\/shop\/wp-json\/wp\/v2\/product_tag?post=9585"}],"curies":[{"name":"wp","href":"https:\/\/api.w.org\/{rel}","templated":true}]}}