{"id":9590,"date":"2022-02-17T16:40:54","date_gmt":"2022-02-17T16:40:54","guid":{"rendered":"https:\/\/soleilsky.com.tr\/shop\/?post_type=product&#038;p=9590"},"modified":"2023-10-02T14:57:51","modified_gmt":"2023-10-02T14:57:51","slug":"multi-charger-coklu-sarj-unitesi","status":"publish","type":"product","link":"https:\/\/soleilsky.com.tr\/shop\/urun\/multi-charger-coklu-sarj-unitesi\/","title":{"rendered":"Multi Charger &#8211; \u00c7oklu \u015earj \u00dcnitesi"},"content":{"rendered":"<p>\u00c7oklu \u015farj \u00fcnitesi sayesinde ayn\u0131 anda 4 adet batarya dolumu ger\u00e7ekle\u015ftirilebilir ve \u00fcnite \u00fczerinden bataryalar\u0131n voltaj de\u011ferleri kontrol edilebilir.<\/p>\n","protected":false},"excerpt":{"rendered":"<p>\u00c7oklu \u015farj \u00fcnitesi sayesinde ayn\u0131 anda 4 adet batarya dolumu ger\u00e7ekle\u015ftirilebilir ve \u00fcnite \u00fczerinden bataryalar\u0131n voltaj de\u011ferleri kontrol edilebilir.<\/p>\n","protected":false},"featured_media":9592,"comment_status":"open","ping_status":"closed","template":"","meta":[],"product_cat":[691],"product_tag":[],"_links":{"self":[{"href":"https:\/\/soleilsky.com.tr\/shop\/wp-json\/wp\/v2\/product\/9590"}],"collection":[{"href":"https:\/\/soleilsky.com.tr\/shop\/wp-json\/wp\/v2\/product"}],"about":[{"href":"https:\/\/soleilsky.com.tr\/shop\/wp-json\/wp\/v2\/types\/product"}],"replies":[{"embeddable":true,"href":"https:\/\/soleilsky.com.tr\/shop\/wp-json\/wp\/v2\/comments?post=9590"}],"wp:featuredmedia":[{"embeddable":true,"href":"https:\/\/soleilsky.com.tr\/shop\/wp-json\/wp\/v2\/media\/9592"}],"wp:attachment":[{"href":"https:\/\/soleilsky.com.tr\/shop\/wp-json\/wp\/v2\/media?parent=9590"}],"wp:term":[{"taxonomy":"product_cat","embeddable":true,"href":"https:\/\/soleilsky.com.tr\/shop\/wp-json\/wp\/v2\/product_cat?post=9590"},{"taxonomy":"product_tag","embeddable":true,"href":"https:\/\/soleilsky.com.tr\/shop\/wp-json\/wp\/v2\/product_tag?post=9590"}],"curies":[{"name":"wp","href":"https:\/\/api.w.org\/{rel}","templated":true}]}}