{"id":9795,"date":"2022-10-07T08:40:32","date_gmt":"2022-10-07T08:40:32","guid":{"rendered":"https:\/\/soleilsky.com.tr\/shop\/?post_type=product&#038;p=9795"},"modified":"2023-10-02T14:56:52","modified_gmt":"2023-10-02T14:56:52","slug":"dji-mavic-3-enterprise-part01-rtk-modul","status":"publish","type":"product","link":"https:\/\/soleilsky.com.tr\/shop\/urun\/dji-mavic-3-enterprise-part01-rtk-modul\/","title":{"rendered":"DJI Mavic 2 Enterprise RTK Mod\u00fcl"},"content":{"rendered":"<h3><b>DJI MAVIC 2 ENTERPRISE ADVANCED RTK MODULE<\/b><\/h3>\n<hr \/>\n<p>Daha Kararl\u0131 Bir U\u00e7u\u015f \u0130\u00e7in RTK Kullan\u0131n<br \/>\nBu RTK Mod\u00fcl\u00fc, DJI Mavic 2 Enterprise Advanced drone i\u00e7in \u00f6zel olarak tasarlanm\u0131\u015ft\u0131r.<br \/>\nSantimetre d\u00fczeyinde konumland\u0131rma do\u011frulu\u011fu elde etmek i\u00e7in mod\u00fcl\u00fc drone&#8217;a tak\u0131n (1cm+1ppm &#8211; yatay; 1.5cm+1ppm &#8211; dikey).<br \/>\nMod\u00fcl ayn\u0131 zamanda NTRIP&#8217;i de destekler ve drone&#8217;u elektrik hatt\u0131 denetimleri i\u00e7in ideal bir \u00e7\u00f6z\u00fcm haline getirir; elektromanyetik parazitin y\u00fcksek oldu\u011fu alanlarda daha g\u00fcvenilir bir u\u00e7u\u015f sa\u011flamak.<br \/>\nMod\u00fcl, A\u011f RTK ve \u00d6zel RTK&#8217;y\u0131 destekler.<br \/>\nRTK Mod\u00fcl\u00fc yaln\u0131zca Mavic 2 Enterprise Advanced ile uyumludur. veya orijinal Mavic 2 Enterprise ile entegre de\u011fildir.<br \/>\nRTK Mod\u00fcl\u00fc, Mavic 2 Enterprise Advanced drone i\u00e7in ayr\u0131ca sat\u0131n al\u0131nmal\u0131d\u0131r.<\/p>\n<hr \/>\n<p>\u00d6zellikler<br \/>\nBoyutlar: 69 \u00d7 69 \u00d7 59 mm<br \/>\nBa\u011flant\u0131 Noktas\u0131: USB Mikro-B<br \/>\nG\u00fc\u00e7: Yakla\u015f\u0131k. 3 saat<br \/>\nRTK Konumland\u0131rma Do\u011frulu\u011fu: RTK durumu FIX oldu\u011funda, 1cm+1ppm (yatay), 1.5cm+1ppm (dikey)<\/p>\n","protected":false},"excerpt":{"rendered":"<p>DJI MAVIC 2 ENTERPRISE ADVANCED RTK MODULE Daha Kararl\u0131 Bir U\u00e7u\u015f \u0130\u00e7in RTK Kullan\u0131n Bu RTK Mod\u00fcl\u00fc, DJI Mavic 2 Enterprise Advanced drone i\u00e7in \u00f6zel olarak tasarlanm\u0131\u015ft\u0131r. Santimetre d\u00fczeyinde konumland\u0131rma do\u011frulu\u011fu elde etmek i\u00e7in mod\u00fcl\u00fc drone&#8217;a tak\u0131n (1cm+1ppm &#8211; yatay; 1.5cm+1ppm &#8211; dikey). Mod\u00fcl ayn\u0131 zamanda NTRIP&#8217;i de destekler ve drone&#8217;u elektrik hatt\u0131 denetimleri i\u00e7in&#8230;<\/p>\n","protected":false},"featured_media":9798,"comment_status":"open","ping_status":"closed","template":"","meta":[],"product_cat":[304],"product_tag":[],"_links":{"self":[{"href":"https:\/\/soleilsky.com.tr\/shop\/wp-json\/wp\/v2\/product\/9795"}],"collection":[{"href":"https:\/\/soleilsky.com.tr\/shop\/wp-json\/wp\/v2\/product"}],"about":[{"href":"https:\/\/soleilsky.com.tr\/shop\/wp-json\/wp\/v2\/types\/product"}],"replies":[{"embeddable":true,"href":"https:\/\/soleilsky.com.tr\/shop\/wp-json\/wp\/v2\/comments?post=9795"}],"wp:featuredmedia":[{"embeddable":true,"href":"https:\/\/soleilsky.com.tr\/shop\/wp-json\/wp\/v2\/media\/9798"}],"wp:attachment":[{"href":"https:\/\/soleilsky.com.tr\/shop\/wp-json\/wp\/v2\/media?parent=9795"}],"wp:term":[{"taxonomy":"product_cat","embeddable":true,"href":"https:\/\/soleilsky.com.tr\/shop\/wp-json\/wp\/v2\/product_cat?post=9795"},{"taxonomy":"product_tag","embeddable":true,"href":"https:\/\/soleilsky.com.tr\/shop\/wp-json\/wp\/v2\/product_tag?post=9795"}],"curies":[{"name":"wp","href":"https:\/\/api.w.org\/{rel}","templated":true}]}}