{"id":9823,"date":"2022-10-07T12:30:16","date_gmt":"2022-10-07T12:30:16","guid":{"rendered":"https:\/\/soleilsky.com.tr\/shop\/?post_type=product&#038;p=9823"},"modified":"2023-10-02T14:55:50","modified_gmt":"2023-10-02T14:55:50","slug":"dji-matrice-300-kumanda","status":"publish","type":"product","link":"https:\/\/soleilsky.com.tr\/shop\/urun\/dji-matrice-300-kumanda\/","title":{"rendered":"DJI Matrice 300 Kumanda"},"content":{"rendered":"<h3 class=\"style__title___ZAN4C\">DJI Ak\u0131ll\u0131 Denetleyici Kurumsal<\/h3>\n<div class=\"style__desc___oX2H8\">DJI Smart Controller Enterprise, do\u011frudan g\u00fcne\u015f \u0131\u015f\u0131\u011f\u0131nda bile net g\u00f6r\u00fc\u015f sa\u011flayan ultra parlak 5.5 in\u00e7 1080p ekranla birlikte gelir.<\/div>\n<ul class=\"style__feature-ul___MBfOY\">\n<li><img decoding=\"async\" class=\"style__icon___64hSO\" src=\"https:\/\/dji-official-fe.djicdn.com\/dps\/6d0d00c5d3f9fad0452200fa47c989e5.svg\" \/>\n<p class=\"style__icon-desc___2Ye0U\">1000 cd\/m\u00a0<sup>2&#8217;de geleneksel ak\u0131ll\u0131 cihazlardan iki kat daha parlak<\/sup><\/p>\n<\/li>\n<li><img decoding=\"async\" class=\"style__icon___64hSO\" src=\"https:\/\/dji-official-fe.djicdn.com\/dps\/b30e0f8528730a3265d08561c3c67681.svg\" \/>\n<p class=\"style__icon-desc___2Ye0U\">DJI Pilot ve\u00a0<sup>3.<\/sup>\u00a0parti uygulamas\u0131n\u0131 destekler<\/p>\n<\/li>\n<li><img decoding=\"async\" class=\"style__icon___64hSO\" src=\"https:\/\/dji-official-fe.djicdn.com\/dps\/a2ad87b9f3057368f626bd56b4e186e8.svg\" \/>\n<p class=\"style__icon-desc___2Ye0U\">HDMI ba\u011flant\u0131 noktas\u0131<\/p>\n<\/li>\n<li><img decoding=\"async\" class=\"style__icon___64hSO\" src=\"https:\/\/dji-official-fe.djicdn.com\/dps\/b156c7650c181db5af3f4f6d7e85057b.svg\" \/>\n<p class=\"style__icon-desc___2Ye0U\">-20\u2103 ila 40\u2103 \u00e7al\u0131\u015fma s\u0131cakl\u0131\u011f\u0131<\/p>\n<\/li>\n<li><img decoding=\"async\" class=\"style__icon___64hSO\" src=\"https:\/\/dji-official-fe.djicdn.com\/dps\/4884edd29692abf1ed9466f5486ed305.svg\" \/>\n<p class=\"style__icon-desc___2Ye0U\">Geli\u015fmi\u015f \u00c7ift Operat\u00f6r Modu<\/p>\n<\/li>\n<li><img decoding=\"async\" class=\"style__icon___64hSO\" src=\"https:\/\/dji-official-fe.djicdn.com\/dps\/de611674c9fdbad63e3d365f18767ea4.svg\" \/>\n<p class=\"style__icon-desc___2Ye0U\">microSD kart yuvas\u0131<\/p>\n<\/li>\n<\/ul>\n","protected":false},"excerpt":{"rendered":"<p>DJI Ak\u0131ll\u0131 Denetleyici Kurumsal DJI Smart Controller Enterprise, do\u011frudan g\u00fcne\u015f \u0131\u015f\u0131\u011f\u0131nda bile net g\u00f6r\u00fc\u015f sa\u011flayan ultra parlak 5.5 in\u00e7 1080p ekranla birlikte gelir. 1000 cd\/m\u00a02&#8217;de geleneksel ak\u0131ll\u0131 cihazlardan iki kat daha parlak DJI Pilot ve\u00a03.\u00a0parti uygulamas\u0131n\u0131 destekler HDMI ba\u011flant\u0131 noktas\u0131 -20\u2103 ila 40\u2103 \u00e7al\u0131\u015fma s\u0131cakl\u0131\u011f\u0131 Geli\u015fmi\u015f \u00c7ift Operat\u00f6r Modu microSD kart yuvas\u0131<\/p>\n","protected":false},"featured_media":9824,"comment_status":"open","ping_status":"closed","template":"","meta":[],"product_cat":[304],"product_tag":[],"_links":{"self":[{"href":"https:\/\/soleilsky.com.tr\/shop\/wp-json\/wp\/v2\/product\/9823"}],"collection":[{"href":"https:\/\/soleilsky.com.tr\/shop\/wp-json\/wp\/v2\/product"}],"about":[{"href":"https:\/\/soleilsky.com.tr\/shop\/wp-json\/wp\/v2\/types\/product"}],"replies":[{"embeddable":true,"href":"https:\/\/soleilsky.com.tr\/shop\/wp-json\/wp\/v2\/comments?post=9823"}],"wp:featuredmedia":[{"embeddable":true,"href":"https:\/\/soleilsky.com.tr\/shop\/wp-json\/wp\/v2\/media\/9824"}],"wp:attachment":[{"href":"https:\/\/soleilsky.com.tr\/shop\/wp-json\/wp\/v2\/media?parent=9823"}],"wp:term":[{"taxonomy":"product_cat","embeddable":true,"href":"https:\/\/soleilsky.com.tr\/shop\/wp-json\/wp\/v2\/product_cat?post=9823"},{"taxonomy":"product_tag","embeddable":true,"href":"https:\/\/soleilsky.com.tr\/shop\/wp-json\/wp\/v2\/product_tag?post=9823"}],"curies":[{"name":"wp","href":"https:\/\/api.w.org\/{rel}","templated":true}]}}