{"id":9827,"date":"2022-10-07T12:33:19","date_gmt":"2022-10-07T12:33:19","guid":{"rendered":"https:\/\/soleilsky.com.tr\/shop\/?post_type=product&#038;p=9827"},"modified":"2023-10-02T14:55:16","modified_gmt":"2023-10-02T14:55:16","slug":"dji-matrice-300-series-part-06-bs60-intelligent-battery-station","status":"publish","type":"product","link":"https:\/\/soleilsky.com.tr\/shop\/urun\/dji-matrice-300-series-part-06-bs60-intelligent-battery-station\/","title":{"rendered":"DJI Matrice 300 Ak\u0131ll\u0131 Batarya \u015earj \u0130stasyonu"},"content":{"rendered":"<h3 class=\"style__title___ZAN4C\">Ak\u00fc \u0130stasyonu<\/h3>\n<div class=\"style__desc___oX2H8\">Pil istasyonu, 8 adede kadar u\u00e7u\u015f pili ve 4 uzaktan kumanda pilini y\u00f6netirken, h\u0131zl\u0131 \u015farj, g\u00f6revlerinizi g\u00fc\u00e7 t\u00fckenmeden ger\u00e7ekle\u015ftirmenizi sa\u011flar.<\/div>\n","protected":false},"excerpt":{"rendered":"<p>Ak\u00fc \u0130stasyonu Pil istasyonu, 8 adede kadar u\u00e7u\u015f pili ve 4 uzaktan kumanda pilini y\u00f6netirken, h\u0131zl\u0131 \u015farj, g\u00f6revlerinizi g\u00fc\u00e7 t\u00fckenmeden ger\u00e7ekle\u015ftirmenizi sa\u011flar.<\/p>\n","protected":false},"featured_media":9828,"comment_status":"open","ping_status":"closed","template":"","meta":[],"product_cat":[239],"product_tag":[],"_links":{"self":[{"href":"https:\/\/soleilsky.com.tr\/shop\/wp-json\/wp\/v2\/product\/9827"}],"collection":[{"href":"https:\/\/soleilsky.com.tr\/shop\/wp-json\/wp\/v2\/product"}],"about":[{"href":"https:\/\/soleilsky.com.tr\/shop\/wp-json\/wp\/v2\/types\/product"}],"replies":[{"embeddable":true,"href":"https:\/\/soleilsky.com.tr\/shop\/wp-json\/wp\/v2\/comments?post=9827"}],"wp:featuredmedia":[{"embeddable":true,"href":"https:\/\/soleilsky.com.tr\/shop\/wp-json\/wp\/v2\/media\/9828"}],"wp:attachment":[{"href":"https:\/\/soleilsky.com.tr\/shop\/wp-json\/wp\/v2\/media?parent=9827"}],"wp:term":[{"taxonomy":"product_cat","embeddable":true,"href":"https:\/\/soleilsky.com.tr\/shop\/wp-json\/wp\/v2\/product_cat?post=9827"},{"taxonomy":"product_tag","embeddable":true,"href":"https:\/\/soleilsky.com.tr\/shop\/wp-json\/wp\/v2\/product_tag?post=9827"}],"curies":[{"name":"wp","href":"https:\/\/api.w.org\/{rel}","templated":true}]}}