{"id":9832,"date":"2022-10-07T12:34:53","date_gmt":"2022-10-07T12:34:53","guid":{"rendered":"https:\/\/soleilsky.com.tr\/shop\/?post_type=product&#038;p=9832"},"modified":"2023-10-02T14:54:50","modified_gmt":"2023-10-02T14:54:50","slug":"dji-matrice-300-batarya","status":"publish","type":"product","link":"https:\/\/soleilsky.com.tr\/shop\/urun\/dji-matrice-300-batarya\/","title":{"rendered":"DJI MATRICE 300 Batarya"},"content":{"rendered":"<h3 class=\"style__title___ZAN4C\">TB60 Ak\u0131ll\u0131 U\u00e7u\u015f Bataryas\u0131<\/h3>\n<div class=\"style__desc___oX2H8\">Y\u00fcksek kapasiteli, \u00e7al\u0131\u015f\u0131rken de\u011fi\u015ftirilebilir TB60 Ak\u0131ll\u0131 U\u00e7u\u015f Pili, operat\u00f6rlerin pilleri kapanmadan de\u011fi\u015ftirmesini sa\u011flayarak kritik g\u00f6revler s\u0131ras\u0131nda zamandan tasarruf sa\u011flar.<\/div>\n","protected":false},"excerpt":{"rendered":"<p>TB60 Ak\u0131ll\u0131 U\u00e7u\u015f Bataryas\u0131 Y\u00fcksek kapasiteli, \u00e7al\u0131\u015f\u0131rken de\u011fi\u015ftirilebilir TB60 Ak\u0131ll\u0131 U\u00e7u\u015f Pili, operat\u00f6rlerin pilleri kapanmadan de\u011fi\u015ftirmesini sa\u011flayarak kritik g\u00f6revler s\u0131ras\u0131nda zamandan tasarruf sa\u011flar.<\/p>\n","protected":false},"featured_media":9833,"comment_status":"open","ping_status":"closed","template":"","meta":[],"product_cat":[239],"product_tag":[],"_links":{"self":[{"href":"https:\/\/soleilsky.com.tr\/shop\/wp-json\/wp\/v2\/product\/9832"}],"collection":[{"href":"https:\/\/soleilsky.com.tr\/shop\/wp-json\/wp\/v2\/product"}],"about":[{"href":"https:\/\/soleilsky.com.tr\/shop\/wp-json\/wp\/v2\/types\/product"}],"replies":[{"embeddable":true,"href":"https:\/\/soleilsky.com.tr\/shop\/wp-json\/wp\/v2\/comments?post=9832"}],"wp:featuredmedia":[{"embeddable":true,"href":"https:\/\/soleilsky.com.tr\/shop\/wp-json\/wp\/v2\/media\/9833"}],"wp:attachment":[{"href":"https:\/\/soleilsky.com.tr\/shop\/wp-json\/wp\/v2\/media?parent=9832"}],"wp:term":[{"taxonomy":"product_cat","embeddable":true,"href":"https:\/\/soleilsky.com.tr\/shop\/wp-json\/wp\/v2\/product_cat?post=9832"},{"taxonomy":"product_tag","embeddable":true,"href":"https:\/\/soleilsky.com.tr\/shop\/wp-json\/wp\/v2\/product_tag?post=9832"}],"curies":[{"name":"wp","href":"https:\/\/api.w.org\/{rel}","templated":true}]}}