{"id":9841,"date":"2022-10-07T12:46:51","date_gmt":"2022-10-07T12:46:51","guid":{"rendered":"https:\/\/soleilsky.com.tr\/shop\/?post_type=product&#038;p=9841"},"modified":"2023-10-02T14:47:34","modified_gmt":"2023-10-02T14:47:34","slug":"matrice-300-dual-gimbal-connector","status":"publish","type":"product","link":"https:\/\/soleilsky.com.tr\/shop\/urun\/matrice-300-dual-gimbal-connector\/","title":{"rendered":"Matrice 300 Dual Gimbal Connector"},"content":{"rendered":"<div>DJI Matrice 300 Series Dual Gimbal Connector<\/div>\n<div>Y\u00fcklerinizi Matrice 300 RTK&#8217;n\u0131n alt\u0131na monte etmek i\u00e7in kullan\u0131lan ikili gimbal tertibat\u0131, su ge\u00e7irmez IP44 derecesine sahiptir<\/div>\n<div>(yaln\u0131zca IEC 60529&#8242; da tan\u0131mland\u0131\u011f\u0131 gibi su ge\u00e7irmez y\u00fcklerle).<\/div>\n<div>\n<div>Genel Bak\u0131\u015f<\/div>\n<div>Y\u00fcklerinizi Matrice 300 RTK&#8217;n\u0131n alt\u0131na monte etmek i\u00e7in kullan\u0131lan ikili gimbal tertibat\u0131, su ge\u00e7irmez IP44 derecesine sahiptir (yaln\u0131zca IEC 60529&#8217;da tan\u0131mland\u0131\u011f\u0131 gibi su ge\u00e7irmez y\u00fcklerle).<\/div>\n<div><\/div>\n<div>\u0130pu\u00e7lar\u0131<\/div>\n<div>U\u00e7a\u011f\u0131n g\u00fcvenli\u011fi i\u00e7in, de\u011fi\u015ftirmeden \u00f6nce u\u00e7a\u011f\u0131 kapatman\u0131z ve ak\u0131ll\u0131 u\u00e7u\u015f pilini \u00e7\u0131karman\u0131z \u00f6nerilir.<\/div>\n<div><\/div>\n<div>Kutuda<\/div>\n<div>\u00c7ift gimbal d\u00fczene\u011fi \u00d7 1<\/div>\n<div>Yedek emici bilye \u00d7 8<\/div>\n<div>Onar\u0131m ara\u00e7 seti<\/div>\n<div><\/div>\n<div>Uyumluluk<\/div>\n<div>Matrice 300 RTK<\/div>\n<\/div>\n","protected":false},"excerpt":{"rendered":"<p>DJI Matrice 300 Series Dual Gimbal Connector Y\u00fcklerinizi Matrice 300 RTK&#8217;n\u0131n alt\u0131na monte etmek i\u00e7in kullan\u0131lan ikili gimbal tertibat\u0131, su ge\u00e7irmez IP44 derecesine sahiptir (yaln\u0131zca IEC 60529&#8242; da tan\u0131mland\u0131\u011f\u0131 gibi su ge\u00e7irmez y\u00fcklerle). Genel Bak\u0131\u015f Y\u00fcklerinizi Matrice 300 RTK&#8217;n\u0131n alt\u0131na monte etmek i\u00e7in kullan\u0131lan ikili gimbal tertibat\u0131, su ge\u00e7irmez IP44 derecesine sahiptir (yaln\u0131zca IEC 60529&#8217;da&#8230;<\/p>\n","protected":false},"featured_media":9843,"comment_status":"open","ping_status":"closed","template":"","meta":[],"product_cat":[304],"product_tag":[],"_links":{"self":[{"href":"https:\/\/soleilsky.com.tr\/shop\/wp-json\/wp\/v2\/product\/9841"}],"collection":[{"href":"https:\/\/soleilsky.com.tr\/shop\/wp-json\/wp\/v2\/product"}],"about":[{"href":"https:\/\/soleilsky.com.tr\/shop\/wp-json\/wp\/v2\/types\/product"}],"replies":[{"embeddable":true,"href":"https:\/\/soleilsky.com.tr\/shop\/wp-json\/wp\/v2\/comments?post=9841"}],"wp:featuredmedia":[{"embeddable":true,"href":"https:\/\/soleilsky.com.tr\/shop\/wp-json\/wp\/v2\/media\/9843"}],"wp:attachment":[{"href":"https:\/\/soleilsky.com.tr\/shop\/wp-json\/wp\/v2\/media?parent=9841"}],"wp:term":[{"taxonomy":"product_cat","embeddable":true,"href":"https:\/\/soleilsky.com.tr\/shop\/wp-json\/wp\/v2\/product_cat?post=9841"},{"taxonomy":"product_tag","embeddable":true,"href":"https:\/\/soleilsky.com.tr\/shop\/wp-json\/wp\/v2\/product_tag?post=9841"}],"curies":[{"name":"wp","href":"https:\/\/api.w.org\/{rel}","templated":true}]}}