{"id":9844,"date":"2022-10-07T12:48:25","date_gmt":"2022-10-07T12:48:25","guid":{"rendered":"https:\/\/soleilsky.com.tr\/shop\/?post_type=product&#038;p=9844"},"modified":"2023-10-02T14:47:10","modified_gmt":"2023-10-02T14:47:10","slug":"matrice-300-rtk-pervane","status":"publish","type":"product","link":"https:\/\/soleilsky.com.tr\/shop\/urun\/matrice-300-rtk-pervane\/","title":{"rendered":"Matrice 300 Pervane"},"content":{"rendered":"<h2 title=\"DJI MATRICE 300 PART14 2110 PROPELLER\"><strong>DJI MATRICE 300 PART14 2110 PROPELLER<\/strong><\/h2>\n<div>\n<div class=\"col-md-12\">\n<div class=\"col-md-12\" title=\"Matrice 300 Series 2110 Propeller\">\n<h3><b>Matrice 300 Serisi 2110 Pervane<\/b><\/h3>\n<hr \/>\n<p>Genel Bak\u0131\u015f<br \/>\nMatrice 300 RTK drone&#8217;lar i\u00e7in orijinal pervane standartlar\u0131<br \/>\nD\u0131\u015f mekan senaryolar\u0131nda sadece acil durumlarda pervanenin de\u011fi\u015ftirilmesi \u00f6nerilir. Pervaneler incedir. \u00c7izilmeleri \u00f6nlemek i\u00e7in dikkatli \u00e7al\u0131\u015ft\u0131r\u0131n.<\/p>\n<p>Teknik \u00d6zellikler<br \/>\nPervane \u00c7ap\u0131: 21 in\u00e7<br \/>\nAd\u0131m: 10 in\u00e7<\/p>\n<hr \/>\n<p>Uyumluluk<br \/>\nMatrice 300 RTK<\/p>\n<p>Kutuda<br \/>\nCCW pervane \u00d7 1<br \/>\nCW pervane \u00d7 1<br \/>\nVida \u00d7 6<\/p>\n<\/div>\n<\/div>\n<\/div>\n","protected":false},"excerpt":{"rendered":"<p>DJI MATRICE 300 PART14 2110 PROPELLER Matrice 300 Serisi 2110 Pervane Genel Bak\u0131\u015f Matrice 300 RTK drone&#8217;lar i\u00e7in orijinal pervane standartlar\u0131 D\u0131\u015f mekan senaryolar\u0131nda sadece acil durumlarda pervanenin de\u011fi\u015ftirilmesi \u00f6nerilir. Pervaneler incedir. \u00c7izilmeleri \u00f6nlemek i\u00e7in dikkatli \u00e7al\u0131\u015ft\u0131r\u0131n. Teknik \u00d6zellikler Pervane \u00c7ap\u0131: 21 in\u00e7 Ad\u0131m: 10 in\u00e7 Uyumluluk Matrice 300 RTK Kutuda CCW pervane \u00d7 1&#8230;<\/p>\n","protected":false},"featured_media":9845,"comment_status":"open","ping_status":"closed","template":"","meta":[],"product_cat":[256],"product_tag":[],"_links":{"self":[{"href":"https:\/\/soleilsky.com.tr\/shop\/wp-json\/wp\/v2\/product\/9844"}],"collection":[{"href":"https:\/\/soleilsky.com.tr\/shop\/wp-json\/wp\/v2\/product"}],"about":[{"href":"https:\/\/soleilsky.com.tr\/shop\/wp-json\/wp\/v2\/types\/product"}],"replies":[{"embeddable":true,"href":"https:\/\/soleilsky.com.tr\/shop\/wp-json\/wp\/v2\/comments?post=9844"}],"wp:featuredmedia":[{"embeddable":true,"href":"https:\/\/soleilsky.com.tr\/shop\/wp-json\/wp\/v2\/media\/9845"}],"wp:attachment":[{"href":"https:\/\/soleilsky.com.tr\/shop\/wp-json\/wp\/v2\/media?parent=9844"}],"wp:term":[{"taxonomy":"product_cat","embeddable":true,"href":"https:\/\/soleilsky.com.tr\/shop\/wp-json\/wp\/v2\/product_cat?post=9844"},{"taxonomy":"product_tag","embeddable":true,"href":"https:\/\/soleilsky.com.tr\/shop\/wp-json\/wp\/v2\/product_tag?post=9844"}],"curies":[{"name":"wp","href":"https:\/\/api.w.org\/{rel}","templated":true}]}}