{"id":9846,"date":"2022-10-07T12:51:39","date_gmt":"2022-10-07T12:51:39","guid":{"rendered":"https:\/\/soleilsky.com.tr\/shop\/?post_type=product&#038;p=9846"},"modified":"2023-10-02T14:46:45","modified_gmt":"2023-10-02T14:46:45","slug":"dji-matrice-300-4g-dongle-zte-mf833v","status":"publish","type":"product","link":"https:\/\/soleilsky.com.tr\/shop\/urun\/dji-matrice-300-4g-dongle-zte-mf833v\/","title":{"rendered":"DJI MATRICE 300 4G DONGLE ZTE MF833V"},"content":{"rendered":"<p>DJI Matrice 300 RTK i\u00e7in 4G Dongle<\/p>\n<p>ZTE MF833v, 150 Mbps&#8217;ye kadar indirme h\u0131z\u0131na ve 50 Mbps&#8217;ye y\u00fckleme h\u0131z\u0131na ula\u015fabilen bir 4G LTE Kategori 4 USB Stick&#8217;tir.<\/p>\n","protected":false},"excerpt":{"rendered":"<p>DJI Matrice 300 RTK i\u00e7in 4G Dongle ZTE MF833v, 150 Mbps&#8217;ye kadar indirme h\u0131z\u0131na ve 50 Mbps&#8217;ye y\u00fckleme h\u0131z\u0131na ula\u015fabilen bir 4G LTE Kategori 4 USB Stick&#8217;tir.<\/p>\n","protected":false},"featured_media":9847,"comment_status":"open","ping_status":"closed","template":"","meta":[],"product_cat":[304],"product_tag":[],"_links":{"self":[{"href":"https:\/\/soleilsky.com.tr\/shop\/wp-json\/wp\/v2\/product\/9846"}],"collection":[{"href":"https:\/\/soleilsky.com.tr\/shop\/wp-json\/wp\/v2\/product"}],"about":[{"href":"https:\/\/soleilsky.com.tr\/shop\/wp-json\/wp\/v2\/types\/product"}],"replies":[{"embeddable":true,"href":"https:\/\/soleilsky.com.tr\/shop\/wp-json\/wp\/v2\/comments?post=9846"}],"wp:featuredmedia":[{"embeddable":true,"href":"https:\/\/soleilsky.com.tr\/shop\/wp-json\/wp\/v2\/media\/9847"}],"wp:attachment":[{"href":"https:\/\/soleilsky.com.tr\/shop\/wp-json\/wp\/v2\/media?parent=9846"}],"wp:term":[{"taxonomy":"product_cat","embeddable":true,"href":"https:\/\/soleilsky.com.tr\/shop\/wp-json\/wp\/v2\/product_cat?post=9846"},{"taxonomy":"product_tag","embeddable":true,"href":"https:\/\/soleilsky.com.tr\/shop\/wp-json\/wp\/v2\/product_tag?post=9846"}],"curies":[{"name":"wp","href":"https:\/\/api.w.org\/{rel}","templated":true}]}}