{"id":9878,"date":"2022-10-08T09:26:45","date_gmt":"2022-10-08T09:26:45","guid":{"rendered":"https:\/\/soleilsky.com.tr\/shop\/?post_type=product&#038;p=9878"},"modified":"2023-10-02T14:46:23","modified_gmt":"2023-10-02T14:46:23","slug":"dji-matrice-300-csm-radar","status":"publish","type":"product","link":"https:\/\/soleilsky.com.tr\/shop\/urun\/dji-matrice-300-csm-radar\/","title":{"rendered":"DJI Matrice 300 CSM Radar"},"content":{"rendered":"<h3 class=\"style__title___ZAN4C\">CSM Radar\u0131<\/h3>\n<div class=\"style__desc___oX2H8\">Ek bir g\u00fcvenlik \u00f6nlemi olarak, u\u00e7a\u011f\u0131n \u00fczerine 1 ila 30 m aras\u0131nda alg\u0131lama aral\u0131\u011f\u0131na sahip bir Dairesel Taramal\u0131 Milimetre Dalga (CSM) Radar\u0131 monte edilebilir.<\/div>\n","protected":false},"excerpt":{"rendered":"<p>CSM Radar\u0131 Ek bir g\u00fcvenlik \u00f6nlemi olarak, u\u00e7a\u011f\u0131n \u00fczerine 1 ila 30 m aras\u0131nda alg\u0131lama aral\u0131\u011f\u0131na sahip bir Dairesel Taramal\u0131 Milimetre Dalga (CSM) Radar\u0131 monte edilebilir.<\/p>\n","protected":false},"featured_media":9880,"comment_status":"open","ping_status":"closed","template":"","meta":[],"product_cat":[304],"product_tag":[],"_links":{"self":[{"href":"https:\/\/soleilsky.com.tr\/shop\/wp-json\/wp\/v2\/product\/9878"}],"collection":[{"href":"https:\/\/soleilsky.com.tr\/shop\/wp-json\/wp\/v2\/product"}],"about":[{"href":"https:\/\/soleilsky.com.tr\/shop\/wp-json\/wp\/v2\/types\/product"}],"replies":[{"embeddable":true,"href":"https:\/\/soleilsky.com.tr\/shop\/wp-json\/wp\/v2\/comments?post=9878"}],"wp:featuredmedia":[{"embeddable":true,"href":"https:\/\/soleilsky.com.tr\/shop\/wp-json\/wp\/v2\/media\/9880"}],"wp:attachment":[{"href":"https:\/\/soleilsky.com.tr\/shop\/wp-json\/wp\/v2\/media?parent=9878"}],"wp:term":[{"taxonomy":"product_cat","embeddable":true,"href":"https:\/\/soleilsky.com.tr\/shop\/wp-json\/wp\/v2\/product_cat?post=9878"},{"taxonomy":"product_tag","embeddable":true,"href":"https:\/\/soleilsky.com.tr\/shop\/wp-json\/wp\/v2\/product_tag?post=9878"}],"curies":[{"name":"wp","href":"https:\/\/api.w.org\/{rel}","templated":true}]}}