{"id":9910,"date":"2022-10-08T10:46:22","date_gmt":"2022-10-08T10:46:22","guid":{"rendered":"https:\/\/soleilsky.com.tr\/shop\/?post_type=product&#038;p=9910"},"modified":"2023-10-02T14:45:01","modified_gmt":"2023-10-02T14:45:01","slug":"dji-matrice-30-yuksek-irtifa-pervane","status":"publish","type":"product","link":"https:\/\/soleilsky.com.tr\/shop\/urun\/dji-matrice-30-yuksek-irtifa-pervane\/","title":{"rendered":"DJI Matrice 30 Y\u00fcksek \u0130rtifa Pervane"},"content":{"rendered":"<p>1671 (B\u00f6l\u00fcm 10) Pervaneler, DJI Matrice 30 serisi Drone&#8217;lar i\u00e7in tasarlanm\u0131\u015ft\u0131r.\u00a0Bu Pervaneler, dayanacak \u015fekilde yap\u0131lm\u0131\u015f sa\u011flam bir malzemeden yap\u0131lm\u0131\u015ft\u0131r.\u00a01671 pervanelerinin kurulumu kolayd\u0131r, bu da kullan\u0131c\u0131lar\u0131n h\u0131zla havaya girmesini sa\u011flar.<\/p>\n","protected":false},"excerpt":{"rendered":"<p>1671 (B\u00f6l\u00fcm 10) Pervaneler, DJI Matrice 30 serisi Drone&#8217;lar i\u00e7in tasarlanm\u0131\u015ft\u0131r.\u00a0Bu Pervaneler, dayanacak \u015fekilde yap\u0131lm\u0131\u015f sa\u011flam bir malzemeden yap\u0131lm\u0131\u015ft\u0131r.\u00a01671 pervanelerinin kurulumu kolayd\u0131r, bu da kullan\u0131c\u0131lar\u0131n h\u0131zla havaya girmesini sa\u011flar.<\/p>\n","protected":false},"featured_media":9914,"comment_status":"open","ping_status":"closed","template":"","meta":[],"product_cat":[256],"product_tag":[],"_links":{"self":[{"href":"https:\/\/soleilsky.com.tr\/shop\/wp-json\/wp\/v2\/product\/9910"}],"collection":[{"href":"https:\/\/soleilsky.com.tr\/shop\/wp-json\/wp\/v2\/product"}],"about":[{"href":"https:\/\/soleilsky.com.tr\/shop\/wp-json\/wp\/v2\/types\/product"}],"replies":[{"embeddable":true,"href":"https:\/\/soleilsky.com.tr\/shop\/wp-json\/wp\/v2\/comments?post=9910"}],"wp:featuredmedia":[{"embeddable":true,"href":"https:\/\/soleilsky.com.tr\/shop\/wp-json\/wp\/v2\/media\/9914"}],"wp:attachment":[{"href":"https:\/\/soleilsky.com.tr\/shop\/wp-json\/wp\/v2\/media?parent=9910"}],"wp:term":[{"taxonomy":"product_cat","embeddable":true,"href":"https:\/\/soleilsky.com.tr\/shop\/wp-json\/wp\/v2\/product_cat?post=9910"},{"taxonomy":"product_tag","embeddable":true,"href":"https:\/\/soleilsky.com.tr\/shop\/wp-json\/wp\/v2\/product_tag?post=9910"}],"curies":[{"name":"wp","href":"https:\/\/api.w.org\/{rel}","templated":true}]}}