{"id":9915,"date":"2022-10-08T10:52:27","date_gmt":"2022-10-08T10:52:27","guid":{"rendered":"https:\/\/soleilsky.com.tr\/shop\/?post_type=product&#038;p=9915"},"modified":"2023-10-02T14:44:37","modified_gmt":"2023-10-02T14:44:37","slug":"dji-matrice-30-sarj-istasyonu","status":"publish","type":"product","link":"https:\/\/soleilsky.com.tr\/shop\/urun\/dji-matrice-30-sarj-istasyonu\/","title":{"rendered":"DJI Matrice 30 \u015earj \u0130stasyonu"},"content":{"rendered":"<p>DJI BS30 AK\u00dc \u0130STASYONU<br \/>\nDJI Matrice 30 Drone i\u00e7in Pil \u015earj \u0130stasyonu.<\/p>\n<p>Yeni h\u0131zl\u0131 \u015farj BS30 \u015farj kutusu, 4 \u00e7ift TB30 pil i\u00e7in 30 dakikada %20&#8217;den %90&#8217;a h\u0131zl\u0131 pil \u015farj\u0131 sa\u011flar.<\/p>\n<p>DJI M30&#8217;un kendi kendini \u0131s\u0131tan TB30 pil tasar\u0131m\u0131, h\u0131zl\u0131 \u015farja izin verir ve en az 400 \u015farj d\u00f6ng\u00fcs\u00fcn\u00fc destekleyebilir ve yeni Matrice 30 Drone i\u00e7in 41 dakikal\u0131k u\u00e7u\u015f s\u00fcresine izin verir.<\/p>\n","protected":false},"excerpt":{"rendered":"<p>DJI BS30 AK\u00dc \u0130STASYONU DJI Matrice 30 Drone i\u00e7in Pil \u015earj \u0130stasyonu. Yeni h\u0131zl\u0131 \u015farj BS30 \u015farj kutusu, 4 \u00e7ift TB30 pil i\u00e7in 30 dakikada %20&#8217;den %90&#8217;a h\u0131zl\u0131 pil \u015farj\u0131 sa\u011flar. DJI M30&#8217;un kendi kendini \u0131s\u0131tan TB30 pil tasar\u0131m\u0131, h\u0131zl\u0131 \u015farja izin verir ve en az 400 \u015farj d\u00f6ng\u00fcs\u00fcn\u00fc destekleyebilir ve yeni Matrice 30 Drone&#8230;<\/p>\n","protected":false},"featured_media":9916,"comment_status":"open","ping_status":"closed","template":"","meta":[],"product_cat":[239],"product_tag":[],"_links":{"self":[{"href":"https:\/\/soleilsky.com.tr\/shop\/wp-json\/wp\/v2\/product\/9915"}],"collection":[{"href":"https:\/\/soleilsky.com.tr\/shop\/wp-json\/wp\/v2\/product"}],"about":[{"href":"https:\/\/soleilsky.com.tr\/shop\/wp-json\/wp\/v2\/types\/product"}],"replies":[{"embeddable":true,"href":"https:\/\/soleilsky.com.tr\/shop\/wp-json\/wp\/v2\/comments?post=9915"}],"wp:featuredmedia":[{"embeddable":true,"href":"https:\/\/soleilsky.com.tr\/shop\/wp-json\/wp\/v2\/media\/9916"}],"wp:attachment":[{"href":"https:\/\/soleilsky.com.tr\/shop\/wp-json\/wp\/v2\/media?parent=9915"}],"wp:term":[{"taxonomy":"product_cat","embeddable":true,"href":"https:\/\/soleilsky.com.tr\/shop\/wp-json\/wp\/v2\/product_cat?post=9915"},{"taxonomy":"product_tag","embeddable":true,"href":"https:\/\/soleilsky.com.tr\/shop\/wp-json\/wp\/v2\/product_tag?post=9915"}],"curies":[{"name":"wp","href":"https:\/\/api.w.org\/{rel}","templated":true}]}}