{"id":9919,"date":"2022-10-08T10:55:53","date_gmt":"2022-10-08T10:55:53","guid":{"rendered":"https:\/\/soleilsky.com.tr\/shop\/?post_type=product&#038;p=9919"},"modified":"2023-10-02T14:43:56","modified_gmt":"2023-10-02T14:43:56","slug":"dji-matrice-30-akilli-batarya","status":"publish","type":"product","link":"https:\/\/soleilsky.com.tr\/shop\/urun\/dji-matrice-30-akilli-batarya\/","title":{"rendered":"DJI Matrice 30 Ak\u0131ll\u0131 Batarya"},"content":{"rendered":"<p><strong>Genel Bak\u0131\u015f<\/strong><br \/>\nTB30 Ak\u0131ll\u0131 Pil kendi kendine \u0131s\u0131nabilir ve 400 d\u00f6ng\u00fcye kadar \u015farj edilebilir.\u00a0S\u0131cak Mod\u00fcl De\u011fi\u015fimini destekler, kritik g\u00f6revler s\u0131ras\u0131nda zamandan tasarruf sa\u011flar ve sorunsuz u\u00e7u\u015f operasyonlar\u0131 sa\u011flar.<\/p>\n<p><strong>400 d\u00f6ng\u00fcye<\/strong><br \/>\nkadar \u015farj eder ve S\u0131cak Mod\u00fcl De\u011fi\u015fimini destekler.<\/p>\n<p><strong>\u0130pu\u00e7lar\u0131<\/strong><br \/>\nPilleri y\u00fcksek g\u00fc\u00e7 seviyesinde saklamak pil \u00f6mr\u00fcn\u00fc etkileyebilir.\u00a0BS30 Ak\u0131ll\u0131 Ak\u00fc \u0130stasyonundaki kullan\u0131m k\u0131lavuzunu izleyin.<\/p>\n<p><strong>Kutuda<\/strong><br \/>\nTB30 Ak\u0131ll\u0131 U\u00e7u\u015f Bataryas\u0131 \u00d7 1<\/p>\n<p><strong>\u00d6zellikler<\/strong><\/p>\n<ul>\n<li>Kapasite: 5.880 mAh<\/li>\n<li>Yakla\u015f\u0131k a\u011f\u0131rl\u0131k.\u00a0685 gr<\/li>\n<li>Voltaj: 26,1 V<\/li>\n<li>\u00c7al\u0131\u015fma S\u0131cakl\u0131\u011f\u0131: -20 ila 50 \u00b0C (-4\u00b0 ila 122\u00b0F)<\/li>\n<\/ul>\n<p><strong>Uyumluluk<\/strong><br \/>\nMatrisi 30 Serisi<\/p>\n","protected":false},"excerpt":{"rendered":"<p>Genel Bak\u0131\u015f TB30 Ak\u0131ll\u0131 Pil kendi kendine \u0131s\u0131nabilir ve 400 d\u00f6ng\u00fcye kadar \u015farj edilebilir.\u00a0S\u0131cak Mod\u00fcl De\u011fi\u015fimini destekler, kritik g\u00f6revler s\u0131ras\u0131nda zamandan tasarruf sa\u011flar ve sorunsuz u\u00e7u\u015f operasyonlar\u0131 sa\u011flar. 400 d\u00f6ng\u00fcye kadar \u015farj eder ve S\u0131cak Mod\u00fcl De\u011fi\u015fimini destekler. \u0130pu\u00e7lar\u0131 Pilleri y\u00fcksek g\u00fc\u00e7 seviyesinde saklamak pil \u00f6mr\u00fcn\u00fc etkileyebilir.\u00a0BS30 Ak\u0131ll\u0131 Ak\u00fc \u0130stasyonundaki kullan\u0131m k\u0131lavuzunu izleyin. Kutuda TB30&#8230;<\/p>\n","protected":false},"featured_media":9920,"comment_status":"open","ping_status":"closed","template":"","meta":[],"product_cat":[239],"product_tag":[],"_links":{"self":[{"href":"https:\/\/soleilsky.com.tr\/shop\/wp-json\/wp\/v2\/product\/9919"}],"collection":[{"href":"https:\/\/soleilsky.com.tr\/shop\/wp-json\/wp\/v2\/product"}],"about":[{"href":"https:\/\/soleilsky.com.tr\/shop\/wp-json\/wp\/v2\/types\/product"}],"replies":[{"embeddable":true,"href":"https:\/\/soleilsky.com.tr\/shop\/wp-json\/wp\/v2\/comments?post=9919"}],"wp:featuredmedia":[{"embeddable":true,"href":"https:\/\/soleilsky.com.tr\/shop\/wp-json\/wp\/v2\/media\/9920"}],"wp:attachment":[{"href":"https:\/\/soleilsky.com.tr\/shop\/wp-json\/wp\/v2\/media?parent=9919"}],"wp:term":[{"taxonomy":"product_cat","embeddable":true,"href":"https:\/\/soleilsky.com.tr\/shop\/wp-json\/wp\/v2\/product_cat?post=9919"},{"taxonomy":"product_tag","embeddable":true,"href":"https:\/\/soleilsky.com.tr\/shop\/wp-json\/wp\/v2\/product_tag?post=9919"}],"curies":[{"name":"wp","href":"https:\/\/api.w.org\/{rel}","templated":true}]}}