{"id":9921,"date":"2022-10-08T10:58:45","date_gmt":"2022-10-08T10:58:45","guid":{"rendered":"https:\/\/soleilsky.com.tr\/shop\/?post_type=product&#038;p=9921"},"modified":"2023-10-02T14:43:32","modified_gmt":"2023-10-02T14:43:32","slug":"dji-rc-plus-kumanda","status":"publish","type":"product","link":"https:\/\/soleilsky.com.tr\/shop\/urun\/dji-rc-plus-kumanda\/","title":{"rendered":"DJI RC Plus Kumanda"},"content":{"rendered":"<p id=\"SWUBL54\">DJI RC Plus, DJI&#8217;nin yeni amiral gemisi Enterprise uzaktan kumandas\u0131d\u0131r.<\/p>\n<p>Profesyonel pilotlar\u0131n uzaktan kumandalar\u0131ndan y\u00fcksek beklentileri vard\u0131r ve yeni DJI RC Plus uzaktan kumandas\u0131 bu beklentileri a\u015fmaktad\u0131r.\u00a0Ola\u011fan\u00fcst\u00fc parlakl\u0131\u011fa sahip 7 in\u00e7 geni\u015fli\u011findeki y\u00fcksek \u00e7\u00f6z\u00fcn\u00fcrl\u00fckl\u00fc ekran, pilotlar\u0131n DJI RC Plus \u00fczerinde daha fazla g\u00f6rsel bilgi g\u00f6r\u00fcnt\u00fclemesine olanak tan\u0131yarak daha verimli u\u00e7malar\u0131n\u0131 sa\u011flar.\u00a0DJI RC Plus,\u00a0<a tabindex=\"-1\" href=\"https:\/\/www.dslrpros.com\/dji-matrice-30-drone.html\">M30 drone<\/a>\u00a0gibi , IP54 dereceli oldu\u011fundan, \u015fiddetli ya\u011fmurda hasar g\u00f6rmeden kullan\u0131labilir.<\/p>\n<p>DJI RC Plus, kontrol \u00e7ubuklar\u0131n\u0131n alt\u0131nda ve ekran\u0131n biti\u015fi\u011finde bulunan alt\u0131 fiziksel d\u00fc\u011fme ile donat\u0131lm\u0131\u015ft\u0131r.\u00a0Geni\u015f a\u00e7\u0131, yak\u0131nla\u015ft\u0131rma, k\u0131z\u0131l\u00f6tesi ve FPV g\u00f6r\u00fcn\u00fcmleri aras\u0131nda ge\u00e7i\u015f yapmak gibi kritik g\u00f6revleri ellerinizi kontrol \u00e7ubuklar\u0131ndan \u00e7ekmenize gerek kalmadan ger\u00e7ekle\u015ftirmenize izin vererek u\u00e7may\u0131 \u00e7ok daha kolay hale getirirler.<\/p>\n<p>RC&#8217;nin 6 saatlik bir ekran s\u00fcresi s\u0131n\u0131r\u0131 vard\u0131r.\u00a0G\u00f6rev kesintisini \u00f6nleyen de\u011fi\u015ftirilebilir bir harici pilin yan\u0131 s\u0131ra dahili bir pil ile donat\u0131lm\u0131\u015ft\u0131r.\u00a0MicroSD kart, USB, HDMI, USB tip C ve 4G ba\u011flant\u0131s\u0131 (mevcut oldu\u011funda)[3], veri iletiminde yedekli\u011fe ihtiya\u00e7 duyan istemciler i\u00e7in DJI RC Plus&#8217;ta mevcuttur.<\/p>\n<p>&nbsp;<\/p>\n<ul>\n<li>Parlak 7 in\u00e7 HD ekran<\/li>\n<li>IP54 sertifikal\u0131<\/li>\n<li>G\u00f6rev a\u00e7\u0131s\u0131ndan kritik i\u015flevler i\u00e7in alt\u0131 fiziksel d\u00fc\u011fme<\/li>\n<li>6 saat ekran s\u00fcresi<\/li>\n<li>Dahili pil art\u0131 de\u011fi\u015ftirilebilir harici pil<\/li>\n<li>microSD kart, USB, HDMI, USB-C i\u00e7in ba\u011flant\u0131 noktalar\u0131<\/li>\n<li>4G ba\u011flant\u0131s\u0131<\/li>\n<\/ul>\n","protected":false},"excerpt":{"rendered":"<p>DJI RC Plus, DJI&#8217;nin yeni amiral gemisi Enterprise uzaktan kumandas\u0131d\u0131r. Profesyonel pilotlar\u0131n uzaktan kumandalar\u0131ndan y\u00fcksek beklentileri vard\u0131r ve yeni DJI RC Plus uzaktan kumandas\u0131 bu beklentileri a\u015fmaktad\u0131r.\u00a0Ola\u011fan\u00fcst\u00fc parlakl\u0131\u011fa sahip 7 in\u00e7 geni\u015fli\u011findeki y\u00fcksek \u00e7\u00f6z\u00fcn\u00fcrl\u00fckl\u00fc ekran, pilotlar\u0131n DJI RC Plus \u00fczerinde daha fazla g\u00f6rsel bilgi g\u00f6r\u00fcnt\u00fclemesine olanak tan\u0131yarak daha verimli u\u00e7malar\u0131n\u0131 sa\u011flar.\u00a0DJI RC Plus,\u00a0M30 drone\u00a0gibi ,&#8230;<\/p>\n","protected":false},"featured_media":9923,"comment_status":"open","ping_status":"closed","template":"","meta":[],"product_cat":[304],"product_tag":[],"_links":{"self":[{"href":"https:\/\/soleilsky.com.tr\/shop\/wp-json\/wp\/v2\/product\/9921"}],"collection":[{"href":"https:\/\/soleilsky.com.tr\/shop\/wp-json\/wp\/v2\/product"}],"about":[{"href":"https:\/\/soleilsky.com.tr\/shop\/wp-json\/wp\/v2\/types\/product"}],"replies":[{"embeddable":true,"href":"https:\/\/soleilsky.com.tr\/shop\/wp-json\/wp\/v2\/comments?post=9921"}],"wp:featuredmedia":[{"embeddable":true,"href":"https:\/\/soleilsky.com.tr\/shop\/wp-json\/wp\/v2\/media\/9923"}],"wp:attachment":[{"href":"https:\/\/soleilsky.com.tr\/shop\/wp-json\/wp\/v2\/media?parent=9921"}],"wp:term":[{"taxonomy":"product_cat","embeddable":true,"href":"https:\/\/soleilsky.com.tr\/shop\/wp-json\/wp\/v2\/product_cat?post=9921"},{"taxonomy":"product_tag","embeddable":true,"href":"https:\/\/soleilsky.com.tr\/shop\/wp-json\/wp\/v2\/product_tag?post=9921"}],"curies":[{"name":"wp","href":"https:\/\/api.w.org\/{rel}","templated":true}]}}