{"id":9926,"date":"2022-10-09T09:10:01","date_gmt":"2022-10-09T09:10:01","guid":{"rendered":"https:\/\/soleilsky.com.tr\/shop\/?post_type=product&#038;p=9926"},"modified":"2023-10-02T14:41:42","modified_gmt":"2023-10-02T14:41:42","slug":"dji-mavic-2-enterprise-rtk-modul","status":"publish","type":"product","link":"https:\/\/soleilsky.com.tr\/shop\/urun\/dji-mavic-2-enterprise-rtk-modul\/","title":{"rendered":"DJI Mavic 2 Enterprise RTK Mod\u00fcl"},"content":{"rendered":"<p>DJI Mavic 2 Enterprise Advanced RTK Module<\/p>\n<hr \/>\n<div>M2EA RTK mod\u00fcl\u00fc, NTRIP&#8217; yi destekler ve santimetre d\u00fczeyinde konumland\u0131rma do\u011frulu\u011fu sa\u011flayabilir. \u00d6ne \u00c7\u0131kanlar<\/div>\n<div>RTK Konumland\u0131rma Do\u011frulu\u011fu: RTK durumu FIX oldu\u011funda, 1cm + 1ppm (yatay olarak), 1.5cm + 1 ppm (dikey olarak)<\/div>\n<div>\n<ul>\n<li>Boyutlar: 69 \u00d7 69 \u00d7 59 mm<\/li>\n<li>Ba\u011flant\u0131 noktas\u0131: USB Micro-B<\/li>\n<li>G\u00fc\u00e7: Yakla\u015f\u0131k. 3 w<\/li>\n<li>RTK Konumland\u0131rma Do\u011frulu\u011fu: RTK durumu FIX oldu\u011funda, 1cm + 1ppm (yatay olarak), 1.5cm + 1 ppm (dikey olarak)<\/li>\n<li>Uyumluluk:\u00a0Mavic 2 Enterprise Advanced<\/li>\n<\/ul>\n<\/div>\n","protected":false},"excerpt":{"rendered":"<p>DJI Mavic 2 Enterprise Advanced RTK Module M2EA RTK mod\u00fcl\u00fc, NTRIP&#8217; yi destekler ve santimetre d\u00fczeyinde konumland\u0131rma do\u011frulu\u011fu sa\u011flayabilir. \u00d6ne \u00c7\u0131kanlar RTK Konumland\u0131rma Do\u011frulu\u011fu: RTK durumu FIX oldu\u011funda, 1cm + 1ppm (yatay olarak), 1.5cm + 1 ppm (dikey olarak) Boyutlar: 69 \u00d7 69 \u00d7 59 mm Ba\u011flant\u0131 noktas\u0131: USB Micro-B G\u00fc\u00e7: Yakla\u015f\u0131k. 3 w RTK&#8230;<\/p>\n","protected":false},"featured_media":9927,"comment_status":"open","ping_status":"closed","template":"","meta":[],"product_cat":[304],"product_tag":[],"_links":{"self":[{"href":"https:\/\/soleilsky.com.tr\/shop\/wp-json\/wp\/v2\/product\/9926"}],"collection":[{"href":"https:\/\/soleilsky.com.tr\/shop\/wp-json\/wp\/v2\/product"}],"about":[{"href":"https:\/\/soleilsky.com.tr\/shop\/wp-json\/wp\/v2\/types\/product"}],"replies":[{"embeddable":true,"href":"https:\/\/soleilsky.com.tr\/shop\/wp-json\/wp\/v2\/comments?post=9926"}],"wp:featuredmedia":[{"embeddable":true,"href":"https:\/\/soleilsky.com.tr\/shop\/wp-json\/wp\/v2\/media\/9927"}],"wp:attachment":[{"href":"https:\/\/soleilsky.com.tr\/shop\/wp-json\/wp\/v2\/media?parent=9926"}],"wp:term":[{"taxonomy":"product_cat","embeddable":true,"href":"https:\/\/soleilsky.com.tr\/shop\/wp-json\/wp\/v2\/product_cat?post=9926"},{"taxonomy":"product_tag","embeddable":true,"href":"https:\/\/soleilsky.com.tr\/shop\/wp-json\/wp\/v2\/product_tag?post=9926"}],"curies":[{"name":"wp","href":"https:\/\/api.w.org\/{rel}","templated":true}]}}