{"id":9932,"date":"2022-10-09T09:15:48","date_gmt":"2022-10-09T09:15:48","guid":{"rendered":"https:\/\/soleilsky.com.tr\/shop\/?post_type=product&#038;p=9932"},"modified":"2023-10-02T14:41:10","modified_gmt":"2023-10-02T14:41:10","slug":"dji-d-rtk-2-h-p-gnss-mobile-station","status":"publish","type":"product","link":"https:\/\/soleilsky.com.tr\/shop\/urun\/dji-d-rtk-2-h-p-gnss-mobile-station\/","title":{"rendered":"DJI D-RTK 2 H.P GNSS Mobile Station"},"content":{"rendered":"<div>\u00a0DJI D-RTK 2 H.P GNSS Mobile Station<\/div>\n<div>D-RTK 2 HIGH PRECISION GNSS MOBILE STATION<\/div>\n<div><\/div>\n<div>D-RTK 2 Mobil Station, Phantom 4 RTK, P4 Multispectral, MG-1P RTK, Agras T16, Agras T20, Matrice 210 RTK V2 ve Matrice 300 RTK * ile uyumludur . Ayr\u0131ca, baz istasyonunun kapsama alan\u0131 dahilinde y\u00fcksek hassasiyetli konumland\u0131rma verileri sa\u011flayan DPS&#8217; yi (DJI Konumland\u0131rma Hizmeti) destekler ve bu da onu \u00f6l\u00e7me, hava incelemeleri, tar\u0131m ve di\u011fer end\u00fcstriyel uygulamalar i\u00e7in ideal bir ara\u00e7 haline getirir.<\/div>\n","protected":false},"excerpt":{"rendered":"<p>\u00a0DJI D-RTK 2 H.P GNSS Mobile Station D-RTK 2 HIGH PRECISION GNSS MOBILE STATION D-RTK 2 Mobil Station, Phantom 4 RTK, P4 Multispectral, MG-1P RTK, Agras T16, Agras T20, Matrice 210 RTK V2 ve Matrice 300 RTK * ile uyumludur . Ayr\u0131ca, baz istasyonunun kapsama alan\u0131 dahilinde y\u00fcksek hassasiyetli konumland\u0131rma verileri sa\u011flayan DPS&#8217; yi (DJI&#8230;<\/p>\n","protected":false},"featured_media":9933,"comment_status":"open","ping_status":"closed","template":"","meta":[],"product_cat":[304],"product_tag":[],"_links":{"self":[{"href":"https:\/\/soleilsky.com.tr\/shop\/wp-json\/wp\/v2\/product\/9932"}],"collection":[{"href":"https:\/\/soleilsky.com.tr\/shop\/wp-json\/wp\/v2\/product"}],"about":[{"href":"https:\/\/soleilsky.com.tr\/shop\/wp-json\/wp\/v2\/types\/product"}],"replies":[{"embeddable":true,"href":"https:\/\/soleilsky.com.tr\/shop\/wp-json\/wp\/v2\/comments?post=9932"}],"wp:featuredmedia":[{"embeddable":true,"href":"https:\/\/soleilsky.com.tr\/shop\/wp-json\/wp\/v2\/media\/9933"}],"wp:attachment":[{"href":"https:\/\/soleilsky.com.tr\/shop\/wp-json\/wp\/v2\/media?parent=9932"}],"wp:term":[{"taxonomy":"product_cat","embeddable":true,"href":"https:\/\/soleilsky.com.tr\/shop\/wp-json\/wp\/v2\/product_cat?post=9932"},{"taxonomy":"product_tag","embeddable":true,"href":"https:\/\/soleilsky.com.tr\/shop\/wp-json\/wp\/v2\/product_tag?post=9932"}],"curies":[{"name":"wp","href":"https:\/\/api.w.org\/{rel}","templated":true}]}}