{"id":9938,"date":"2022-10-09T09:27:26","date_gmt":"2022-10-09T09:27:26","guid":{"rendered":"https:\/\/soleilsky.com.tr\/shop\/?post_type=product&#038;p=9938"},"modified":"2022-10-24T13:34:24","modified_gmt":"2022-10-24T13:34:24","slug":"dji-zenmuse-h20t-termal-kamera","status":"publish","type":"product","link":"https:\/\/soleilsky.com.tr\/shop\/urun\/dji-zenmuse-h20t-termal-kamera\/","title":{"rendered":"DJI ZENMUSE H20T (Termal Kamera)"},"content":{"rendered":"<div>G\u00dcC\u00dc SERBEST BIRAKIN<\/div>\n<div><\/div>\n<p>H\u0130BR\u0130T \u0130\u00c7\u0130N &#8221;H&#8221;<br \/>\nG\u00f6rev verimlili\u011fine yepyeni bir anlam getiren \u00e7ok sens\u00f6rl\u00fc y\u00fckler, e\u015fsiz zeka ve entegre tasar\u0131m, Ticari drone uygulamalar\u0131 i\u00e7in benzeri g\u00f6r\u00fclmemi\u015f havadan g\u00f6r\u00fcnt\u00fcleme yetenekleri&#8230;<br \/>\nDJI&#8217; \u0131n ilk hibrit sens\u00f6r \u00e7\u00f6z\u00fcm\u00fc.<\/p>\n<p>\u00c7oklu Sens\u00f6r Y\u00fckleri<br \/>\nG\u00f6reviniz nerede ve ne zaman ger\u00e7ekle\u015firse ger\u00e7ekle\u015fsin hi\u00e7bir ayr\u0131nt\u0131y\u0131 ka\u00e7\u0131rmadan resmin tamam\u0131n\u0131 g\u00f6r\u00fcn.<\/p>\n<p>Sorunsuz Kullan\u0131c\u0131 Aray\u00fcz\u00fc<br \/>\nYeni bir entegre kullan\u0131c\u0131 aray\u00fcz\u00fc, geni\u015f, yak\u0131nla\u015ft\u0131rma ve termal kamera g\u00f6r\u00fcn\u00fcmleri aras\u0131nda h\u0131zl\u0131 bir \u015fekilde ge\u00e7i\u015f yapman\u0131z\u0131 ve geni\u015f veya termal kamera g\u00f6r\u00fcn\u00fcm\u00fcndeyken yak\u0131nla\u015ft\u0131rma FOV&#8217;unu \u00f6nizlemenizi sa\u011flar.<\/p>\n<p>Y\u00fcksek \u00c7\u00f6z\u00fcn\u00fcrl\u00fckl\u00fc Izgara Foto\u011fraf\u0131<br \/>\nGeni\u015f kamera g\u00f6r\u00fcn\u00fcm\u00fcnde bir ilgi alan\u0131 \u00e7er\u00e7eveleyin ve yak\u0131nla\u015ft\u0131rma kameras\u0131 otomatik olarak alan\u0131n 20 MP&#8217;lik bir dizi g\u00f6r\u00fcnt\u00fcs\u00fcn\u00fc yakalayacakt\u0131r. Bu g\u00f6r\u00fcnt\u00fcler, daha ayr\u0131nt\u0131l\u0131 olarak g\u00f6r\u00fcnt\u00fclenebilen bir genel bak\u0131\u015f g\u00f6r\u00fcnt\u00fcs\u00fc ile birlikte saklan\u0131r.<\/p>\n<p>PinPoint<br \/>\nH\u0131zl\u0131 bir dokunu\u015f, g\u00f6r\u00fcn\u00fcmdeki bir nesneyi i\u015faretler, geli\u015fmi\u015f sens\u00f6r birle\u015ftirme algoritmalar\u0131 koordinatlar\u0131n\u0131 an\u0131nda iletir.<\/p>\n<p>Ak\u0131ll\u0131 Takip (Smart Track)<br \/>\nOtomatik yak\u0131nla\u015ft\u0131rma i\u015fleviyle insanlar, ara\u00e7lar ve tekneler gibi hareketli nesneleri tan\u0131mlay\u0131n ve takip edin ve ayn\u0131 zamanda nesnenin dinamik konumunu s\u00fcrekli olarak al\u0131n.<\/p>\n<p>Do\u011fru S\u0131cakl\u0131k \u00d6l\u00e7\u00fcm\u00fc<br \/>\nHavadan hassas bir s\u0131cakl\u0131k okumas\u0131 alarak herhangi bir riski ortadan kald\u0131rmak i\u00e7in bir sahan\u0131n veya bir varl\u0131\u011f\u0131n s\u0131cakl\u0131\u011f\u0131n\u0131 izleyin.<\/p>\n<p>S\u0131cakl\u0131k Alarm\u0131<br \/>\nNesne s\u0131cakl\u0131klar\u0131 \u00f6nceden ayarlanm\u0131\u015f uyar\u0131 de\u011ferlerinizi a\u015ft\u0131\u011f\u0131nda DJI Pilot&#8217;ta an\u0131nda bildirim al\u0131n.<\/p>\n<p>\u0130zotermler<br \/>\nNeyin \u00f6nemli oldu\u011funu bulmak i\u00e7in belirli bir s\u0131cakl\u0131k aral\u0131\u011f\u0131n\u0131 g\u00f6rselle\u015ftirin.<\/p>\n<p>Renk Paletleri<br \/>\nTermal verilere uygulanan renkleri belirli senaryolar\u0131n ihtiya\u00e7lar\u0131na g\u00f6re ayarlay\u0131n.<\/p>\n<p>Kazan\u00e7 Modlar\u0131<br \/>\nYakalanan s\u0131cakl\u0131k aral\u0131\u011f\u0131n\u0131 de\u011fi\u015ftirmek i\u00e7in kazan\u00e7 modlar\u0131n\u0131 ayarlay\u0131n: Y\u00fcksek Kazan\u0131m Modu daha k\u00fc\u00e7\u00fck bir s\u0131cakl\u0131k aral\u0131\u011f\u0131n\u0131 kapsar ancak s\u0131cakl\u0131k farkl\u0131l\u0131klar\u0131na kar\u015f\u0131 daha hassast\u0131r; D\u00fc\u015f\u00fck Kazan\u00e7 Modu, daha geni\u015f bir s\u0131cakl\u0131k aral\u0131\u011f\u0131n\u0131 kapsar.<\/p>\n<p>R-JPEG G\u00f6r\u00fcnt\u00fcler<br \/>\nZenmuse H20T taraf\u0131ndan yakalanan g\u00f6r\u00fcnt\u00fcler, g\u00f6m\u00fcl\u00fc s\u0131cakl\u0131k bilgileriyle birlikte R-JPEG format\u0131ndad\u0131r. Bu g\u00f6r\u00fcnt\u00fcleri DJI Thermal Analysis Tool&#8217;a aktararak s\u0131cakl\u0131\u011f\u0131 \u00f6l\u00e7ebilir ve Emisivite ve Yans\u0131yan S\u0131cakl\u0131k gibi parametreleri ayarlayabilirsiniz.<\/p>\n<p>&nbsp;<\/p>\n<p>&nbsp;<\/p>\n<p>Teknik \u00d6zellikler<\/p>\n<hr \/>\n<p>Mesafeyi Kapatmak<\/p>\n<ul>\n<li>G\u00fc\u00e7l\u00fc Yak\u0131nla\u015ft\u0131rma Kameras\u0131<\/li>\n<li>23 \u00d7 Hibrit Optik Zoom, 200 \u00d7 Maksimum Yak\u0131nla\u015ft\u0131rma<\/li>\n<li>20 MP 1 \/ 1.7 \u201dCMOS Sens\u00f6r<\/li>\n<li>Video \u00c7\u00f6z\u00fcn\u00fcrl\u00fc\u011f\u00fc: 4K \/ 30fps<\/li>\n<\/ul>\n<p>G\u00f6r\u00fcn\u00fcmdeki Her \u015eey<\/p>\n<ul>\n<li>Geni\u015f Kamera<\/li>\n<li>E\u015fde\u011fer Odak Uzunlu\u011fu: 24 mm, DFOV: 82,9 \u00b0<\/li>\n<li>12 MP 1 \/ 2.3 \u201dCMOS Sens\u00f6r<\/li>\n<\/ul>\n<p>Kesin Mesafe Verileri<\/p>\n<ul>\n<li>Lazer menzil bulucu<\/li>\n<li>Aral\u0131k: 3 m &#8211; 1200 m<\/li>\n<li>Do\u011fruluk: \u00b1 (0,2 m + D \u00d7% 0,15)<\/li>\n<li>G\u00f6r\u00fcnmeyeni G\u00f6r<\/li>\n<li>Radyometrik Termal Kamera<\/li>\n<li>DFOV: 40.6 \u00b0<\/li>\n<li>\u00c7\u00f6z\u00fcn\u00fcrl\u00fck: 640 \u00d7 512, Kare H\u0131z\u0131: 30 fps<\/li>\n<li>Termal Hassasiyet: \u2264 50mk@f<\/li>\n<\/ul>\n","protected":false},"excerpt":{"rendered":"<p>G\u00dcC\u00dc SERBEST BIRAKIN H\u0130BR\u0130T \u0130\u00c7\u0130N &#8221;H&#8221; G\u00f6rev verimlili\u011fine yepyeni bir anlam getiren \u00e7ok sens\u00f6rl\u00fc y\u00fckler, e\u015fsiz zeka ve entegre tasar\u0131m, Ticari drone uygulamalar\u0131 i\u00e7in benzeri g\u00f6r\u00fclmemi\u015f havadan g\u00f6r\u00fcnt\u00fcleme yetenekleri&#8230; DJI&#8217; \u0131n ilk hibrit sens\u00f6r \u00e7\u00f6z\u00fcm\u00fc. \u00c7oklu Sens\u00f6r Y\u00fckleri G\u00f6reviniz nerede ve ne zaman ger\u00e7ekle\u015firse ger\u00e7ekle\u015fsin hi\u00e7bir ayr\u0131nt\u0131y\u0131 ka\u00e7\u0131rmadan resmin tamam\u0131n\u0131 g\u00f6r\u00fcn. Sorunsuz Kullan\u0131c\u0131 Aray\u00fcz\u00fc Yeni&#8230;<\/p>\n","protected":false},"featured_media":9940,"comment_status":"open","ping_status":"closed","template":"","meta":[],"product_cat":[304],"product_tag":[],"_links":{"self":[{"href":"https:\/\/soleilsky.com.tr\/shop\/wp-json\/wp\/v2\/product\/9938"}],"collection":[{"href":"https:\/\/soleilsky.com.tr\/shop\/wp-json\/wp\/v2\/product"}],"about":[{"href":"https:\/\/soleilsky.com.tr\/shop\/wp-json\/wp\/v2\/types\/product"}],"replies":[{"embeddable":true,"href":"https:\/\/soleilsky.com.tr\/shop\/wp-json\/wp\/v2\/comments?post=9938"}],"wp:featuredmedia":[{"embeddable":true,"href":"https:\/\/soleilsky.com.tr\/shop\/wp-json\/wp\/v2\/media\/9940"}],"wp:attachment":[{"href":"https:\/\/soleilsky.com.tr\/shop\/wp-json\/wp\/v2\/media?parent=9938"}],"wp:term":[{"taxonomy":"product_cat","embeddable":true,"href":"https:\/\/soleilsky.com.tr\/shop\/wp-json\/wp\/v2\/product_cat?post=9938"},{"taxonomy":"product_tag","embeddable":true,"href":"https:\/\/soleilsky.com.tr\/shop\/wp-json\/wp\/v2\/product_tag?post=9938"}],"curies":[{"name":"wp","href":"https:\/\/api.w.org\/{rel}","templated":true}]}}